{"id":2008395,"date":"2022-02-03T13:50:11","date_gmt":"2022-02-03T13:50:11","guid":{"rendered":"https:\/\/theorytest.ie\/?page_id=2008395"},"modified":"2025-02-20T16:02:40","modified_gmt":"2025-02-20T16:02:40","slug":"id-requirements","status":"publish","type":"page","link":"https:\/\/theorytest.ie\/ga\/general-information\/id-requirements\/","title":{"rendered":"Riachtanais Aitheantais"},"content":{"rendered":"<div data-elementor-type=\"wp-post\" data-elementor-id=\"2008395\" class=\"elementor elementor-2008395\" data-elementor-post-type=\"page\">\n\t\t\t\t\t\t<section class=\"elementor-section elementor-top-section elementor-element elementor-element-57729f0e elementor-section-boxed elementor-section-height-default elementor-section-height-default\" data-id=\"57729f0e\" data-element_type=\"section\" data-e-type=\"section\">\n\t\t\t\t\t\t<div class=\"elementor-container elementor-column-gap-no\">\n\t\t\t\t\t<div class=\"elementor-column elementor-col-100 elementor-top-column elementor-element elementor-element-186088a6\" data-id=\"186088a6\" data-element_type=\"column\" data-e-type=\"column\" data-settings=\"{&quot;background_background&quot;:&quot;classic&quot;}\">\n\t\t\t<div class=\"elementor-widget-wrap elementor-element-populated\">\n\t\t\t\t\t\t<section class=\"elementor-section elementor-inner-section elementor-element elementor-element-63307d9e elementor-section-height-min-height elementor-section-content-middle elementor-hidden-mobile elementor-section-boxed elementor-section-height-default\" data-id=\"63307d9e\" data-element_type=\"section\" data-e-type=\"section\" data-settings=\"{&quot;background_background&quot;:&quot;classic&quot;}\">\n\t\t\t\t\t\t\t<div class=\"elementor-background-overlay\"><\/div>\n\t\t\t\t\t\t\t<div class=\"elementor-container elementor-column-gap-no\">\n\t\t\t\t\t<div class=\"elementor-column elementor-col-100 elementor-inner-column elementor-element elementor-element-282b3d2\" data-id=\"282b3d2\" data-element_type=\"column\" data-e-type=\"column\">\n\t\t\t<div class=\"elementor-widget-wrap elementor-element-populated\">\n\t\t\t\t\t\t<div class=\"elementor-element elementor-element-5a8b5eb6 elementor-widget elementor-widget-heading\" data-id=\"5a8b5eb6\" data-element_type=\"widget\" data-e-type=\"widget\" data-widget_type=\"heading.default\">\n\t\t\t\t<div class=\"elementor-widget-container\">\n\t\t\t\t\t<p class=\"elementor-heading-title elementor-size-default\">T\u00c1ST\u00c1IL TEOIRICE TIOM\u00c1NA OIFIGI\u00daIL AN RSA<\/p>\t\t\t\t<\/div>\n\t\t\t\t<\/div>\n\t\t\t\t<div class=\"elementor-element elementor-element-53c57515 elementor-widget elementor-widget-heading\" data-id=\"53c57515\" data-element_type=\"widget\" data-e-type=\"widget\" data-widget_type=\"heading.default\">\n\t\t\t\t<div class=\"elementor-widget-container\">\n\t\t\t\t\t<h1 class=\"elementor-heading-title elementor-size-default\">Riachtanais Aitheantais<\/h1>\t\t\t\t<\/div>\n\t\t\t\t<\/div>\n\t\t\t\t\t<\/div>\n\t\t<\/div>\n\t\t\t\t\t<\/div>\n\t\t<\/section>\n\t\t\t\t\t<\/div>\n\t\t<\/div>\n\t\t\t\t\t<\/div>\n\t\t<\/section>\n\t\t\t\t<section class=\"elementor-section elementor-top-section elementor-element elementor-element-478b627f elementor-section-boxed elementor-section-height-default elementor-section-height-default\" data-id=\"478b627f\" data-element_type=\"section\" data-e-type=\"section\">\n\t\t\t\t\t\t<div class=\"elementor-container elementor-column-gap-no\">\n\t\t\t\t\t<div class=\"elementor-column elementor-col-100 elementor-top-column elementor-element elementor-element-68bbb8b5\" data-id=\"68bbb8b5\" data-element_type=\"column\" data-e-type=\"column\" data-settings=\"{&quot;background_background&quot;:&quot;classic&quot;}\">\n\t\t\t<div class=\"elementor-widget-wrap elementor-element-populated\">\n\t\t\t\t\t\t<div class=\"elementor-element elementor-element-1bec946d elementor-widget elementor-widget-heading\" data-id=\"1bec946d\" data-element_type=\"widget\" data-e-type=\"widget\" data-widget_type=\"heading.default\">\n\t\t\t\t<div class=\"elementor-widget-container\">\n\t\t\t\t\t<h2 class=\"elementor-heading-title elementor-size-default\">Cad iad na Riachtanais Aitheantais le haghaidh T\u00e1st\u00e1lacha Teoiricie Tiom\u00e1na?<\/h2>\t\t\t\t<\/div>\n\t\t\t\t<\/div>\n\t\t\t\t<div class=\"elementor-element elementor-element-717d31aa elementor-alert-danger elementor-widget elementor-widget-alert\" data-id=\"717d31aa\" data-element_type=\"widget\" data-e-type=\"widget\" data-widget_type=\"alert.default\">\n\t\t\t\t<div class=\"elementor-widget-container\">\n\t\t\t\t\t\t\t<div class=\"elementor-alert\" role=\"alert\">\n\n\t\t\t\t\t\t<span class=\"elementor-alert-title\">Tabhair faoi deara: <\/span>\n\t\t\t\n\t\t\t\t\t\t<span class=\"elementor-alert-description\">Mura dtugann t\u00fa aitheantas ceart n\u00ed bheidh t\u00fa in ann t\u00e1st\u00e1il a dh\u00e9anamh agus caillfidh t\u00fa do th\u00e1ille t\u00e1st\u00e1la. \n<br><strong>Caithfidh an t-ainm ar d'aitheantas a bheith d\u00edreach mar an gc\u00e9anna leis an ainm ar d'\u00e1irithint.<\/strong><\/span>\n\t\t\t\n\t\t\t\n\t\t<\/div>\n\t\t\t\t\t\t<\/div>\n\t\t\t\t<\/div>\n\t\t\t\t<div class=\"elementor-element elementor-element-276d7f58 elementor-widget elementor-widget-text-editor\" data-id=\"276d7f58\" data-element_type=\"widget\" data-e-type=\"widget\" data-widget_type=\"text-editor.default\">\n\t\t\t\t<div class=\"elementor-widget-container\">\n\t\t\t\t\t\t\t\t\t<p>Iarraimid ort teacht 30 n\u00f3im\u00e9ad roimh am do th\u00e1st\u00e1la le go mbeidh deis agat cl\u00e1r\u00fa isteach. N\u00ed ghlacfaimid ach le <strong>le ceann<\/strong> amh\u00e1in de na cine\u00e1lacha aitheantais seo a leanas <strong>(C\u00f3ip chrua amh\u00e1in - n\u00edl f\u00f3tach\u00f3ip\/picti\u00fair aitheantais inghlactha):<\/strong><\/p><h3>Gach Catag\u00f3ir T\u00e1st\u00e1la<\/h3><ul><li>C\u00e1rta Seirbhis\u00ed Poibl\u00ed (le grianghraf)<\/li><li>Pas (bail\u00ed f\u00e1 choinne taisteal idirn\u00e1isi\u00fanta amh\u00e1in n\u00f3 uasmh\u00e9id de dh\u00e1 mh\u00ed d\u00e9ag as feidhm)<\/li><li>C\u00e1rta Pas \u00c9ireannach (bail\u00ed f\u00e1 choinne taisteal idirn\u00e1isi\u00fanta, nach bhfuil caite agus at\u00e1 d\u00f3igh mhaith air)<\/li><li>C\u00e1rta Aitheantais N\u00e1isi\u00fanta \u00f3 Bhallst\u00e1it AE\/LEE n\u00f3 \u00f3n Eilv\u00e9is<\/li><li>Cead\u00fanas foghlaimeora \u00c9ireannach catag\u00f3ir B (Carr) n\u00f3 catag\u00f3ir A (Gluaisrothar) n\u00f3 L\u00e1nchead\u00fanas tiom\u00e1na (bail\u00ed agus i riocht maith).<\/li><li>Doicim\u00e9ad Taistil \u00c9ireannach (le haghaidh tuilleadh eolais f\u00e9ach an <a href=\"https:\/\/www.citizensinformation.ie\/en\/moving_country\/asylum_seekers_and_refugees\/refugee_status_and_leave_to_remain\/travel_documents_for_refugees.html\" target=\"_blank\" rel=\"noopener\">L\u00e1ithre\u00e1n Gr\u00e9as\u00e1in um Fhaisn\u00e9is do Shaor\u00e1naigh<\/a>)<\/li><li>Cead\u00fanas tiom\u00e1na reatha \u00dacr\u00e1in<\/li><\/ul><h3>Riachtanas teidl\u00edochta c\u00f3naithe chun iarratas a dh\u00e9anamh ar Chead\u00fanas Foghlaimeora n\u00f3 ar Chead\u00fanas Tiom\u00e1na<\/h3><p>N\u00ed m\u00f3r duit a bheith in ann a chruth\u00fa go bhfuil d\u2019\u00e1it bhreithe n\u00f3 do n\u00e1isi\u00fantacht laistigh den Aontas Eorpach \/ den Limist\u00e9ar Eorpach Eacnama\u00edoch \/ den Eilv\u00e9is \/ den R\u00edocht Aontaithe \/ de Thuaisceart \u00c9ireann, n\u00f3 go bhfuil cead fanachta agat in \u00c9irinn le bheith inch\u00e1ilithe chun iarratas a dh\u00e9anamh ar chead\u00fanas foghlaimeora n\u00f3 ar chead\u00fanas tiom\u00e1na.<\/p><p>L\u00e9igh <a href=\"https:\/\/www.ndls.ie\/identity-validation.html#evidence-of-residency-entitlement\" target=\"_blank\" rel=\"noopener\">full list of documents<\/a> which can be accepted as evidence of residency entitlement to apply for a learner permit or driving licence.<\/p><h3>Catag\u00f3ir T\u00e1st\u00e1la C &amp; D<\/h3><p>Chomh maith leis an riachtanas aitheantais a bhfuil sonra\u00ed ina leith thuasluaite, n\u00ed m\u00f3r d'iarrth\u00f3ir\u00ed ar Chatag\u00f3ir T\u00e1st\u00e1la Bus (D) &amp; Trucaile (C) an m\u00e9id seo a leanas a thabhairt leo freisin:<\/p><ul><li>Cead\u00fanas Tiom\u00e1na \u00c9ireannach ioml\u00e1n reatha de Chatag\u00f3ir B (n\u00f3 ceann \u00f3 bhallst\u00e1t den AE\/LEE n\u00f3 \u00f3n Eilv\u00e9is n\u00f3 \u00f3n \u00dacr\u00e1in) <strong>N\u00d3<\/strong><\/li><li>Cead\u00fanas Foghlaimeora \u00c9ireannach reatha Chatag\u00f3ir C n\u00f3 D (m\u00e1s infheidhme)<\/li><li>Cead\u00fanas Tiom\u00e1na \u00c9ireannach ioml\u00e1n reatha de Chatag\u00f3ir C n\u00f3 D (n\u00f3 ceann \u00f3 bhallst\u00e1t den AE\/LEE n\u00f3 \u00f3n Eilv\u00e9is n\u00f3 \u00f3n \u00dacr\u00e1in) (m\u00e1s infheidhme)<\/li><\/ul><h3>Catag\u00f3ir T\u00e1st\u00e1la Scr\u00fad\u00fa C\u00e1s-Staid\u00e9ir CPC Bus n\u00f3 Trucail<\/h3><p>Chomh maith leis an riachtanas aitheantais a bhfuil sonra\u00ed ina leith thuasluaite, n\u00ed m\u00f3r d'iarrth\u00f3ir\u00ed ar Chatag\u00f3ir T\u00e1st\u00e1la Bus (D) &amp; Trucaile (C) an m\u00e9id seo a leanas a thabhairt leo freisin:<\/p><ul><li>Cead\u00fanas Tiom\u00e1na \u00c9ireannach ioml\u00e1n reatha de Chatag\u00f3ir B (n\u00f3 ceann \u00f3 bhallst\u00e1t den AE\/LEE n\u00f3 \u00f3n Eilv\u00e9is n\u00f3 \u00f3n \u00dacr\u00e1in) <strong>N\u00d3<\/strong><\/li><li>Cead\u00fanas Foghlaimeora \u00c9ireannach reatha Chatag\u00f3ir C n\u00f3 D (m\u00e1s infheidhme)<\/li><li>Cead\u00fanas Tiom\u00e1na \u00c9ireannach ioml\u00e1n reatha de Chatag\u00f3ir C n\u00f3 D (n\u00f3 ceann \u00f3 bhallst\u00e1t den AE\/LEE n\u00f3 \u00f3n Eilv\u00e9is n\u00f3 \u00f3n \u00dacr\u00e1in) (m\u00e1s infheidhme)<\/li><\/ul>\t\t\t\t\t\t\t\t<\/div>\n\t\t\t\t<\/div>\n\t\t\t\t\t<\/div>\n\t\t<\/div>\n\t\t\t\t\t<\/div>\n\t\t<\/section>\n\t\t\t\t<\/div>","protected":false},"excerpt":{"rendered":"<p>Tuig na ceanglais aitheantais chruinne at\u00e1 riachtanach do gach catag\u00f3ir den T\u00e1st\u00e1il Teoirice Tiom\u00e1na. Foghlaim c\u00e9 na cine\u00e1lacha aitheantais at\u00e1 bail\u00ed agus inghlactha ionas go mbeidh t\u00fa in ann do Th\u00e1st\u00e1il a dh\u00e9anamh.<\/p>","protected":false},"author":1,"featured_media":0,"parent":3330,"menu_order":0,"comment_status":"closed","ping_status":"closed","template":"","meta":{"ocean_post_layout":"","ocean_both_sidebars_style":"","ocean_both_sidebars_content_width":0,"ocean_both_sidebars_sidebars_width":0,"ocean_sidebar":"0","ocean_second_sidebar":"0","ocean_disable_margins":"enable","ocean_add_body_class":"","ocean_shortcode_before_top_bar":"","ocean_shortcode_after_top_bar":"","ocean_shortcode_before_header":"","ocean_shortcode_after_header":"","ocean_has_shortcode":"","ocean_shortcode_after_title":"","ocean_shortcode_before_footer_widgets":"","ocean_shortcode_after_footer_widgets":"","ocean_shortcode_before_footer_bottom":"","ocean_shortcode_after_footer_bottom":"","ocean_display_top_bar":"default","ocean_display_header":"default","ocean_header_style":"","ocean_center_header_left_menu":"0","ocean_custom_header_template":"0","ocean_custom_logo":0,"ocean_custom_retina_logo":0,"ocean_custom_logo_max_width":0,"ocean_custom_logo_tablet_max_width":0,"ocean_custom_logo_mobile_max_width":0,"ocean_custom_logo_max_height":0,"ocean_custom_logo_tablet_max_height":0,"ocean_custom_logo_mobile_max_height":0,"ocean_header_custom_menu":"0","ocean_menu_typo_font_family":"0","ocean_menu_typo_font_subset":"","ocean_menu_typo_font_size":0,"ocean_menu_typo_font_size_tablet":0,"ocean_menu_typo_font_size_mobile":0,"ocean_menu_typo_font_size_unit":"px","ocean_menu_typo_font_weight":"","ocean_menu_typo_font_weight_tablet":"","ocean_menu_typo_font_weight_mobile":"","ocean_menu_typo_transform":"","ocean_menu_typo_transform_tablet":"","ocean_menu_typo_transform_mobile":"","ocean_menu_typo_line_height":0,"ocean_menu_typo_line_height_tablet":0,"ocean_menu_typo_line_height_mobile":0,"ocean_menu_typo_line_height_unit":"","ocean_menu_typo_spacing":0,"ocean_menu_typo_spacing_tablet":0,"ocean_menu_typo_spacing_mobile":0,"ocean_menu_typo_spacing_unit":"","ocean_menu_link_color":"","ocean_menu_link_color_hover":"","ocean_menu_link_color_active":"","ocean_menu_link_background":"","ocean_menu_link_hover_background":"","ocean_menu_link_active_background":"","ocean_menu_social_links_bg":"","ocean_menu_social_hover_links_bg":"","ocean_menu_social_links_color":"","ocean_menu_social_hover_links_color":"","ocean_disable_title":"default","ocean_disable_heading":"default","ocean_post_title":"","ocean_post_subheading":"","ocean_post_title_style":"","ocean_post_title_background_color":"","ocean_post_title_background":0,"ocean_post_title_bg_image_position":"","ocean_post_title_bg_image_attachment":"","ocean_post_title_bg_image_repeat":"","ocean_post_title_bg_image_size":"","ocean_post_title_height":0,"ocean_post_title_bg_overlay":0.5,"ocean_post_title_bg_overlay_color":"","ocean_disable_breadcrumbs":"default","ocean_breadcrumbs_color":"","ocean_breadcrumbs_separator_color":"","ocean_breadcrumbs_links_color":"","ocean_breadcrumbs_links_hover_color":"","ocean_display_footer_widgets":"default","ocean_display_footer_bottom":"default","ocean_custom_footer_template":"0","footnotes":""},"class_list":["post-2008395","page","type-page","status-publish","hentry","entry"],"_links":{"self":[{"href":"https:\/\/theorytest.ie\/ga\/wp-json\/wp\/v2\/pages\/2008395","targetHints":{"allow":["GET"]}}],"collection":[{"href":"https:\/\/theorytest.ie\/ga\/wp-json\/wp\/v2\/pages"}],"about":[{"href":"https:\/\/theorytest.ie\/ga\/wp-json\/wp\/v2\/types\/page"}],"author":[{"embeddable":true,"href":"https:\/\/theorytest.ie\/ga\/wp-json\/wp\/v2\/users\/1"}],"replies":[{"embeddable":true,"href":"https:\/\/theorytest.ie\/ga\/wp-json\/wp\/v2\/comments?post=2008395"}],"version-history":[{"count":0,"href":"https:\/\/theorytest.ie\/ga\/wp-json\/wp\/v2\/pages\/2008395\/revisions"}],"up":[{"embeddable":true,"href":"https:\/\/theorytest.ie\/ga\/wp-json\/wp\/v2\/pages\/3330"}],"wp:attachment":[{"href":"https:\/\/theorytest.ie\/ga\/wp-json\/wp\/v2\/media?parent=2008395"}],"curies":[{"name":"wp","href":"https:\/\/api.w.org\/{rel}","templated":true}]}}