{"id":2008430,"date":"2022-02-03T20:47:12","date_gmt":"2022-02-03T20:47:12","guid":{"rendered":"https:\/\/theorytest.ie\/?page_id=2008430"},"modified":"2025-04-22T12:44:14","modified_gmt":"2025-04-22T12:44:14","slug":"test-centre-locations","status":"publish","type":"page","link":"https:\/\/theorytest.ie\/ga\/book-your-theory-test\/test-centre-locations\/","title":{"rendered":"L\u00e1ithreacha na nIonad T\u00e1st\u00e1la"},"content":{"rendered":"<div data-elementor-type=\"wp-post\" data-elementor-id=\"2008430\" class=\"elementor elementor-2008430\" data-elementor-post-type=\"page\">\n\t\t\t\t\t\t<section class=\"elementor-section elementor-top-section elementor-element elementor-element-2123ce94 elementor-section-height-min-height elementor-section-boxed elementor-section-height-default elementor-section-items-middle\" data-id=\"2123ce94\" data-element_type=\"section\" data-e-type=\"section\" data-settings=\"{&quot;background_background&quot;:&quot;classic&quot;}\">\n\t\t\t\t\t\t\t<div class=\"elementor-background-overlay\"><\/div>\n\t\t\t\t\t\t\t<div class=\"elementor-container elementor-column-gap-default\">\n\t\t\t\t\t<div class=\"elementor-column elementor-col-100 elementor-top-column elementor-element elementor-element-6beadfc\" data-id=\"6beadfc\" data-element_type=\"column\" data-e-type=\"column\">\n\t\t\t<div class=\"elementor-widget-wrap elementor-element-populated\">\n\t\t\t\t\t\t<section class=\"elementor-section elementor-inner-section elementor-element elementor-element-57977b87 elementor-section-boxed elementor-section-height-default elementor-section-height-default\" data-id=\"57977b87\" data-element_type=\"section\" data-e-type=\"section\">\n\t\t\t\t\t\t<div class=\"elementor-container elementor-column-gap-default\">\n\t\t\t\t\t<div class=\"elementor-column elementor-col-100 elementor-inner-column elementor-element elementor-element-1f7f5719\" data-id=\"1f7f5719\" data-element_type=\"column\" data-e-type=\"column\" data-settings=\"{&quot;background_background&quot;:&quot;classic&quot;}\">\n\t\t\t<div class=\"elementor-widget-wrap elementor-element-populated\">\n\t\t\t\t\t\t<div class=\"elementor-element elementor-element-7fc88255 elementor-widget elementor-widget-heading\" data-id=\"7fc88255\" data-element_type=\"widget\" data-e-type=\"widget\" data-widget_type=\"heading.default\">\n\t\t\t\t<div class=\"elementor-widget-container\">\n\t\t\t\t\t<p class=\"elementor-heading-title elementor-size-default\">Aimsigh an tIonad T\u00e1st\u00e1la is gaire duit<\/p>\t\t\t\t<\/div>\n\t\t\t\t<\/div>\n\t\t\t\t<div class=\"elementor-element elementor-element-2a751f79 elementor-widget elementor-widget-heading\" data-id=\"2a751f79\" data-element_type=\"widget\" data-e-type=\"widget\" data-widget_type=\"heading.default\">\n\t\t\t\t<div class=\"elementor-widget-container\">\n\t\t\t\t\t<h1 class=\"elementor-heading-title elementor-size-default\">L\u00e1ithreacha na nIonad T\u00e1st\u00e1la<\/h1>\t\t\t\t<\/div>\n\t\t\t\t<\/div>\n\t\t\t\t\t<\/div>\n\t\t<\/div>\n\t\t\t\t\t<\/div>\n\t\t<\/section>\n\t\t\t\t\t<\/div>\n\t\t<\/div>\n\t\t\t\t\t<\/div>\n\t\t<\/section>\n\t\t\t\t<section class=\"elementor-section elementor-top-section elementor-element elementor-element-3a7e5da6 elementor-section-boxed elementor-section-height-default elementor-section-height-default\" data-id=\"3a7e5da6\" data-element_type=\"section\" data-e-type=\"section\" data-settings=\"{&quot;background_background&quot;:&quot;classic&quot;}\">\n\t\t\t\t\t\t<div class=\"elementor-container elementor-column-gap-default\">\n\t\t\t\t\t<div class=\"elementor-column elementor-col-100 elementor-top-column elementor-element elementor-element-e6b332a\" data-id=\"e6b332a\" data-element_type=\"column\" data-e-type=\"column\">\n\t\t\t<div class=\"elementor-widget-wrap elementor-element-populated\">\n\t\t\t\t\t\t<section class=\"elementor-section elementor-inner-section elementor-element elementor-element-5ea9074 elementor-section-boxed elementor-section-height-default elementor-section-height-default\" data-id=\"5ea9074\" data-element_type=\"section\" data-e-type=\"section\">\n\t\t\t\t\t\t<div class=\"elementor-container elementor-column-gap-default\">\n\t\t\t\t\t<div class=\"elementor-column elementor-col-100 elementor-inner-column elementor-element elementor-element-5f9a35cb\" data-id=\"5f9a35cb\" data-element_type=\"column\" data-e-type=\"column\" data-settings=\"{&quot;background_background&quot;:&quot;classic&quot;}\">\n\t\t\t<div class=\"elementor-widget-wrap elementor-element-populated\">\n\t\t\t\t\t\t<div class=\"elementor-element elementor-element-1eb5a37a elementor-widget elementor-widget-breadcrumbs\" data-id=\"1eb5a37a\" data-element_type=\"widget\" data-e-type=\"widget\" data-widget_type=\"breadcrumbs.default\">\n\t\t\t\t<div class=\"elementor-widget-container\">\n\t\t\t\t\t<p id=\"breadcrumbs\">\tT\u00e1 t\u00fa anseo:\n<span><span><a href=\"https:\/\/theorytest.ie\/ga\/\">Baile<\/a><\/span><\/span><\/p>\t\t\t\t<\/div>\n\t\t\t\t<\/div>\n\t\t\t\t<div class=\"elementor-element elementor-element-2473af64 elementor-widget elementor-widget-heading\" data-id=\"2473af64\" data-element_type=\"widget\" data-e-type=\"widget\" data-widget_type=\"heading.default\">\n\t\t\t\t<div class=\"elementor-widget-container\">\n\t\t\t\t\t<h2 class=\"elementor-heading-title elementor-size-default\">Aimsigh and L\u00e1rionad T\u00e1st\u00e1la is gaire duit\u00a0<\/h2>\t\t\t\t<\/div>\n\t\t\t\t<\/div>\n\t\t\t\t\t<\/div>\n\t\t<\/div>\n\t\t\t\t\t<\/div>\n\t\t<\/section>\n\t\t\t\t<section class=\"elementor-section elementor-inner-section elementor-element elementor-element-7dc35f3b elementor-section-boxed elementor-section-height-default elementor-section-height-default\" data-id=\"7dc35f3b\" data-element_type=\"section\" data-e-type=\"section\">\n\t\t\t\t\t\t<div class=\"elementor-container elementor-column-gap-default\">\n\t\t\t\t\t<div class=\"elementor-column elementor-col-100 elementor-inner-column elementor-element elementor-element-29c46b7\" data-id=\"29c46b7\" data-element_type=\"column\" data-e-type=\"column\" data-settings=\"{&quot;background_background&quot;:&quot;classic&quot;}\">\n\t\t\t<div class=\"elementor-widget-wrap elementor-element-populated\">\n\t\t\t\t\t\t<div class=\"elementor-element elementor-element-688e717 elementor-widget elementor-widget-text-editor\" data-id=\"688e717\" data-element_type=\"widget\" data-e-type=\"widget\" data-widget_type=\"text-editor.default\">\n\t\t\t\t<div class=\"elementor-widget-container\">\n\t\t\t\t\t\t\t\t\t<p><strong>T\u00e1 breis is daichead ionad T\u00e1st\u00e1la Teoirice Tiom\u00e1na ar fud Phoblacht na h\u00c9ireann. <\/strong><\/p><p>Le linn do phr\u00f3iseas \u00e1irthinte, is f\u00e9idir leat Ionad T\u00e1st\u00e1la a roghn\u00fa is \u00e1isi\u00fala.<\/p>\t\t\t\t\t\t\t\t<\/div>\n\t\t\t\t<\/div>\n\t\t\t\t<div class=\"elementor-element elementor-element-6edcc60 elementor-widget elementor-widget-text-editor\" data-id=\"6edcc60\" data-element_type=\"widget\" data-e-type=\"widget\" data-widget_type=\"text-editor.default\">\n\t\t\t\t<div class=\"elementor-widget-container\">\n\t\t\t\t\t\t\t\t\t<h4>Co. Cheatharlach<\/h4><ul><li>Ionad T\u00e1st\u00e1la Cheatharlach, Aonad 4 Teach Centaur, Sr\u00e1id San Eoin, Ceatharlach, R93 V5R3<\/li><\/ul><h4>Co. Chabh\u00e1in<\/h4><ul><li>Ionad T\u00e1st\u00e1la an Chabh\u00e1in, Aonad B6 Url\u00e1r na Tal\u00fan, P\u00e1irc Ghn\u00f3 Chorlurgan, An Cabh\u00e1n, H12 DP86<\/li><\/ul><h4>Co. an Chl\u00e1ir<\/h4><ul><li>Ionad T\u00e1st\u00e1la Inis, Sr\u00e1id an Arbhair, Inis V95 P76E<\/li><\/ul><h4>Co. Chorca\u00ed<\/h4><ul><li>Ionad T\u00e1st\u00e1la an R\u00e1tha, An Phr\u00edomhshr\u00e1id, An R\u00e1th, P56 X443<\/li><li>Ionad T\u00e1st\u00e1la Chorca\u00ed, Aonad 2, Na St\u00e1bla\u00ed, Sr\u00e1id Alfred, Cathair Chorca\u00ed, T23 NW62<\/li><li>Ionad T\u00e1st\u00e1la Mhaigh Chromtha, Glenview Motors, Ard na Croise, Cluain Droichead, P12 TX88<\/li><li>Ionad T\u00e1st\u00e1la an Sciobair\u00edn, 67 An tSr\u00e1id Thuaidh, P81 XR90<\/li><li>Ionad T\u00e1st\u00e1la Eochaill, C\u00fairt na M\u00edlaoise, Poll and tSionnaigh, P36 E864<\/li><\/ul><h4>Co. Dh\u00fan na nGall<\/h4><ul><li>Ionad T\u00e1st\u00e1la Dh\u00fan na nGall, Aonad 5, Carrchl\u00f3s na Pr\u00edomhshr\u00e1ide, An Phr\u00edomhshr\u00e1id, Baile Dh\u00fan na nGall, F94 YH34<\/li><li>Ionad T\u00e1st\u00e1la Leitir Ceanainn, An Ch\u00e9ad Url\u00e1r, 10-12 An Phr\u00edomhshr\u00e1id Uachtarach, Leitir Ceanainn, F92 HR9W<\/li><\/ul><h4>Co. \u00c1tha Cliath<\/h4><ul><li>Ionad T\u00e1st\u00e1la Bhaile Bhlains\u00e9ir, Aonad 1, Ionad Gn\u00f3 Bhaile Bhlains\u00e9ir, B\u00f3thar Chluain Saileach, Baile Bhlains\u00e9ir, D15 XW56<\/li><li>Ionad T\u00e1st\u00e1la Seantrabh, Aonad 223 Ionad Siopad\u00f3ireachta Omni Park, Seantrabh, D09 Y67P<\/li><li>Ionad T\u00e1st\u00e1la Bhaile \u00c1tha Cliath, Url\u00e1r na Tal\u00fan, Teach La Touche, Duga Theach an Chustaim, IFSC, Baile \u00c1tha Cliath, D01 R5P3<\/li><li>Ionad T\u00e1st\u00e1la Bhaile \u00c1tha Cliath Theas, Aonad 307 &amp; 308 Leibh\u00e9al 3, Ionad Siopad\u00f3ireachta Dh\u00fan Laoghaire, A96 PW84<\/li><\/ul><h4>Co. na Gaillimhe<\/h4><ul><li>Ionad T\u00e1st\u00e1la na Gaillimhe, 43 Sr\u00e1id Forster, Cathair na Gaillimhe, H91 R68N<\/li><\/ul><h4>Co. Chiarra\u00ed<\/h4><ul><li>Ionad T\u00e1st\u00e1la Chill \u00c1irne, 1 Bohereen Na Goun, An tSr\u00e1id Nua, Cill \u00c1irne, V93 C2VC<\/li><li>Ionad T\u00e1st\u00e1la Thr\u00e1 L\u00ed, Aonad 4, Cathair Danann, An Cuarbh\u00f3thar Thuaidh, Tr\u00e1 L\u00ed, V92 W303<\/li><\/ul><h4>Co. Chill Dara<\/h4><ul><li>Ionad T\u00e1st\u00e1la an N\u00e1is, Spring Garden Lodge, B\u00f3thar na Soll\u00e1in, An N\u00e1s, W91 E3CE<\/li><\/ul><h4>Co. Chill Chainnigh<\/h4><ul><li>Ionad T\u00e1st\u00e1la Chill Chainnigh, Aonad 6 Geata Eoin, B\u00f3thar Chaisle\u00e1n an Chomair, R95 PN88<\/li><\/ul><h4>Co. Laoise<\/h4><ul><li>Ionad T\u00e1st\u00e1la Phort Laoise, Aonad 2, P\u00e1irc Ghn\u00f3 Kea Lew, B\u00f3thar Mhaighean R\u00e1tha, Port Laoise, R32 W0DT<\/li><\/ul><h4>Co. Liatroma<\/h4><ul><li>Ionad T\u00e1st\u00e1la Charraig R\u00faisc, 1\u00fa Url\u00e1r, Plaza na dTr\u00e1cht\u00e1laithe, Charraig R\u00faisc N41 RC62<\/li><\/ul><h4>Co. Luimnigh<\/h4><ul><li>Ionad T\u00e1st\u00e1la Mhainistir na F\u00e9ile, Sr\u00e1id na hEaglaise, Mainistir na F\u00e9ile, V94 A504<\/li><li>Ionad T\u00e1st\u00e1la Luimnigh, Teach Ghleann L\u00e1ra, \u00c1it Shliabh Kenneth, Luimneach V94 AC97<\/li><\/ul><h4>Co. an Longfoirt<\/h4><ul><li>Oifig 1 An Ch\u00e9ad Url\u00e1r, Ionad Longfoirt N39 K8E8<\/li><\/ul><h4>Co. L\u00fa.<\/h4><ul><li>Ionad T\u00e1st\u00e1la Dhroichead \u00c1tha, Oifig 2 Foirgneamh C\u00fainne, Sr\u00e1id an Doire, Droichead \u00c1tha, A92 F803<\/li><li>Ionad T\u00e1st\u00e1la Dh\u00fan Dealgan, 2\u00fa hUrl\u00e1r, Bloc 2 P\u00e1irc Ghn\u00f3 Cois na C\u00e9, Sr\u00e1id an Mhuilinn, D\u00fan Dealgan, A91 N26Y<\/li><\/ul><h4>Co. Mhaigh Eo<\/h4><ul><li>Ionad T\u00e1st\u00e1la Bh\u00e9al an \u00c1tha, Bury Central, L\u00e1na an Mhargaidh, B\u00e9al an \u00c1tha, F26 XN99<\/li><li>Aonad 9, L\u00e1na an Mhargaidh, Sr\u00e1id an Droichid, Cathair na Mart F28 YV09<\/li><\/ul><h4>Co. na M\u00ed<\/h4><ul><li>Ionad T\u00e1st\u00e1la na hUaimhe, 4 Sr\u00e1id an Iarnr\u00f3id, An Uaimh, C15 DK64<\/li><\/ul><h4>Co. Mhuineach\u00e1in<\/h4><ul><li>Ionad T\u00e1st\u00e1la Mhuineach\u00e1in, Iar-\u00c1itreabh an Choiste Gairmoideachais, Sr\u00e1id Dawson, Muineach\u00e1n, H81 KT53<\/li><\/ul><h4>Co. U\u00edbh Fhail\u00ed<\/h4><ul><li>Ionad T\u00e1st\u00e1la Thulach Mh\u00f3r, Aonad 14, An Meal, Sr\u00e1id Cholaim Chille, Tulach Mh\u00f3r, R35 X7X9<\/li><\/ul><h4>Co. Ros Com\u00e1in<\/h4><ul><li>Ionad T\u00e1st\u00e1la an Chaisle\u00e1in Riabhaigh, An Phr\u00edomhshr\u00e1id, An Caisle\u00e1n Riabhach, F45 RK49<\/li><\/ul><h4>Co. Shligigh<\/h4><ul><li>L\u00e1r an Bhaile Thiar, Sr\u00e1id an Droichid, Sligeach, F91 PTX8<\/li><\/ul><h4>Co. Thiobraid \u00c1rann<\/h4><ul><li>Ionad T\u00e1st\u00e1la Chluain Meala, 1\u00fa Url\u00e1r, Banc Uladh, 19 Sr\u00e1id U\u00ed Chonaill, Cluain Meala, E91 T6K0<\/li><li>Ionad T\u00e1st\u00e1la an Aonaigh, 94A Sr\u00e1id Airgid, An tAonach, E45 Y542<\/li><\/ul><h4>Co. Phort L\u00e1irge<\/h4><ul><li>Ionad T\u00e1st\u00e1la Phort L\u00e1irge, An Atrium, Geata Maritana, Sr\u00e1id Cheanada, X91 TH63<\/li><\/ul><h4>Co. na hIarmh\u00ed<\/h4><ul><li>Ionad T\u00e1st\u00e1la Bhaile \u00c1tha Luain, 15 Sr\u00e1id Chonnacht, Baile \u00c1tha Luain, N37 X2K4<\/li><li>Ionad T\u00e1st\u00e1la an Mhuilinn Chearr, Aonad 4, Sr\u00e1id an Chaisle\u00e1in, an Muileann Chearr, N91 PK25<\/li><\/ul><h4>Co. Loch Garman<\/h4><ul><li>C\u00fairt an Phiarsaigh, C\u00e9 Ph\u00f3il, Loch Garman, Y35 K125<\/li><\/ul><h4>Co. Chill Mhant\u00e1in<\/h4><ul><li>Url\u00e1r na Tal\u00fan, Halla Wentworth, Pl\u00e1s Wentworth, Cill Mhant\u00e1in, A67 PX27<\/li><\/ul>\t\t\t\t\t\t\t\t<\/div>\n\t\t\t\t<\/div>\n\t\t\t\t<div class=\"elementor-element elementor-element-ffc6e58 elementor-widget elementor-widget-text-editor\" data-id=\"ffc6e58\" data-element_type=\"widget\" data-e-type=\"widget\" data-widget_type=\"text-editor.default\">\n\t\t\t\t<div class=\"elementor-widget-container\">\n\t\t\t\t\t\t\t\t\t<p><strong>Tabhair faoi deara:<\/strong> d'fh\u00e9adfadh go n-athr\u00f3idh na hamanna coinn\u00ed at\u00e1 ar f\u00e1il idir Ionaid T\u00e1st\u00e1la - beidh t\u00fa in ann d'Ionad T\u00e1st\u00e1la a roghn\u00fa agus amanna na gcoinn\u00ed reatha a fheice\u00e1il nuair a dh\u00e9anfaidh t\u00fa do choinne a chur in \u00e1irithe <a href=\"https:\/\/theorytest.ie\/ga\/book-your-theory-test\/\">T\u00e1st\u00e1il Teoirice Tiom\u00e1na<\/a>.<\/p><h3>\u00cdosl\u00f3d\u00e1il l\u00e9arsc\u00e1il na nIonad t\u00e1st\u00e1la<\/h3><p>F\u00e9ach ar leagan l\u00e9arsc\u00e1ile de na l\u00e1ithreacha Ionaid T\u00e1st\u00e1la: <a href=\"https:\/\/theorytest.ie\/wp-content\/uploads\/theory-test-ireland-test-centre-location-map-051017.pdf\" target=\"_blank\" rel=\"noopener\">L\u00e9arsc\u00e1il de L\u00e1ithreacha Ionaid T\u00e1st\u00e1la DTT<\/a>\u00a0(PDF, 3mb).<\/p>\t\t\t\t\t\t\t\t<\/div>\n\t\t\t\t<\/div>\n\t\t\t\t<div class=\"elementor-element elementor-element-6622cc6 elementor-widget elementor-widget-button\" data-id=\"6622cc6\" data-element_type=\"widget\" data-e-type=\"widget\" data-widget_type=\"button.default\">\n\t\t\t\t<div class=\"elementor-widget-container\">\n\t\t\t\t\t\t\t\t\t<div class=\"elementor-button-wrapper\">\n\t\t\t\t\t<a class=\"elementor-button elementor-button-link elementor-size-md\" href=\"https:\/\/theorytest.ie\/wp-content\/uploads\/theory-test-ireland-test-centre-location-map-051017.pdf\" target=\"_blank\">\n\t\t\t\t\t\t<span class=\"elementor-button-content-wrapper\">\n\t\t\t\t\t\t<span class=\"elementor-button-icon\">\n\t\t\t\t<svg aria-hidden=\"true\" class=\"e-font-icon-svg e-far-file-pdf\" viewbox=\"0 0 384 512\" xmlns=\"http:\/\/www.w3.org\/2000\/svg\"><path d=\"M369.9 97.9L286 14C277 5 264.8-.1 252.1-.1H48C21.5 0 0 21.5 0 48v416c0 26.5 21.5 48 48 48h288c26.5 0 48-21.5 48-48V131.9c0-12.7-5.1-25-14.1-34zM332.1 128H256V51.9l76.1 76.1zM48 464V48h160v104c0 13.3 10.7 24 24 24h104v288H48zm250.2-143.7c-12.2-12-47-8.7-64.4-6.5-17.2-10.5-28.7-25-36.8-46.3 3.9-16.1 10.1-40.6 5.4-56-4.2-26.2-37.8-23.6-42.6-5.9-4.4 16.1-.4 38.5 7 67.1-10 23.9-24.9 56-35.4 74.4-20 10.3-47 26.2-51 46.2-3.3 15.8 26 55.2 76.1-31.2 22.4-7.4 46.8-16.5 68.4-20.1 18.9 10.2 41 17 55.8 17 25.5 0 28-28.2 17.5-38.7zm-198.1 77.8c5.1-13.7 24.5-29.5 30.4-35-19 30.3-30.4 35.7-30.4 35zm81.6-190.6c7.4 0 6.7 32.1 1.8 40.8-4.4-13.9-4.3-40.8-1.8-40.8zm-24.4 136.6c9.7-16.9 18-37 24.7-54.7 8.3 15.1 18.9 27.2 30.1 35.5-20.8 4.3-38.9 13.1-54.8 19.2zm131.6-5s-5 6-37.3-7.8c35.1-2.6 40.9 5.4 37.3 7.8z\"><\/path><\/svg>\t\t\t<\/span>\n\t\t\t\t\t\t\t\t\t<span class=\"elementor-button-text\">\u00cdosl\u00f3d\u00e1il L\u00e9arsc\u00e1il Su\u00edmh PDF (3mb)<\/span>\n\t\t\t\t\t<\/span>\n\t\t\t\t\t<\/a>\n\t\t\t\t<\/div>\n\t\t\t\t\t\t\t\t<\/div>\n\t\t\t\t<\/div>\n\t\t\t\t<div class=\"elementor-element elementor-element-dd9f39d elementor-widget elementor-widget-text-editor\" data-id=\"dd9f39d\" data-element_type=\"widget\" data-e-type=\"widget\" data-widget_type=\"text-editor.default\">\n\t\t\t\t<div class=\"elementor-widget-container\">\n\t\t\t\t\t\t\t\t\t<h3>An dteasta\u00edonn c\u00fanamh uait?<\/h3><p>M\u00e1 theasta\u00edonn c\u00fanamh uait n\u00f3 roghanna saor\u00e1id\u00ed teanga d\u00e9an tagairt le do thoil d\u00e1r <a href=\"https:\/\/theorytest.ie\/ga\/general-information\/test-day-assistance-support\/\">C\u00fanamh\/Taca\u00edocht L\u00e1 na T\u00e1st\u00e1la<\/a> .<\/p>\t\t\t\t\t\t\t\t<\/div>\n\t\t\t\t<\/div>\n\t\t\t\t\t<\/div>\n\t\t<\/div>\n\t\t\t\t\t<\/div>\n\t\t<\/section>\n\t\t\t\t\t<\/div>\n\t\t<\/div>\n\t\t\t\t\t<\/div>\n\t\t<\/section>\n\t\t\t\t<\/div>","protected":false},"excerpt":{"rendered":"<p>F\u00e9ach ar an liosta ioml\u00e1n d\u2019Ionaid T\u00e1st\u00e1la \u00c1iti\u00fala, \u00e1it ar f\u00e9idir leat do Th\u00e1st\u00e1il Teoirice Tiom\u00e1na a dh\u00e9anamh. \u00cdosl\u00f3d\u00e1il an PDF den L\u00e9arsc\u00e1il Su\u00edmh chun an tIonad in aice leat a aimsi\u00fa.<\/p>","protected":false},"author":1,"featured_media":2595,"parent":2535,"menu_order":0,"comment_status":"closed","ping_status":"closed","template":"","meta":{"ocean_post_layout":"","ocean_both_sidebars_style":"","ocean_both_sidebars_content_width":0,"ocean_both_sidebars_sidebars_width":0,"ocean_sidebar":"0","ocean_second_sidebar":"0","ocean_disable_margins":"enable","ocean_add_body_class":"","ocean_shortcode_before_top_bar":"","ocean_shortcode_after_top_bar":"","ocean_shortcode_before_header":"","ocean_shortcode_after_header":"","ocean_has_shortcode":"","ocean_shortcode_after_title":"","ocean_shortcode_before_footer_widgets":"","ocean_shortcode_after_footer_widgets":"","ocean_shortcode_before_footer_bottom":"","ocean_shortcode_after_footer_bottom":"","ocean_display_top_bar":"default","ocean_display_header":"default","ocean_header_style":"","ocean_center_header_left_menu":"0","ocean_custom_header_template":"0","ocean_custom_logo":0,"ocean_custom_retina_logo":0,"ocean_custom_logo_max_width":0,"ocean_custom_logo_tablet_max_width":0,"ocean_custom_logo_mobile_max_width":0,"ocean_custom_logo_max_height":0,"ocean_custom_logo_tablet_max_height":0,"ocean_custom_logo_mobile_max_height":0,"ocean_header_custom_menu":"0","ocean_menu_typo_font_family":"0","ocean_menu_typo_font_subset":"","ocean_menu_typo_font_size":0,"ocean_menu_typo_font_size_tablet":0,"ocean_menu_typo_font_size_mobile":0,"ocean_menu_typo_font_size_unit":"px","ocean_menu_typo_font_weight":"","ocean_menu_typo_font_weight_tablet":"","ocean_menu_typo_font_weight_mobile":"","ocean_menu_typo_transform":"","ocean_menu_typo_transform_tablet":"","ocean_menu_typo_transform_mobile":"","ocean_menu_typo_line_height":0,"ocean_menu_typo_line_height_tablet":0,"ocean_menu_typo_line_height_mobile":0,"ocean_menu_typo_line_height_unit":"","ocean_menu_typo_spacing":0,"ocean_menu_typo_spacing_tablet":0,"ocean_menu_typo_spacing_mobile":0,"ocean_menu_typo_spacing_unit":"","ocean_menu_link_color":"","ocean_menu_link_color_hover":"","ocean_menu_link_color_active":"","ocean_menu_link_background":"","ocean_menu_link_hover_background":"","ocean_menu_link_active_background":"","ocean_menu_social_links_bg":"","ocean_menu_social_hover_links_bg":"","ocean_menu_social_links_color":"","ocean_menu_social_hover_links_color":"","ocean_disable_title":"default","ocean_disable_heading":"default","ocean_post_title":"","ocean_post_subheading":"","ocean_post_title_style":"","ocean_post_title_background_color":"","ocean_post_title_background":0,"ocean_post_title_bg_image_position":"","ocean_post_title_bg_image_attachment":"","ocean_post_title_bg_image_repeat":"","ocean_post_title_bg_image_size":"","ocean_post_title_height":0,"ocean_post_title_bg_overlay":0.5,"ocean_post_title_bg_overlay_color":"","ocean_disable_breadcrumbs":"on","ocean_breadcrumbs_color":"","ocean_breadcrumbs_separator_color":"","ocean_breadcrumbs_links_color":"","ocean_breadcrumbs_links_hover_color":"","ocean_display_footer_widgets":"default","ocean_display_footer_bottom":"default","ocean_custom_footer_template":"0","footnotes":""},"class_list":["post-2008430","page","type-page","status-publish","has-post-thumbnail","hentry","entry","has-media"],"_links":{"self":[{"href":"https:\/\/theorytest.ie\/ga\/wp-json\/wp\/v2\/pages\/2008430","targetHints":{"allow":["GET"]}}],"collection":[{"href":"https:\/\/theorytest.ie\/ga\/wp-json\/wp\/v2\/pages"}],"about":[{"href":"https:\/\/theorytest.ie\/ga\/wp-json\/wp\/v2\/types\/page"}],"author":[{"embeddable":true,"href":"https:\/\/theorytest.ie\/ga\/wp-json\/wp\/v2\/users\/1"}],"replies":[{"embeddable":true,"href":"https:\/\/theorytest.ie\/ga\/wp-json\/wp\/v2\/comments?post=2008430"}],"version-history":[{"count":0,"href":"https:\/\/theorytest.ie\/ga\/wp-json\/wp\/v2\/pages\/2008430\/revisions"}],"up":[{"embeddable":true,"href":"https:\/\/theorytest.ie\/ga\/wp-json\/wp\/v2\/pages\/2535"}],"wp:featuredmedia":[{"embeddable":true,"href":"https:\/\/theorytest.ie\/ga\/wp-json\/wp\/v2\/media\/2595"}],"wp:attachment":[{"href":"https:\/\/theorytest.ie\/ga\/wp-json\/wp\/v2\/media?parent=2008430"}],"curies":[{"name":"wp","href":"https:\/\/api.w.org\/{rel}","templated":true}]}}