{"id":2009432,"date":"2023-06-22T12:10:38","date_gmt":"2023-06-22T12:10:38","guid":{"rendered":"https:\/\/theorytest.ie\/?page_id=2009432"},"modified":"2025-03-28T13:21:27","modified_gmt":"2025-03-28T13:21:27","slug":"cpc-local-test-centre-book","status":"publish","type":"page","link":"https:\/\/theorytest.ie\/ga\/book-your-theory-test\/cpc-driver-certificate-of-professional-competence\/cpc-local-test-centre-book\/","title":{"rendered":"CPC: Ionad T\u00e1st\u00e1la \u00c1iti\u00fail \u2013 Leabhar"},"content":{"rendered":"\t\t<div data-elementor-type=\"wp-page\" data-elementor-id=\"2009432\" class=\"elementor elementor-2009432\" data-elementor-post-type=\"page\">\n\t\t\t\t\t\t<section class=\"elementor-section elementor-top-section elementor-element elementor-element-7a9ad6f2 elementor-section-height-min-height elementor-section-boxed elementor-section-height-default elementor-section-items-middle\" data-id=\"7a9ad6f2\" data-element_type=\"section\" data-e-type=\"section\" data-settings=\"{&quot;background_background&quot;:&quot;classic&quot;}\">\n\t\t\t\t\t\t\t<div class=\"elementor-background-overlay\"><\/div>\n\t\t\t\t\t\t\t<div class=\"elementor-container elementor-column-gap-default\">\n\t\t\t\t\t<div class=\"elementor-column elementor-col-100 elementor-top-column elementor-element elementor-element-e76ee0\" data-id=\"e76ee0\" data-element_type=\"column\" data-e-type=\"column\">\n\t\t\t<div class=\"elementor-widget-wrap elementor-element-populated\">\n\t\t\t\t\t\t<section class=\"elementor-section elementor-inner-section elementor-element elementor-element-44e7c2a elementor-section-boxed elementor-section-height-default elementor-section-height-default\" data-id=\"44e7c2a\" data-element_type=\"section\" data-e-type=\"section\">\n\t\t\t\t\t\t<div class=\"elementor-container elementor-column-gap-default\">\n\t\t\t\t\t<div class=\"elementor-column elementor-col-100 elementor-inner-column elementor-element elementor-element-385bd9f1\" data-id=\"385bd9f1\" data-element_type=\"column\" data-e-type=\"column\" data-settings=\"{&quot;background_background&quot;:&quot;classic&quot;}\">\n\t\t\t<div class=\"elementor-widget-wrap elementor-element-populated\">\n\t\t\t\t\t\t<div class=\"elementor-element elementor-element-db63968 elementor-widget elementor-widget-heading\" data-id=\"db63968\" data-element_type=\"widget\" data-e-type=\"widget\" data-widget_type=\"heading.default\">\n\t\t\t\t<div class=\"elementor-widget-container\">\n\t\t\t\t\t<p class=\"elementor-heading-title elementor-size-default\">Take your Driver CPC Theory Test at a Test Centre<\/p>\t\t\t\t<\/div>\n\t\t\t\t<\/div>\n\t\t\t\t<div class=\"elementor-element elementor-element-43fde658 elementor-widget elementor-widget-heading\" data-id=\"43fde658\" data-element_type=\"widget\" data-e-type=\"widget\" data-widget_type=\"heading.default\">\n\t\t\t\t<div class=\"elementor-widget-container\">\n\t\t\t\t\t<h1 class=\"elementor-heading-title elementor-size-default\">Driver CPC Theory Test - Local Test Centre<\/h1>\t\t\t\t<\/div>\n\t\t\t\t<\/div>\n\t\t\t\t\t<\/div>\n\t\t<\/div>\n\t\t\t\t\t<\/div>\n\t\t<\/section>\n\t\t\t\t\t<\/div>\n\t\t<\/div>\n\t\t\t\t\t<\/div>\n\t\t<\/section>\n\t\t\t\t<section class=\"elementor-section elementor-top-section elementor-element elementor-element-7f3946e3 elementor-section-boxed elementor-section-height-default elementor-section-height-default\" data-id=\"7f3946e3\" data-element_type=\"section\" data-e-type=\"section\" data-settings=\"{&quot;background_background&quot;:&quot;classic&quot;}\">\n\t\t\t\t\t\t<div class=\"elementor-container elementor-column-gap-default\">\n\t\t\t\t\t<div class=\"elementor-column elementor-col-100 elementor-top-column elementor-element elementor-element-77da74e\" data-id=\"77da74e\" data-element_type=\"column\" data-e-type=\"column\">\n\t\t\t<div class=\"elementor-widget-wrap elementor-element-populated\">\n\t\t\t\t\t\t<section class=\"elementor-section elementor-inner-section elementor-element elementor-element-3e616d9d elementor-section-boxed elementor-section-height-default elementor-section-height-default\" data-id=\"3e616d9d\" data-element_type=\"section\" data-e-type=\"section\">\n\t\t\t\t\t\t<div class=\"elementor-container elementor-column-gap-default\">\n\t\t\t\t\t<div class=\"elementor-column elementor-col-100 elementor-inner-column elementor-element elementor-element-c95e4d8\" data-id=\"c95e4d8\" data-element_type=\"column\" data-e-type=\"column\" data-settings=\"{&quot;background_background&quot;:&quot;classic&quot;}\">\n\t\t\t<div class=\"elementor-widget-wrap elementor-element-populated\">\n\t\t\t\t\t\t<div class=\"elementor-element elementor-element-26568adb elementor-widget elementor-widget-image\" data-id=\"26568adb\" data-element_type=\"widget\" data-e-type=\"widget\" data-widget_type=\"image.default\">\n\t\t\t\t<div class=\"elementor-widget-container\">\n\t\t\t\t\t\t\t\t\t\t\t\t\t\t\t<img fetchpriority=\"high\" decoding=\"async\" width=\"400\" height=\"143\" src=\"https:\/\/theorytest.ie\/wp-content\/uploads\/theory-test-ireland-cpc-logo-400.png\" class=\"attachment-large size-large wp-image-2878\" alt=\"\" \/>\t\t\t\t\t\t\t\t\t\t\t\t\t\t\t<\/div>\n\t\t\t\t<\/div>\n\t\t\t\t\t<\/div>\n\t\t<\/div>\n\t\t\t\t\t<\/div>\n\t\t<\/section>\n\t\t\t\t<section class=\"elementor-section elementor-inner-section elementor-element elementor-element-26f22ac8 elementor-section-boxed elementor-section-height-default elementor-section-height-default\" data-id=\"26f22ac8\" data-element_type=\"section\" data-e-type=\"section\">\n\t\t\t\t\t\t<div class=\"elementor-container elementor-column-gap-default\">\n\t\t\t\t\t<div class=\"elementor-column elementor-col-100 elementor-inner-column elementor-element elementor-element-e10a2e0\" data-id=\"e10a2e0\" data-element_type=\"column\" data-e-type=\"column\" data-settings=\"{&quot;background_background&quot;:&quot;classic&quot;}\">\n\t\t\t<div class=\"elementor-widget-wrap elementor-element-populated\">\n\t\t\t\t\t\t<div class=\"elementor-element elementor-element-6a1fd21 elementor-widget elementor-widget-breadcrumbs\" data-id=\"6a1fd21\" data-element_type=\"widget\" data-e-type=\"widget\" data-widget_type=\"breadcrumbs.default\">\n\t\t\t\t<div class=\"elementor-widget-container\">\n\t\t\t\t\t<p id=\"breadcrumbs\">\tYou are here:\n<span><span><a href=\"https:\/\/theorytest.ie\/\">Home<\/a><\/span><\/span><\/p>\t\t\t\t<\/div>\n\t\t\t\t<\/div>\n\t\t\t\t<div class=\"elementor-element elementor-element-62b8376b elementor-widget elementor-widget-heading\" data-id=\"62b8376b\" data-element_type=\"widget\" data-e-type=\"widget\" data-widget_type=\"heading.default\">\n\t\t\t\t<div class=\"elementor-widget-container\">\n\t\t\t\t\t<h2 class=\"elementor-heading-title elementor-size-default\">Driver CPC Theory Test - Local Test Centre<\/h2>\t\t\t\t<\/div>\n\t\t\t\t<\/div>\n\t\t\t\t\t<\/div>\n\t\t<\/div>\n\t\t\t\t\t<\/div>\n\t\t<\/section>\n\t\t\t\t<section class=\"elementor-section elementor-inner-section elementor-element elementor-element-38adfbe elementor-section-boxed elementor-section-height-default elementor-section-height-default\" data-id=\"38adfbe\" data-element_type=\"section\" data-e-type=\"section\">\n\t\t\t\t\t\t<div class=\"elementor-container elementor-column-gap-default\">\n\t\t\t\t\t<div class=\"elementor-column elementor-col-100 elementor-inner-column elementor-element elementor-element-6cfb2c8\" data-id=\"6cfb2c8\" data-element_type=\"column\" data-e-type=\"column\" data-settings=\"{&quot;background_background&quot;:&quot;classic&quot;}\">\n\t\t\t<div class=\"elementor-widget-wrap elementor-element-populated\">\n\t\t\t\t\t\t<div class=\"elementor-element elementor-element-42e6deb elementor-widget elementor-widget-text-editor\" data-id=\"42e6deb\" data-element_type=\"widget\" data-e-type=\"widget\" data-widget_type=\"text-editor.default\">\n\t\t\t\t<div class=\"elementor-widget-container\">\n\t\t\t\t\t\t\t\t\t<p>Should you require assistance (ISL, Dyslexia Support etc) or language facility options please refer to our <a href=\"https:\/\/theorytest.ie\/general-information\/test-day-assistance-support\/\">Test Day Assistance\/Support<\/a> section.<\/p>\t\t\t\t\t\t\t\t<\/div>\n\t\t\t\t<\/div>\n\t\t\t\t\t<\/div>\n\t\t<\/div>\n\t\t\t\t\t<\/div>\n\t\t<\/section>\n\t\t\t\t<section class=\"elementor-section elementor-inner-section elementor-element elementor-element-ddd251d elementor-section-boxed elementor-section-height-default elementor-section-height-default\" data-id=\"ddd251d\" data-element_type=\"section\" data-e-type=\"section\">\n\t\t\t\t\t\t<div class=\"elementor-container elementor-column-gap-default\">\n\t\t\t\t\t<div class=\"elementor-column elementor-col-100 elementor-inner-column elementor-element elementor-element-5452889\" data-id=\"5452889\" data-element_type=\"column\" data-e-type=\"column\" data-settings=\"{&quot;background_background&quot;:&quot;classic&quot;}\">\n\t\t\t<div class=\"elementor-widget-wrap elementor-element-populated\">\n\t\t\t\t\t\t<div class=\"elementor-element elementor-element-16a3053 elementor-widget elementor-widget-heading\" data-id=\"16a3053\" data-element_type=\"widget\" data-e-type=\"widget\" data-widget_type=\"heading.default\">\n\t\t\t\t<div class=\"elementor-widget-container\">\n\t\t\t\t\t<h3 class=\"elementor-heading-title elementor-size-default\">Book your Test<\/h3>\t\t\t\t<\/div>\n\t\t\t\t<\/div>\n\t\t\t\t<div class=\"elementor-element elementor-element-3eb9fea elementor-widget elementor-widget-text-editor\" data-id=\"3eb9fea\" data-element_type=\"widget\" data-e-type=\"widget\" data-widget_type=\"text-editor.default\">\n\t\t\t\t<div class=\"elementor-widget-container\">\n\t\t\t\t\t\t\t\t\t<p>We advise you use the same ID to create your booking as the one you present at the Test centre, to avoid any inconsistencies with names across different IDs.<\/p><p>If you need to make the following changes on the day of your test you will be required to pay a \u20ac15 fee over the phone:<\/p><ul><li>Full first name, full last name, full first and last name change.<\/li><li>Changes to a name over three characters, inclusive of first and last name<\/li><\/ul>\t\t\t\t\t\t\t\t<\/div>\n\t\t\t\t<\/div>\n\t\t\t\t<div class=\"elementor-element elementor-element-0dc4a85 elementor-widget elementor-widget-text-editor\" data-id=\"0dc4a85\" data-element_type=\"widget\" data-e-type=\"widget\" data-widget_type=\"text-editor.default\">\n\t\t\t\t<div class=\"elementor-widget-container\">\n\t\t\t\t\t\t\t\t\t<p><strong>When you have read all the steps below you can proceed to book your test at a Test centre local to you.<\/strong><\/p><p>For this category, <strong>on the day of your test you must present with your full, current Category B Driving Licence<\/strong> (Irish\/EU\/EEA member state or Switzerland or Ukraine) <strong>or full current Category C or D Driving Licence\/Learner Permit<\/strong> (Irish\/EU\/EEA Member state or Switzerland or Ukraine).<\/p>\t\t\t\t\t\t\t\t<\/div>\n\t\t\t\t<\/div>\n\t\t\t\t<div class=\"elementor-element elementor-element-40ea86f elementor-button-align-start elementor-widget elementor-widget-form\" data-id=\"40ea86f\" data-element_type=\"widget\" data-e-type=\"widget\" data-settings=\"{&quot;button_width&quot;:&quot;75&quot;,&quot;step_next_label&quot;:&quot;Next&quot;,&quot;step_previous_label&quot;:&quot;Previous&quot;,&quot;step_type&quot;:&quot;number_text&quot;,&quot;step_icon_shape&quot;:&quot;circle&quot;}\" data-widget_type=\"form.default\">\n\t\t\t\t<div class=\"elementor-widget-container\">\n\t\t\t\t\t\t\t<form class=\"elementor-form\" method=\"post\" name=\"New Form\" aria-label=\"New Form\">\n\t\t\t<input type=\"hidden\" name=\"post_id\" value=\"2009432\"\/>\n\t\t\t<input type=\"hidden\" name=\"form_id\" value=\"40ea86f\"\/>\n\t\t\t<input type=\"hidden\" name=\"referer_title\" value=\"CPC: Local Test Centre - Book &#8211; Theory Test\" \/>\n\n\t\t\t\t\t\t\t<input type=\"hidden\" name=\"queried_id\" value=\"2009432\"\/>\n\t\t\t\n\t\t\t<div class=\"elementor-form-fields-wrapper elementor-labels-above\">\n\t\t\t\t\t\t\t\t<div class=\"elementor-field-type-html elementor-field-group elementor-column elementor-field-group-field_a1779bd elementor-col-100\">\n\t\t\t\t\t<strong>You must also bring one of the following IDs to take your test. Please indicate which additional ID you will use for booking and will also present at the Test Centre (hard copy only-photocopy\/pictures of ID are not acceptable):<\/strong>\t\t\t\t<\/div>\n\t\t\t\t\t\t\t\t<div class=\"elementor-field-type-radio elementor-field-group elementor-column elementor-field-group-name elementor-col-100 elementor-field-required\">\n\t\t\t\t\t<div class=\"elementor-field-subgroup  \"><span class=\"elementor-field-option\"><input type=\"radio\" value=\"Public Services Card (with photograph)\" id=\"form-field-name-0\" name=\"form_fields[name]\" required=\"required\"> <label for=\"form-field-name-0\">Public Services Card (with photograph)<\/label><\/span><span class=\"elementor-field-option\"><input type=\"radio\" value=\"Passports (valid for international use only or up to maximum 12 months expired)\" id=\"form-field-name-1\" name=\"form_fields[name]\" required=\"required\"> <label for=\"form-field-name-1\">Passports (valid for international use only or up to maximum 12 months expired)<\/label><\/span><span class=\"elementor-field-option\"><input type=\"radio\" value=\"Irish Passport Cards (valid for international use, not expired and in good condition)\" id=\"form-field-name-2\" name=\"form_fields[name]\" required=\"required\"> <label for=\"form-field-name-2\">Irish Passport Cards (valid for international use, not expired and in good condition)<\/label><\/span><span class=\"elementor-field-option\"><input type=\"radio\" value=\"National Identity Card from EU\/EEA Member States or Switzerland\" id=\"form-field-name-3\" name=\"form_fields[name]\" required=\"required\"> <label for=\"form-field-name-3\">National Identity Card from EU\/EEA Member States or Switzerland<\/label><\/span><span class=\"elementor-field-option\"><input type=\"radio\" value=\"Irish Category B (Car) or Category A (Motorcycle) Learner Permit or Full Driving Licence (valid and in good condition)\" id=\"form-field-name-4\" name=\"form_fields[name]\" required=\"required\"> <label for=\"form-field-name-4\">Irish Category B (Car) or Category A (Motorcycle) Learner Permit or Full Driving Licence (valid and in good condition)<\/label><\/span><\/div>\t\t\t\t<\/div>\n\t\t\t\t\t\t\t\t<div class=\"elementor-field-type-html elementor-field-group elementor-column elementor-field-group-field_5208130 elementor-col-100\">\n\t\t\t\t\t<br><strong>\nYour PPSN must be correct and registered to you\n<\/strong>\t\t\t\t<\/div>\n\t\t\t\t\t\t\t\t<div class=\"elementor-field-type-acceptance elementor-field-group elementor-column elementor-field-group-field_b37e5fe elementor-col-100 elementor-field-required\">\n\t\t\t\t\t\t\t<div class=\"elementor-field-subgroup\">\n\t\t\t<span class=\"elementor-field-option\">\n\t\t\t\t<input type=\"checkbox\" name=\"form_fields[field_b37e5fe]\" id=\"form-field-field_b37e5fe\" class=\"elementor-field elementor-size-sm  elementor-acceptance-field\" required=\"required\">\n\t\t\t\t<label for=\"form-field-field_b37e5fe\">Yes I understand that the PPSN I enter must be correct and for the person that will take the test. I also understand that, if I register the incorrect PPSN I will be refused permission to test  and I will lose my test fee.<\/label>\t\t\t<\/span>\n\t\t<\/div>\n\t\t\t\t\t\t<\/div>\n\t\t\t\t\t\t\t\t<div class=\"elementor-field-type-html elementor-field-group elementor-column elementor-field-group-field_5b41b37 elementor-col-100\">\n\t\t\t\t\t<br><strong>\nYour Name and Date of Birth must be correct and as per the ID you present with<\/strong>\t\t\t\t<\/div>\n\t\t\t\t\t\t\t\t<div class=\"elementor-field-type-acceptance elementor-field-group elementor-column elementor-field-group-field_399acbe elementor-col-100 elementor-field-required\">\n\t\t\t\t\t\t\t<div class=\"elementor-field-subgroup\">\n\t\t\t<span class=\"elementor-field-option\">\n\t\t\t\t<input type=\"checkbox\" name=\"form_fields[field_399acbe]\" id=\"form-field-field_399acbe\" class=\"elementor-field elementor-size-sm  elementor-acceptance-field\" required=\"required\">\n\t\t\t\t<label for=\"form-field-field_399acbe\">Yes I understand that the details I enter must be correct and for the person that will take the test. I also understand that if I register the incorrect name I will be charged a \u20ac15 fee to update the name over the phone otherwise I will be refused permission to test and I will lose my test fee.<\/label>\t\t\t<\/span>\n\t\t<\/div>\n\t\t\t\t\t\t<\/div>\n\t\t\t\t\t\t\t\t<div class=\"elementor-field-type-html elementor-field-group elementor-column elementor-field-group-field_b569526 elementor-col-100\">\n\t\t\t\t\t<br><strong>Do you consent to the collection, processing, use and storage of your Personal Data and Information?<\/strong>\t\t\t\t<\/div>\n\t\t\t\t\t\t\t\t<div class=\"elementor-field-type-acceptance elementor-field-group elementor-column elementor-field-group-field_a32b8de elementor-col-100 elementor-field-required\">\n\t\t\t\t\t\t\t<div class=\"elementor-field-subgroup\">\n\t\t\t<span class=\"elementor-field-option\">\n\t\t\t\t<input type=\"checkbox\" name=\"form_fields[field_a32b8de]\" id=\"form-field-field_a32b8de\" class=\"elementor-field elementor-size-sm  elementor-acceptance-field\" required=\"required\">\n\t\t\t\t<label for=\"form-field-field_a32b8de\">Yes I consent - I confirm I am at least 16 years of age, or that I am the parent or guardian of the data subject and\/or the exam candidate and that I am authorised to make the consent election required below regarding the collection and processing of personal data.<\/label>\t\t\t<\/span>\n\t\t<\/div>\n\t\t\t\t\t\t<\/div>\n\t\t\t\t\t\t\t\t<div class=\"elementor-field-type-html elementor-field-group elementor-column elementor-field-group-field_bc1fdcf elementor-col-100\">\n\t\t\t\t\t<br><p style=\"color:#F9423A;\"><strong>Clicking the button below will transfer you to the separate booking site - please wait while this loads fully.<\/strong><\/p>\t\t\t\t<\/div>\n\t\t\t\t\t\t\t\t<div class=\"elementor-field-type-html elementor-field-group elementor-column elementor-field-group-field_b80350b elementor-col-100\">\n\t\t\t\t\t \t\t\t\t<\/div>\n\t\t\t\t\t\t\t\t<div class=\"elementor-field-group elementor-column elementor-field-type-submit elementor-col-75 e-form__buttons\">\n\t\t\t\t\t<button class=\"elementor-button elementor-size-md\" type=\"submit\">\n\t\t\t\t\t\t<span class=\"elementor-button-content-wrapper\">\n\t\t\t\t\t\t\t\t\t\t\t\t\t\t\t<span class=\"elementor-button-icon\">\n\t\t\t\t\t\t\t\t\t<svg aria-hidden=\"true\" class=\"e-font-icon-svg e-far-arrow-alt-circle-right\" viewBox=\"0 0 512 512\" xmlns=\"http:\/\/www.w3.org\/2000\/svg\"><path d=\"M504 256C504 119 393 8 256 8S8 119 8 256s111 248 248 248 248-111 248-248zm-448 0c0-110.5 89.5-200 200-200s200 89.5 200 200-89.5 200-200 200S56 366.5 56 256zm72 20v-40c0-6.6 5.4-12 12-12h116v-67c0-10.7 12.9-16 20.5-8.5l99 99c4.7 4.7 4.7 12.3 0 17l-99 99c-7.6 7.6-20.5 2.2-20.5-8.5v-67H140c-6.6 0-12-5.4-12-12z\"><\/path><\/svg>\t\t\t\t\t\t\t\t\t\t\t\t\t\t\t\t\t<\/span>\n\t\t\t\t\t\t\t\t\t\t\t\t\t\t\t\t\t\t\t\t\t\t<span class=\"elementor-button-text\">I have read and understood the above requirements and am ready to book <\/span>\n\t\t\t\t\t\t\t\t\t\t\t\t\t<\/span>\n\t\t\t\t\t<\/button>\n\t\t\t\t<\/div>\n\t\t\t<\/div>\n\t\t<\/form>\n\t\t\t\t\t\t<\/div>\n\t\t\t\t<\/div>\n\t\t\t\t\t<\/div>\n\t\t<\/div>\n\t\t\t\t\t<\/div>\n\t\t<\/section>\n\t\t\t\t\t<\/div>\n\t\t<\/div>\n\t\t\t\t\t<\/div>\n\t\t<\/section>\n\t\t\t\t<\/div>\n\t\t","protected":false},"excerpt":{"rendered":"<p>Take your Driver CPC Theory Test at a Test Centre Driver CPC Theory Test &#8211; Local Test Centre Driver CPC Theory Test &#8211; Local Test Centre Should you require assistance (ISL, Dyslexia Support etc) or language facility options please refer to our Test Day Assistance\/Support section. Book your Test We advise you use the same [&hellip;]<\/p>\n","protected":false},"author":2,"featured_media":2462,"parent":2855,"menu_order":0,"comment_status":"closed","ping_status":"closed","template":"","meta":{"ocean_post_layout":"","ocean_both_sidebars_style":"","ocean_both_sidebars_content_width":0,"ocean_both_sidebars_sidebars_width":0,"ocean_sidebar":"0","ocean_second_sidebar":"0","ocean_disable_margins":"enable","ocean_add_body_class":"","ocean_shortcode_before_top_bar":"","ocean_shortcode_after_top_bar":"","ocean_shortcode_before_header":"","ocean_shortcode_after_header":"","ocean_has_shortcode":"","ocean_shortcode_after_title":"","ocean_shortcode_before_footer_widgets":"","ocean_shortcode_after_footer_widgets":"","ocean_shortcode_before_footer_bottom":"","ocean_shortcode_after_footer_bottom":"","ocean_display_top_bar":"default","ocean_display_header":"default","ocean_header_style":"","ocean_center_header_left_menu":"0","ocean_custom_header_template":"0","ocean_custom_logo":0,"ocean_custom_retina_logo":0,"ocean_custom_logo_max_width":0,"ocean_custom_logo_tablet_max_width":0,"ocean_custom_logo_mobile_max_width":0,"ocean_custom_logo_max_height":0,"ocean_custom_logo_tablet_max_height":0,"ocean_custom_logo_mobile_max_height":0,"ocean_header_custom_menu":"0","ocean_menu_typo_font_family":"0","ocean_menu_typo_font_subset":"","ocean_menu_typo_font_size":0,"ocean_menu_typo_font_size_tablet":0,"ocean_menu_typo_font_size_mobile":0,"ocean_menu_typo_font_size_unit":"px","ocean_menu_typo_font_weight":"","ocean_menu_typo_font_weight_tablet":"","ocean_menu_typo_font_weight_mobile":"","ocean_menu_typo_transform":"","ocean_menu_typo_transform_tablet":"","ocean_menu_typo_transform_mobile":"","ocean_menu_typo_line_height":0,"ocean_menu_typo_line_height_tablet":0,"ocean_menu_typo_line_height_mobile":0,"ocean_menu_typo_line_height_unit":"","ocean_menu_typo_spacing":0,"ocean_menu_typo_spacing_tablet":0,"ocean_menu_typo_spacing_mobile":0,"ocean_menu_typo_spacing_unit":"","ocean_menu_link_color":"","ocean_menu_link_color_hover":"","ocean_menu_link_color_active":"","ocean_menu_link_background":"","ocean_menu_link_hover_background":"","ocean_menu_link_active_background":"","ocean_menu_social_links_bg":"","ocean_menu_social_hover_links_bg":"","ocean_menu_social_links_color":"","ocean_menu_social_hover_links_color":"","ocean_disable_title":"default","ocean_disable_heading":"default","ocean_post_title":"","ocean_post_subheading":"","ocean_post_title_style":"","ocean_post_title_background_color":"","ocean_post_title_background":0,"ocean_post_title_bg_image_position":"","ocean_post_title_bg_image_attachment":"","ocean_post_title_bg_image_repeat":"","ocean_post_title_bg_image_size":"","ocean_post_title_height":0,"ocean_post_title_bg_overlay":0.5,"ocean_post_title_bg_overlay_color":"","ocean_disable_breadcrumbs":"default","ocean_breadcrumbs_color":"","ocean_breadcrumbs_separator_color":"","ocean_breadcrumbs_links_color":"","ocean_breadcrumbs_links_hover_color":"","ocean_display_footer_widgets":"default","ocean_display_footer_bottom":"default","ocean_custom_footer_template":"0","footnotes":""},"class_list":["post-2009432","page","type-page","status-publish","has-post-thumbnail","hentry","entry","has-media"],"_links":{"self":[{"href":"https:\/\/theorytest.ie\/ga\/wp-json\/wp\/v2\/pages\/2009432","targetHints":{"allow":["GET"]}}],"collection":[{"href":"https:\/\/theorytest.ie\/ga\/wp-json\/wp\/v2\/pages"}],"about":[{"href":"https:\/\/theorytest.ie\/ga\/wp-json\/wp\/v2\/types\/page"}],"author":[{"embeddable":true,"href":"https:\/\/theorytest.ie\/ga\/wp-json\/wp\/v2\/users\/2"}],"replies":[{"embeddable":true,"href":"https:\/\/theorytest.ie\/ga\/wp-json\/wp\/v2\/comments?post=2009432"}],"version-history":[{"count":0,"href":"https:\/\/theorytest.ie\/ga\/wp-json\/wp\/v2\/pages\/2009432\/revisions"}],"up":[{"embeddable":true,"href":"https:\/\/theorytest.ie\/ga\/wp-json\/wp\/v2\/pages\/2855"}],"wp:featuredmedia":[{"embeddable":true,"href":"https:\/\/theorytest.ie\/ga\/wp-json\/wp\/v2\/media\/2462"}],"wp:attachment":[{"href":"https:\/\/theorytest.ie\/ga\/wp-json\/wp\/v2\/media?parent=2009432"}],"curies":[{"name":"wp","href":"https:\/\/api.w.org\/{rel}","templated":true}]}}