{"id":2010347,"date":"2024-08-13T15:59:54","date_gmt":"2024-08-13T15:59:54","guid":{"rendered":"https:\/\/theorytest.ie\/?page_id=2010347"},"modified":"2024-08-20T14:27:24","modified_gmt":"2024-08-20T14:27:24","slug":"in-person-reader-dyslexia-support-services","status":"publish","type":"page","link":"https:\/\/theorytest.ie\/ga\/general-information\/in-person-reader-dyslexia-support-services\/","title":{"rendered":"L\u00e9itheoir\u00ed Pearsanta &amp; Seirbh\u00eds\u00ed Taca\u00edochta Disl\u00e9icse"},"content":{"rendered":"<div data-elementor-type=\"wp-post\" data-elementor-id=\"2010347\" class=\"elementor elementor-2010347\" data-elementor-post-type=\"page\">\n\t\t\t\t\t\t<section class=\"elementor-section elementor-top-section elementor-element elementor-element-45ffa323 elementor-section-height-min-height elementor-section-boxed elementor-section-height-default elementor-section-items-middle\" data-id=\"45ffa323\" data-element_type=\"section\" data-e-type=\"section\" data-settings=\"{&quot;background_background&quot;:&quot;classic&quot;}\">\n\t\t\t\t\t\t\t<div class=\"elementor-background-overlay\"><\/div>\n\t\t\t\t\t\t\t<div class=\"elementor-container elementor-column-gap-default\">\n\t\t\t\t\t<div class=\"elementor-column elementor-col-100 elementor-top-column elementor-element elementor-element-27697a30\" data-id=\"27697a30\" data-element_type=\"column\" data-e-type=\"column\">\n\t\t\t<div class=\"elementor-widget-wrap elementor-element-populated\">\n\t\t\t\t\t\t<section class=\"elementor-section elementor-inner-section elementor-element elementor-element-636778b6 elementor-section-boxed elementor-section-height-default elementor-section-height-default\" data-id=\"636778b6\" data-element_type=\"section\" data-e-type=\"section\">\n\t\t\t\t\t\t<div class=\"elementor-container elementor-column-gap-default\">\n\t\t\t\t\t<div class=\"elementor-column elementor-col-100 elementor-inner-column elementor-element elementor-element-7071036e\" data-id=\"7071036e\" data-element_type=\"column\" data-e-type=\"column\" data-settings=\"{&quot;background_background&quot;:&quot;classic&quot;}\">\n\t\t\t<div class=\"elementor-widget-wrap elementor-element-populated\">\n\t\t\t\t\t\t<div class=\"elementor-element elementor-element-4573d665 elementor-widget elementor-widget-heading\" data-id=\"4573d665\" data-element_type=\"widget\" data-e-type=\"widget\" data-widget_type=\"heading.default\">\n\t\t\t\t<div class=\"elementor-widget-container\">\n\t\t\t\t\t<p class=\"elementor-heading-title elementor-size-default\">T\u00c1ST\u00c1IL TEOIRICE TIOM\u00c1NA OIFIGI\u00daIL AN RSA<\/p>\t\t\t\t<\/div>\n\t\t\t\t<\/div>\n\t\t\t\t<div class=\"elementor-element elementor-element-389dd0c2 elementor-widget elementor-widget-heading\" data-id=\"389dd0c2\" data-element_type=\"widget\" data-e-type=\"widget\" data-widget_type=\"heading.default\">\n\t\t\t\t<div class=\"elementor-widget-container\">\n\t\t\t\t\t<h1 class=\"elementor-heading-title elementor-size-default\">Seirbh\u00eds\u00ed Taca\u00edochta L\u00e9itheora Pearsanta &amp; Disl\u00e9icse<\/h1>\t\t\t\t<\/div>\n\t\t\t\t<\/div>\n\t\t\t\t\t<\/div>\n\t\t<\/div>\n\t\t\t\t\t<\/div>\n\t\t<\/section>\n\t\t\t\t\t<\/div>\n\t\t<\/div>\n\t\t\t\t\t<\/div>\n\t\t<\/section>\n\t\t\t\t<section class=\"elementor-section elementor-top-section elementor-element elementor-element-316c2df9 elementor-section-boxed elementor-section-height-default elementor-section-height-default\" data-id=\"316c2df9\" data-element_type=\"section\" data-e-type=\"section\" data-settings=\"{&quot;background_background&quot;:&quot;classic&quot;}\">\n\t\t\t\t\t\t<div class=\"elementor-container elementor-column-gap-default\">\n\t\t\t\t\t<div class=\"elementor-column elementor-col-100 elementor-top-column elementor-element elementor-element-58204bbd\" data-id=\"58204bbd\" data-element_type=\"column\" data-e-type=\"column\">\n\t\t\t<div class=\"elementor-widget-wrap elementor-element-populated\">\n\t\t\t\t\t\t<section class=\"elementor-section elementor-inner-section elementor-element elementor-element-c737a35 elementor-section-boxed elementor-section-height-default elementor-section-height-default\" data-id=\"c737a35\" data-element_type=\"section\" data-e-type=\"section\">\n\t\t\t\t\t\t<div class=\"elementor-container elementor-column-gap-default\">\n\t\t\t\t\t<div class=\"elementor-column elementor-col-100 elementor-inner-column elementor-element elementor-element-c6f601f\" data-id=\"c6f601f\" data-element_type=\"column\" data-e-type=\"column\" data-settings=\"{&quot;background_background&quot;:&quot;classic&quot;}\">\n\t\t\t<div class=\"elementor-widget-wrap elementor-element-populated\">\n\t\t\t\t\t\t<div class=\"elementor-element elementor-element-65d3130c elementor-widget elementor-widget-breadcrumbs\" data-id=\"65d3130c\" data-element_type=\"widget\" data-e-type=\"widget\" data-widget_type=\"breadcrumbs.default\">\n\t\t\t\t<div class=\"elementor-widget-container\">\n\t\t\t\t\t<p id=\"breadcrumbs\">\tT\u00e1 t\u00fa anseo:\n<span><span><a href=\"https:\/\/theorytest.ie\/ga\/\">Baile<\/a><\/span><\/span><\/p>\t\t\t\t<\/div>\n\t\t\t\t<\/div>\n\t\t\t\t<div class=\"elementor-element elementor-element-308ae9e4 elementor-widget elementor-widget-heading\" data-id=\"308ae9e4\" data-element_type=\"widget\" data-e-type=\"widget\" data-widget_type=\"heading.default\">\n\t\t\t\t<div class=\"elementor-widget-container\">\n\t\t\t\t\t<h2 class=\"elementor-heading-title elementor-size-default\">Seirbh\u00eds\u00ed Taca\u00edochta L\u00e9itheora Pearsanta &amp; Disl\u00e9icse<\/h2>\t\t\t\t<\/div>\n\t\t\t\t<\/div>\n\t\t\t\t\t<\/div>\n\t\t<\/div>\n\t\t\t\t\t<\/div>\n\t\t<\/section>\n\t\t\t\t<section class=\"elementor-section elementor-inner-section elementor-element elementor-element-26d4e0d3 elementor-section-boxed elementor-section-height-default elementor-section-height-default\" data-id=\"26d4e0d3\" data-element_type=\"section\" data-e-type=\"section\">\n\t\t\t\t\t\t<div class=\"elementor-container elementor-column-gap-default\">\n\t\t\t\t\t<div class=\"elementor-column elementor-col-100 elementor-inner-column elementor-element elementor-element-7d0ea597\" data-id=\"7d0ea597\" data-element_type=\"column\" data-e-type=\"column\" data-settings=\"{&quot;background_background&quot;:&quot;classic&quot;}\">\n\t\t\t<div class=\"elementor-widget-wrap elementor-element-populated\">\n\t\t\t\t\t\t<div class=\"elementor-element elementor-element-58a859af elementor-widget elementor-widget-text-editor\" data-id=\"58a859af\" data-element_type=\"widget\" data-e-type=\"widget\" data-widget_type=\"text-editor.default\">\n\t\t\t\t<div class=\"elementor-widget-container\">\n\t\t\t\t\t\t\t\t\t<p><strong>An raibh a fhios agat?<\/strong><\/p><p>T\u00e1 seomra ar leith, am breise, Lexicon PDF agus an t-uathghuth\u00fa ar f\u00e1il duit gan l\u00e9itheoir pearsanta? M\u00e1s \u00e9 sin a oireann do do riachtanais, <strong>pl\u00e9igh \u00e9 seo len\u00e1r bhFoireann C\u00faraim tr\u00ed ghlaoch ar 0818 606 106<\/strong><\/p><p>M\u00e1s mian leat dul ar aghaidh le seirbh\u00eds phearsanta, f\u00e9ach ar an gcur s\u00edos th\u00edos le do thoil.<\/p>\t\t\t\t\t\t\t\t<\/div>\n\t\t\t\t<\/div>\n\t\t\t\t<div class=\"elementor-element elementor-element-71c65b5 elementor-widget elementor-widget-text-editor\" data-id=\"71c65b5\" data-element_type=\"widget\" data-e-type=\"widget\" data-widget_type=\"text-editor.default\">\n\t\t\t\t<div class=\"elementor-widget-container\">\n\t\t\t\t\t\t\t\t\t<h3>An tSeirbh\u00eds L\u00e9itheoir\u00ed Pearsanta<\/h3><p>Is \u00e9ard at\u00e1 i gceist leis an tseirbh\u00eds seo n\u00e1 l\u00e9itheoir fisiceach ina shu\u00ed in aice leat le linn do scr\u00fadaithe ag l\u00e9amh os ard na ceisteanna agus na freagra\u00ed \u00f3n sc\u00e1ile\u00e1n.<\/p><p>N\u00ed f\u00e9idir leis an l\u00e9itheoir teagmh\u00e1il a dh\u00e9anamh le haon chuid den trealamh, an luch a oiri\u00fa agus n\u00ed f\u00e9idir leo aon cheist n\u00e1 soil\u00e9irithe a d'fh\u00e9adfadh  bheith agat a fhreagairt. Is \u00e9 an ch\u00fais at\u00e1 leis seo n\u00e1 go bhf\u00e9adfadh s\u00e9 iontaofacht an scr\u00fadaithe agus bail\u00edocht do thoradh a chur i mbaol. (Tabhair faoi deara go dt\u00f3gfaidh an tseirbh\u00eds seo suas le 20 l\u00e1 gn\u00f3 chun socr\u00fa a dh\u00e9anamh).<\/p><h3>An tSeirbh\u00eds Taca\u00edochta Disl\u00e9icse Pearsanta<\/h3><p>Is \u00e9ard at\u00e1 i gceist leis an tseirbh\u00eds seo n\u00e1 an tSeirbh\u00eds L\u00e9itheora Pearsanta mar aon leis <a href=\"https:\/\/theorytest.ie\/wp-content\/uploads\/theory-test-ie-dyslexia-support-lexicon.pdf\">an liosta seo a leanas de na focail fhocl\u00f3ra<\/a> (PDF, 68kb). Seans go mbeidh na focail ar thaobh na l\u00e1imhe cl\u00e9 den t\u00e1bla seo le feice\u00e1il ar do scr\u00fad\u00fa - is f\u00e9idir leis an l\u00e9itheoir an fr\u00e1sa ionaid n\u00f3 an comhchiall d\u00edreach a thabhairt.<\/p><p>Tabhair faoi deara le do thoil go dt\u00f3gfaidh an tseirbh\u00eds seo suas le 20 l\u00e1 gn\u00f3 chun socr\u00fa a dh\u00e9anamh.<\/p><h3>Ag ullmh\u00fa do do Th\u00e1st\u00e1il<\/h3><p>Anois go bhfuil tuiscint shoil\u00e9ir agat ar na seirbh\u00eds\u00ed, t\u00e1 roinnt c\u00e9imeanna breise \u00e9igeantacha ann chun dul ar aghaidh. T\u00e1 na c\u00e9imeanna seo ann chun a chinnti\u00fa go bhfuil t\u00fa ullmhaithe agus r\u00e9idh le haghaidh do Th\u00e1st\u00e1il!<\/p><p>N\u00ed m\u00f3r duit ullmh\u00fa le haghaidh do Th\u00e1st\u00e1il ag baint \u00fas\u00e1ide as <a href=\"https:\/\/theorytest.ie\/ga\/learning-app\/\">an Feidhmchl\u00e1r Oifigi\u00fail Foghlama um Th\u00e1st\u00e1il Teoirice Tiom\u00e1na<\/a>. N\u00ed m\u00f3r duit 3 thoradh Trialacha Br\u00e9ige a chomhl\u00e1n\u00fa, a phas\u00e1il agus a sheoladh laistigh den aip.<\/p><h3>Cad iad na bunt\u00e1ist\u00ed a bhaineann leis an Triail Oifigi\u00fail Br\u00e9ige Teoirice a \u00fas\u00e1id?<\/h3><figure id=\"attachment_2009868\" aria-describedby=\"caption-attachment-2009868\" style=\"width: 200px\" class=\"wp-caption alignright\"><a href=\"https:\/\/theorytest.ie\/ga\/learning-app\/\"><img decoding=\"async\" class=\"wp-image-2009868\" title=\"The Official Driver Theory Test Learning App\" src=\"https:\/\/theorytest.ie\/wp-content\/uploads\/iTunesArtwork@1x_1-1024x1024.png\" alt=\"The Official Driver Theory Test Learning App\" width=\"200\" height=\"200\" srcset=\"https:\/\/theorytest.ie\/wp-content\/uploads\/iTunesArtwork@1x_1-1024x1024.png 1024w, https:\/\/theorytest.ie\/wp-content\/uploads\/iTunesArtwork@1x_1-768x768.png 768w, https:\/\/theorytest.ie\/wp-content\/uploads\/iTunesArtwork@1x_1-12x12.png 12w, https:\/\/theorytest.ie\/wp-content\/uploads\/iTunesArtwork@1x_1-600x600.png 600w, https:\/\/theorytest.ie\/wp-content\/uploads\/iTunesArtwork@1x_1.png 1536w\" sizes=\"(max-width: 200px) 100vw, 200px\" \/><\/a><figcaption id=\"caption-attachment-2009868\" class=\"wp-caption-text\">The Official Driver Theory Test Learning App<\/figcaption><\/figure><ul><li>Cuid\u00edonn s\u00e9 lena chinnti\u00fa go bhfuil an t\u00c1bhar Athbhreithnithe ceart \u00e1 \u00fas\u00e1id agat<\/li><li>Cuid\u00edonn s\u00e9 leat eolas a chur ar na f\u00edor-Cheisteanna agus Freagra\u00ed T\u00e1st\u00e1la<\/li><li>Cuid\u00edonn s\u00e9 le r\u00e9ims\u00ed laige a aithint<\/li><li>Feabhas a chur ar scileanna bainist\u00edochta ama<\/li><li>Neart\u00fa Muin\u00edne<\/li><li>Laghd\u00fa Imn\u00ed<\/li><li>Sol\u00e1thra\u00edonn aiseolas luachmhar<\/li><li>Cuid\u00edonn s\u00e9 le do dhul chun cinn a rian\u00fa<\/li><li>Tugann s\u00e9 fios duit nuair at\u00e1 t\u00fa r\u00e9idh le t\u00e1st\u00e1il<\/li><\/ul><h3>Do Thortha\u00ed a Sheoladh<\/h3><p>Chun do thortha\u00ed a sheoladh chugainn lean na treoracha th\u00edos le do thoil. <strong>Tabhair faoi deara:<\/strong> ba ch\u00f3ir go mbeadh do ch\u00e9adainm mar Thagairt \u00das\u00e1ideora.<\/p>\t\t\t\t\t\t\t\t<\/div>\n\t\t\t\t<\/div>\n\t\t\t\t<div class=\"elementor-element elementor-element-6b4d558e elementor-widget elementor-widget-timeline-widget-addon\" data-id=\"6b4d558e\" data-element_type=\"widget\" data-e-type=\"widget\" data-widget_type=\"timeline-widget-addon.default\">\n\t\t\t\t<div class=\"elementor-widget-container\">\n\t\t\t\t\t<!-- ========= Timeline Widget Pro For Elementor 1.10 ========= -->\r\n<div id=\"twae-wrapper-6b4d558e\" data-style=\"style-1\" data-enable-popup=\"no\" data-space=\"30\" data-line-filling=\"\" class=\"twae-vertical twae-wrapper twae-both-sided style-1 twae-bg-simple\">   \r\n    <div class=\"twae-start\"><\/div>    \r\n    <div id=\"twae-line-6b4d558e\" data-style=\"style-1\" data-line_id=\"twae-line-6b4d558e\" class=\"twae-line twae-timeline\" ><div id=\"twae-090f612\" class=\"twae-story elementor-repeater-item-090f612 twae-repeater-item twae-story-right twae-story-icon\"><div class=\"twae-labels\" data-aos=\"flip-up\"><div class=\"twae-label-big\">C\u00e9im 1: T\u00e9igh go dt\u00ed \"Athraigh Socruithe\"<\/div><\/div><div class=\"twae-icon\"><span class=\"twae_icon_text\">1<\/span><\/div><div class=\"twae-arrow\" ><\/div><div class=\"twae-content\"  data-aos=\"flip-up\"><div class=\"twae-title\"><\/div><div class=\"twae-media full\"><img fetchpriority=\"high\" decoding=\"async\" width=\"718\" height=\"1398\" src=\"https:\/\/theorytest.ie\/wp-content\/uploads\/theory-test-ie-in-person-reader-and-dyslexia-services-app-screen-1-.webp\" class=\"attachment-full size-full\" alt=\"\" srcset=\"https:\/\/theorytest.ie\/wp-content\/uploads\/theory-test-ie-in-person-reader-and-dyslexia-services-app-screen-1-.webp 718w, https:\/\/theorytest.ie\/wp-content\/uploads\/theory-test-ie-in-person-reader-and-dyslexia-services-app-screen-1--526x1024.webp 526w, https:\/\/theorytest.ie\/wp-content\/uploads\/theory-test-ie-in-person-reader-and-dyslexia-services-app-screen-1--6x12.webp 6w\" sizes=\"(max-width: 718px) 100vw, 718px\" \/><\/div><div class=\"twae-description\"><\/div><\/div><\/div><div id=\"twae-e25794d\" class=\"twae-story elementor-repeater-item-e25794d twae-repeater-item twae-story-left twae-story-icon\"><div class=\"twae-labels\" data-aos=\"flip-up\"><div class=\"twae-label-big\">C\u00e9im 2: Ansin \"Seol Sonra\u00ed\"<\/div><\/div><div class=\"twae-icon\"><span class=\"twae_icon_text\">2<\/span><\/div><div class=\"twae-arrow\" ><\/div><div class=\"twae-content\"  data-aos=\"flip-up\"><div class=\"twae-title\"><\/div><div class=\"twae-media full\"><img decoding=\"async\" width=\"718\" height=\"1398\" src=\"https:\/\/theorytest.ie\/wp-content\/uploads\/theory-test-ie-in-person-reader-and-dyslexia-services-app-screen-2.webp\" class=\"attachment-full size-full\" alt=\"\" srcset=\"https:\/\/theorytest.ie\/wp-content\/uploads\/theory-test-ie-in-person-reader-and-dyslexia-services-app-screen-2.webp 718w, https:\/\/theorytest.ie\/wp-content\/uploads\/theory-test-ie-in-person-reader-and-dyslexia-services-app-screen-2-526x1024.webp 526w, https:\/\/theorytest.ie\/wp-content\/uploads\/theory-test-ie-in-person-reader-and-dyslexia-services-app-screen-2-6x12.webp 6w\" sizes=\"(max-width: 718px) 100vw, 718px\" \/><\/div><div class=\"twae-description\"><\/div><\/div><\/div><div id=\"twae-ca4996f\" class=\"twae-story elementor-repeater-item-ca4996f twae-repeater-item twae-story-right twae-story-icon\"><div class=\"twae-labels\" data-aos=\"flip-up\"><div class=\"twae-label-big\">C\u00e9im 3: Cuir sonra\u00ed leis agus clice\u00e1il \"Deimhnigh\"<\/div><\/div><div class=\"twae-icon\"><span class=\"twae_icon_text\">3<\/span><\/div><div class=\"twae-arrow\" ><\/div><div class=\"twae-content\"  data-aos=\"flip-up\"><div class=\"twae-title\"><\/div><div class=\"twae-media full\"><img loading=\"lazy\" decoding=\"async\" width=\"718\" height=\"1398\" src=\"https:\/\/theorytest.ie\/wp-content\/uploads\/theory-test-ie-in-person-reader-and-dyslexia-services-app-screen-1.webp\" class=\"attachment-full size-full\" alt=\"\" srcset=\"https:\/\/theorytest.ie\/wp-content\/uploads\/theory-test-ie-in-person-reader-and-dyslexia-services-app-screen-1.webp 718w, https:\/\/theorytest.ie\/wp-content\/uploads\/theory-test-ie-in-person-reader-and-dyslexia-services-app-screen-1-526x1024.webp 526w, https:\/\/theorytest.ie\/wp-content\/uploads\/theory-test-ie-in-person-reader-and-dyslexia-services-app-screen-1-6x12.webp 6w\" sizes=\"(max-width: 718px) 100vw, 718px\" \/><\/div><div class=\"twae-description\"><\/div><\/div><\/div><\/div>\r\n<div class=\"twae-end\"><\/div>   \r\n<\/div><style type=\"text\/css\"><\/style>\t\t\t\t<\/div>\n\t\t\t\t<\/div>\n\t\t\t\t<div class=\"elementor-element elementor-element-30bb7161 elementor-widget elementor-widget-text-editor\" data-id=\"30bb7161\" data-element_type=\"widget\" data-e-type=\"widget\" data-widget_type=\"text-editor.default\">\n\t\t\t\t<div class=\"elementor-widget-container\">\n\t\t\t\t\t\t\t\t\t<h3>Iarratas ar Athbhreithni\u00fa<\/h3><p>Nuair a bheidh do thortha\u00ed cr\u00edochnaithe go rath\u00fail agat agus seolta agat tr\u00edd an aip is f\u00e9idir leat iarratas athbhreithnithe a chur isteach tr\u00edd \u00e1r <a href=\"https:\/\/fs6.formsite.com\/Prometric\/form31\/index.html\">Foirm Iarratais Taca\u00edochta<\/a> n\u00f3 d\u00e9an teagmh\u00e1il len\u00e1r bhfoireann ar 0818 606 106.<\/p><p>D\u00e9anfaidh speisialt\u00f3ir c\u00faraim teagmh\u00e1il leat maidir le d\u2019iarratas laistigh de 3 l\u00e1 gn\u00f3.<\/p>\t\t\t\t\t\t\t\t<\/div>\n\t\t\t\t<\/div>\n\t\t\t\t\t<\/div>\n\t\t<\/div>\n\t\t\t\t\t<\/div>\n\t\t<\/section>\n\t\t\t\t\t<\/div>\n\t\t<\/div>\n\t\t\t\t\t<\/div>\n\t\t<\/section>\n\t\t\t\t<\/div>","protected":false},"excerpt":{"rendered":"<p>Is l\u00e9itheoir fisiceach \u00e9 \u00e1r Seirbh\u00eds L\u00e9itheoireachta Pearsanta a shu\u00edonn in aice leat i rith do scr\u00fadaithe agus a l\u00e9ann na ceisteanna agus na freagra\u00ed os ard \u00f3n sc\u00e1ile\u00e1n. Cuireann an tSeirbh\u00eds Taca\u00edochta Disl\u00e9icse Pearsanta focail Fhocl\u00f3ra \u00e1irithe leis. <\/p>","protected":false},"author":2,"featured_media":2008784,"parent":3330,"menu_order":0,"comment_status":"closed","ping_status":"closed","template":"","meta":{"ocean_post_layout":"","ocean_both_sidebars_style":"","ocean_both_sidebars_content_width":0,"ocean_both_sidebars_sidebars_width":0,"ocean_sidebar":"0","ocean_second_sidebar":"0","ocean_disable_margins":"enable","ocean_add_body_class":"","ocean_shortcode_before_top_bar":"","ocean_shortcode_after_top_bar":"","ocean_shortcode_before_header":"","ocean_shortcode_after_header":"","ocean_has_shortcode":"","ocean_shortcode_after_title":"","ocean_shortcode_before_footer_widgets":"","ocean_shortcode_after_footer_widgets":"","ocean_shortcode_before_footer_bottom":"","ocean_shortcode_after_footer_bottom":"","ocean_display_top_bar":"default","ocean_display_header":"default","ocean_header_style":"","ocean_center_header_left_menu":"0","ocean_custom_header_template":"0","ocean_custom_logo":0,"ocean_custom_retina_logo":0,"ocean_custom_logo_max_width":0,"ocean_custom_logo_tablet_max_width":0,"ocean_custom_logo_mobile_max_width":0,"ocean_custom_logo_max_height":0,"ocean_custom_logo_tablet_max_height":0,"ocean_custom_logo_mobile_max_height":0,"ocean_header_custom_menu":"0","ocean_menu_typo_font_family":"0","ocean_menu_typo_font_subset":"","ocean_menu_typo_font_size":0,"ocean_menu_typo_font_size_tablet":0,"ocean_menu_typo_font_size_mobile":0,"ocean_menu_typo_font_size_unit":"px","ocean_menu_typo_font_weight":"","ocean_menu_typo_font_weight_tablet":"","ocean_menu_typo_font_weight_mobile":"","ocean_menu_typo_transform":"","ocean_menu_typo_transform_tablet":"","ocean_menu_typo_transform_mobile":"","ocean_menu_typo_line_height":0,"ocean_menu_typo_line_height_tablet":0,"ocean_menu_typo_line_height_mobile":0,"ocean_menu_typo_line_height_unit":"","ocean_menu_typo_spacing":0,"ocean_menu_typo_spacing_tablet":0,"ocean_menu_typo_spacing_mobile":0,"ocean_menu_typo_spacing_unit":"","ocean_menu_link_color":"","ocean_menu_link_color_hover":"","ocean_menu_link_color_active":"","ocean_menu_link_background":"","ocean_menu_link_hover_background":"","ocean_menu_link_active_background":"","ocean_menu_social_links_bg":"","ocean_menu_social_hover_links_bg":"","ocean_menu_social_links_color":"","ocean_menu_social_hover_links_color":"","ocean_disable_title":"default","ocean_disable_heading":"default","ocean_post_title":"","ocean_post_subheading":"","ocean_post_title_style":"","ocean_post_title_background_color":"","ocean_post_title_background":0,"ocean_post_title_bg_image_position":"","ocean_post_title_bg_image_attachment":"","ocean_post_title_bg_image_repeat":"","ocean_post_title_bg_image_size":"","ocean_post_title_height":0,"ocean_post_title_bg_overlay":0.5,"ocean_post_title_bg_overlay_color":"","ocean_disable_breadcrumbs":"default","ocean_breadcrumbs_color":"","ocean_breadcrumbs_separator_color":"","ocean_breadcrumbs_links_color":"","ocean_breadcrumbs_links_hover_color":"","ocean_display_footer_widgets":"default","ocean_display_footer_bottom":"default","ocean_custom_footer_template":"0","footnotes":""},"class_list":["post-2010347","page","type-page","status-publish","has-post-thumbnail","hentry","entry","has-media"],"_links":{"self":[{"href":"https:\/\/theorytest.ie\/ga\/wp-json\/wp\/v2\/pages\/2010347","targetHints":{"allow":["GET"]}}],"collection":[{"href":"https:\/\/theorytest.ie\/ga\/wp-json\/wp\/v2\/pages"}],"about":[{"href":"https:\/\/theorytest.ie\/ga\/wp-json\/wp\/v2\/types\/page"}],"author":[{"embeddable":true,"href":"https:\/\/theorytest.ie\/ga\/wp-json\/wp\/v2\/users\/2"}],"replies":[{"embeddable":true,"href":"https:\/\/theorytest.ie\/ga\/wp-json\/wp\/v2\/comments?post=2010347"}],"version-history":[{"count":0,"href":"https:\/\/theorytest.ie\/ga\/wp-json\/wp\/v2\/pages\/2010347\/revisions"}],"up":[{"embeddable":true,"href":"https:\/\/theorytest.ie\/ga\/wp-json\/wp\/v2\/pages\/3330"}],"wp:featuredmedia":[{"embeddable":true,"href":"https:\/\/theorytest.ie\/ga\/wp-json\/wp\/v2\/media\/2008784"}],"wp:attachment":[{"href":"https:\/\/theorytest.ie\/ga\/wp-json\/wp\/v2\/media?parent=2010347"}],"curies":[{"name":"wp","href":"https:\/\/api.w.org\/{rel}","templated":true}]}}