{"id":3022,"date":"2018-09-24T15:47:25","date_gmt":"2018-09-24T15:47:25","guid":{"rendered":"https:\/\/theorytest.ie\/?page_id=3022"},"modified":"2026-04-07T13:15:32","modified_gmt":"2026-04-07T13:15:32","slug":"contact-us","status":"publish","type":"page","link":"https:\/\/theorytest.ie\/ga\/general-information\/contact-us\/","title":{"rendered":"D\u00e9an teagmh\u00e1il linn"},"content":{"rendered":"<div data-elementor-type=\"wp-post\" data-elementor-id=\"3022\" class=\"elementor elementor-3022\" data-elementor-post-type=\"page\">\n\t\t\t\t\t\t<section class=\"elementor-section elementor-top-section elementor-element elementor-element-46a62f88 elementor-section-height-min-height elementor-section-boxed elementor-section-height-default elementor-section-items-middle\" data-id=\"46a62f88\" data-element_type=\"section\" data-e-type=\"section\" data-settings=\"{&quot;background_background&quot;:&quot;classic&quot;}\">\n\t\t\t\t\t\t\t<div class=\"elementor-background-overlay\"><\/div>\n\t\t\t\t\t\t\t<div class=\"elementor-container elementor-column-gap-default\">\n\t\t\t\t\t<div class=\"elementor-column elementor-col-100 elementor-top-column elementor-element elementor-element-43a28e74\" data-id=\"43a28e74\" data-element_type=\"column\" data-e-type=\"column\">\n\t\t\t<div class=\"elementor-widget-wrap elementor-element-populated\">\n\t\t\t\t\t\t<section class=\"elementor-section elementor-inner-section elementor-element elementor-element-7edac40f elementor-section-boxed elementor-section-height-default elementor-section-height-default\" data-id=\"7edac40f\" data-element_type=\"section\" data-e-type=\"section\">\n\t\t\t\t\t\t<div class=\"elementor-container elementor-column-gap-default\">\n\t\t\t\t\t<div class=\"elementor-column elementor-col-100 elementor-inner-column elementor-element elementor-element-57f63e9f\" data-id=\"57f63e9f\" data-element_type=\"column\" data-e-type=\"column\" data-settings=\"{&quot;background_background&quot;:&quot;classic&quot;}\">\n\t\t\t<div class=\"elementor-widget-wrap elementor-element-populated\">\n\t\t\t\t\t\t<div class=\"elementor-element elementor-element-519ff519 elementor-widget elementor-widget-heading\" data-id=\"519ff519\" data-element_type=\"widget\" data-e-type=\"widget\" data-widget_type=\"heading.default\">\n\t\t\t\t<div class=\"elementor-widget-container\">\n\t\t\t\t\t<p class=\"elementor-heading-title elementor-size-default\">T\u00c1ST\u00c1IL TEOIRICE TIOM\u00c1NA OIFIGI\u00daIL AN RSA<\/p>\t\t\t\t<\/div>\n\t\t\t\t<\/div>\n\t\t\t\t<div class=\"elementor-element elementor-element-5ceba460 elementor-widget elementor-widget-heading\" data-id=\"5ceba460\" data-element_type=\"widget\" data-e-type=\"widget\" data-widget_type=\"heading.default\">\n\t\t\t\t<div class=\"elementor-widget-container\">\n\t\t\t\t\t<h1 class=\"elementor-heading-title elementor-size-default\">D\u00e9an teagmh\u00e1il linn<\/h1>\t\t\t\t<\/div>\n\t\t\t\t<\/div>\n\t\t\t\t\t<\/div>\n\t\t<\/div>\n\t\t\t\t\t<\/div>\n\t\t<\/section>\n\t\t\t\t\t<\/div>\n\t\t<\/div>\n\t\t\t\t\t<\/div>\n\t\t<\/section>\n\t\t\t\t<section class=\"elementor-section elementor-top-section elementor-element elementor-element-52a898b8 elementor-section-boxed elementor-section-height-default elementor-section-height-default\" data-id=\"52a898b8\" data-element_type=\"section\" data-e-type=\"section\" data-settings=\"{&quot;background_background&quot;:&quot;classic&quot;}\">\n\t\t\t\t\t\t<div class=\"elementor-container elementor-column-gap-default\">\n\t\t\t\t\t<div class=\"elementor-column elementor-col-100 elementor-top-column elementor-element elementor-element-42d611b7\" data-id=\"42d611b7\" data-element_type=\"column\" data-e-type=\"column\">\n\t\t\t<div class=\"elementor-widget-wrap elementor-element-populated\">\n\t\t\t\t\t\t<section class=\"elementor-section elementor-inner-section elementor-element elementor-element-7bfd2d31 elementor-section-boxed elementor-section-height-default elementor-section-height-default\" data-id=\"7bfd2d31\" data-element_type=\"section\" data-e-type=\"section\">\n\t\t\t\t\t\t<div class=\"elementor-container elementor-column-gap-default\">\n\t\t\t\t\t<div class=\"elementor-column elementor-col-100 elementor-inner-column elementor-element elementor-element-f9d7803\" data-id=\"f9d7803\" data-element_type=\"column\" data-e-type=\"column\" data-settings=\"{&quot;background_background&quot;:&quot;classic&quot;}\">\n\t\t\t<div class=\"elementor-widget-wrap elementor-element-populated\">\n\t\t\t\t\t\t<div class=\"elementor-element elementor-element-42c496fd elementor-widget elementor-widget-breadcrumbs\" data-id=\"42c496fd\" data-element_type=\"widget\" data-e-type=\"widget\" data-widget_type=\"breadcrumbs.default\">\n\t\t\t\t<div class=\"elementor-widget-container\">\n\t\t\t\t\t<p id=\"breadcrumbs\">\tT\u00e1 t\u00fa anseo:\n<span><span><a href=\"https:\/\/theorytest.ie\/ga\/\">Baile<\/a><\/span><\/span><\/p>\t\t\t\t<\/div>\n\t\t\t\t<\/div>\n\t\t\t\t<div class=\"elementor-element elementor-element-31d46252 elementor-widget elementor-widget-heading\" data-id=\"31d46252\" data-element_type=\"widget\" data-e-type=\"widget\" data-widget_type=\"heading.default\">\n\t\t\t\t<div class=\"elementor-widget-container\">\n\t\t\t\t\t<h2 class=\"elementor-heading-title elementor-size-default\">D\u00e9an teagmh\u00e1il linn<\/h2>\t\t\t\t<\/div>\n\t\t\t\t<\/div>\n\t\t\t\t\t<\/div>\n\t\t<\/div>\n\t\t\t\t\t<\/div>\n\t\t<\/section>\n\t\t\t\t<section class=\"elementor-section elementor-inner-section elementor-element elementor-element-43b70d75 elementor-section-boxed elementor-section-height-default elementor-section-height-default\" data-id=\"43b70d75\" data-element_type=\"section\" data-e-type=\"section\">\n\t\t\t\t\t\t<div class=\"elementor-container elementor-column-gap-default\">\n\t\t\t\t\t<div class=\"elementor-column elementor-col-100 elementor-inner-column elementor-element elementor-element-8c206fb\" data-id=\"8c206fb\" data-element_type=\"column\" data-e-type=\"column\" data-settings=\"{&quot;background_background&quot;:&quot;classic&quot;}\">\n\t\t\t<div class=\"elementor-widget-wrap elementor-element-populated\">\n\t\t\t\t\t\t<div class=\"elementor-element elementor-element-a4dacd8 elementor-alert-danger elementor-widget elementor-widget-alert\" data-id=\"a4dacd8\" data-element_type=\"widget\" data-e-type=\"widget\" data-widget_type=\"alert.default\">\n\t\t\t\t<div class=\"elementor-widget-container\">\n\t\t\t\t\t\t\t<div class=\"elementor-alert\" role=\"alert\">\n\n\t\t\t\t\t\t<span class=\"elementor-alert-title\">An g\u00e1 duit do Th\u00e1st\u00e1il a Ath-Sceideal\u00fa n\u00f3 a Cheal\u00fa?<\/span>\n\t\t\t\n\t\t\t\t\t\t<span class=\"elementor-alert-description\"><br><strong>Tabhair faoi deara: N\u00ed cheada\u00edtear iarratais ar sceideal\u00fa, athsceideal\u00fa n\u00e1 ceal\u00fa tr\u00ed na roghanna teagmh\u00e1la ar an leathanach seo. <\/strong>\nIna \u00e1it sin, tabhair cuairt ar na leathanaigh seo:<br><br>\n\n<ul>\n \t<li><a href=\"https:\/\/theorytest.ie\/ga\/book-your-theory-test\/\">Sceideal\/Cuir in \u00e1irithe do Th\u00e1st\u00e1il Teoirice Tiom\u00e1na<\/a><\/li>\n \t<li><a href=\"https:\/\/theorytest.ie\/ga\/book-your-theory-test\/reschedule-your-theory-test\/\">Athsceideal\u00fa\/Ceal\u00fa do Choinne T\u00e1st\u00e1la<\/a><\/li>\n \t<li><a href=\"https:\/\/eu-proscheduler.prometric.com\/scheduling\/appointmentsearch\" target=\"_blank\" rel=\"noopener\">Deimhnigh do Cheapach\u00e1n T\u00e1st\u00e1la at\u00e1 ann cheana f\u00e9in<\/a> (Oscla\u00edtear i gcluais\u00edn brabhs\u00e1la\u00ed nua)<\/li>\n \t<li><a href=\"https:\/\/theorytest.ie\/ga\/general-information\/id-requirements\/\">Cad iad na Riachtanais maidir le haitheantas t\u00e1st\u00e1la?<\/a><\/li>\n \t<li><a href=\"https:\/\/theorytest.ie\/ga\/general-information\/faqs\/\">Ceisteanna Coitianta (CCanna) faoin T\u00e1st\u00e1il Teoirice Tiom\u00e1na<\/a><\/li>\n<\/ul>\n<\/span>\n\t\t\t\n\t\t\t\n\t\t<\/div>\n\t\t\t\t\t\t<\/div>\n\t\t\t\t<\/div>\n\t\t\t\t<div class=\"elementor-element elementor-element-3bd3a5e elementor-alert-danger elementor-widget elementor-widget-alert\" data-id=\"3bd3a5e\" data-element_type=\"widget\" data-e-type=\"widget\" data-widget_type=\"alert.default\">\n\t\t\t\t<div class=\"elementor-widget-container\">\n\t\t\t\t\t\t\t<div class=\"elementor-alert\" role=\"alert\">\n\n\t\t\t\t\t\t<span class=\"elementor-alert-title\">An dteasta\u00edonn c\u00fanamh uait?<\/span>\n\t\t\t\n\t\t\t\t\t\t<span class=\"elementor-alert-description\">M\u00e1 theasta\u00edonn c\u00fanamh uait (ISL, Taca\u00edocht Disl\u00e9icse srl) n\u00f3 roghanna saor\u00e1id\u00ed teanga f\u00e9ach ar \u00e1r su\u00edomh le do thoil <a href=\"https:\/\/theorytest.ie\/ga\/general-information\/test-day-assistance-support\/\">C\u00fanamh\/Taca\u00edocht L\u00e1 na T\u00e1st\u00e1la<\/a> .\n\n<\/span>\n\t\t\t\n\t\t\t\n\t\t<\/div>\n\t\t\t\t\t\t<\/div>\n\t\t\t\t<\/div>\n\t\t\t\t<div class=\"elementor-element elementor-element-5966202 elementor-widget elementor-widget-text-editor\" data-id=\"5966202\" data-element_type=\"widget\" data-e-type=\"widget\" data-widget_type=\"text-editor.default\">\n\t\t\t\t<div class=\"elementor-widget-container\">\n\t\t\t\t\t\t\t\t\t<p><strong>T\u00e1 cabhair ghinear\u00e1lta agus eolas faoin\u00e1r seirbh\u00eds\u00ed ar f\u00e1il ar an leathanach seo tr\u00ed:<\/strong><\/p><ul><li>Foirm teagmh\u00e1la<\/li><li>Comhr\u00e1 beo<\/li><li>F\u00f3n<\/li><li>Post<\/li><\/ul>\t\t\t\t\t\t\t\t<\/div>\n\t\t\t\t<\/div>\n\t\t\t\t<div class=\"elementor-element elementor-element-e1ec543 elementor-widget elementor-widget-text-editor\" data-id=\"e1ec543\" data-element_type=\"widget\" data-e-type=\"widget\" data-widget_type=\"text-editor.default\">\n\t\t\t\t<div class=\"elementor-widget-container\">\n\t\t\t\t\t\t\t\t\t<h3>Foirm Teagmh\u00e1la<\/h3><p>You can chat live with our operators by clicking the chat icon at the bottom right of your screen. Our team is available Monday to Friday, 8.30am to 5.30pm, excluding bank holidays.<\/p><p>For urgent matters outside these hours, please check our <a href=\"https:\/\/theorytest.ie\/ga\/general-information\/faqs\/\">CCanna<\/a>, which may have the answers you need quickly.<\/p><p><strong>Tabhair faoi deara: N\u00ed cheada\u00edtear iarratais ar sceideal\u00fa n\u00e1 athsceideal\u00fa tr\u00edd an bhfoirm teagmh\u00e1la seo.<\/strong> F\u00e9ach na naisc th\u00edos le do Th\u00e1st\u00e1il a sceideal\u00fa\/athsceideal\u00fa n\u00f3 a cheal\u00fa:<\/p><ul><li><a href=\"https:\/\/theorytest.ie\/ga\/book-your-theory-test\/\">Sceideal\/Cuir in \u00e1irithe do Th\u00e1st\u00e1il Teoirice Tiom\u00e1na<\/a><\/li><li><a href=\"https:\/\/theorytest.ie\/ga\/book-your-theory-test\/reschedule-your-theory-test\/\">Athsceideal\u00fa\/Ceal\u00fa do Choinne T\u00e1st\u00e1la<\/a><\/li><li><a href=\"https:\/\/eu-proscheduler.prometric.com\/scheduling\/appointmentsearch\" target=\"_blank\" rel=\"noopener\">Deimhnigh do Cheapach\u00e1n T\u00e1st\u00e1la at\u00e1 ann cheana f\u00e9in<\/a> (Oscla\u00edtear i gcluais\u00edn brabhs\u00e1la\u00ed nua)<\/li><li><a href=\"https:\/\/theorytest.ie\/ga\/general-information\/id-requirements\/\">Cad iad na Riachtanais maidir le haitheantas t\u00e1st\u00e1la?<\/a><\/li><li><a href=\"https:\/\/theorytest.ie\/ga\/general-information\/faqs\/\">Ceisteanna Coitianta (CCanna) faoin T\u00e1st\u00e1il Teoirice Tiom\u00e1na<\/a><\/li><\/ul>\t\t\t\t\t\t\t\t<\/div>\n\t\t\t\t<\/div>\n\t\t\t\t<div class=\"elementor-element elementor-element-9b009c4 elementor-button-danger elementor-widget elementor-widget-button\" data-id=\"9b009c4\" data-element_type=\"widget\" data-e-type=\"widget\" data-widget_type=\"button.default\">\n\t\t\t\t<div class=\"elementor-widget-container\">\n\t\t\t\t\t\t\t\t\t<div class=\"elementor-button-wrapper\">\n\t\t\t\t\t<a class=\"elementor-button elementor-button-link elementor-size-md\" href=\"https:\/\/fs6.formsite.com\/Prometric\/form253\/index.html\" target=\"_blank\">\n\t\t\t\t\t\t<span class=\"elementor-button-content-wrapper\">\n\t\t\t\t\t\t<span class=\"elementor-button-icon\">\n\t\t\t\t<svg aria-hidden=\"true\" class=\"e-font-icon-svg e-fas-arrow-circle-right\" viewbox=\"0 0 512 512\" xmlns=\"http:\/\/www.w3.org\/2000\/svg\"><path d=\"M256 8c137 0 248 111 248 248S393 504 256 504 8 393 8 256 119 8 256 8zm-28.9 143.6l75.5 72.4H120c-13.3 0-24 10.7-24 24v16c0 13.3 10.7 24 24 24h182.6l-75.5 72.4c-9.7 9.3-9.9 24.8-.4 34.3l11 10.9c9.4 9.4 24.6 9.4 33.9 0L404.3 273c9.4-9.4 9.4-24.6 0-33.9L271.6 106.3c-9.4-9.4-24.6-9.4-33.9 0l-11 10.9c-9.5 9.6-9.3 25.1.4 34.4z\"><\/path><\/svg>\t\t\t<\/span>\n\t\t\t\t\t\t\t\t\t<span class=\"elementor-button-text\">D\u00e9an Teagmh\u00e1il Linn <\/span>\n\t\t\t\t\t<\/span>\n\t\t\t\t\t<\/a>\n\t\t\t\t<\/div>\n\t\t\t\t\t\t\t\t<\/div>\n\t\t\t\t<\/div>\n\t\t\t\t<div class=\"elementor-element elementor-element-70781e1 elementor-widget elementor-widget-text-editor\" data-id=\"70781e1\" data-element_type=\"widget\" data-e-type=\"widget\" data-widget_type=\"text-editor.default\">\n\t\t\t\t<div class=\"elementor-widget-container\">\n\t\t\t\t\t\t\t\t\t<h3>Comhr\u00e1 beo<\/h3>\n<p>Is f\u00e9idir leat comhr\u00e1 beo a dh\u00e9anamh len\u00e1r n-oibreoir\u00ed nuair a bh\u00edonn an deilbh\u00edn glas comhr\u00e1 ar l\u00edne le feice\u00e1il th\u00edos. Nuair nach bhfuil aon oibreoir\u00ed ar f\u00e1il feicfidh t\u00fa deilbh\u00edn liath. Mura bhfuil aon deilbh\u00edn le feice\u00e1il duit, cumasaigh \u201cFian\u00e1in Fheidhmi\u00fala\u201d tr\u00ed chlice\u00e1il ar an gcnaipe fian\u00e1n ciorclach glas ag bun na l\u00e1imhe cl\u00e9 den leathanach seo.<\/p>\n<p><strong>Tabhair faoi deara: N\u00ed cheada\u00edtear iarratais sceidealaithe n\u00e1 athsceidealaithe tr\u00edd an gComhr\u00e1 Beo seo.<\/strong> F\u00e9ach ar na naisc thuas le do thoil chun do Th\u00e1st\u00e1il a sceideal\u00fa\/athsceideal\u00fa n\u00f3 a cheal\u00fa.<\/p>\t\t\t\t\t\t\t\t<\/div>\n\t\t\t\t<\/div>\n\t\t\t\t<div class=\"elementor-element elementor-element-8cfc2d9 elementor-widget elementor-widget-text-editor\" data-id=\"8cfc2d9\" data-element_type=\"widget\" data-e-type=\"widget\" data-widget_type=\"text-editor.default\">\n\t\t\t\t<div class=\"elementor-widget-container\">\n\t\t\t\t\t\t\t\t\t<h3>Post<\/h3>\n<p>Chun do Th\u00e1st\u00e1il Teoirice a chur in \u00e1irithe tr\u00edd an bpost, \u00edosl\u00f3d\u00e1il an fhoirm iarratais chu\u00ed:<\/p>\n<ul>\n<li><a href=\"https:\/\/theorytest.ie\/wp-content\/uploads\/driver-theory-test-ireland-dtt-car-bike-printed-application-form.pdf\">T\u00e1st\u00e1il Teoirice Tiom\u00e1na<\/a> (PDF, 110kb)<\/li>\n<li><a href=\"https:\/\/theorytest.ie\/wp-content\/uploads\/driver-theory-test-ireland-cpc-printed-application-form.pdf\" target=\"_blank\" rel=\"noopener\">T\u00e1st\u00e1il Teoirice CPC Tiom\u00e1na\u00ed<\/a> (PDF, 153kb)<\/li>\n<\/ul>\n<p>Priont\u00e1il, comhl\u00e1naigh agus seol chuig:<\/p>\n<p><strong>T\u00e1st\u00e1il Teoirice Tiom\u00e1na,<\/strong><br><strong>Bosca Poist 15,<\/strong><br><strong>D\u00fan Dealgan<\/strong><br><strong>Co. L\u00fa.<\/strong><\/p>\t\t\t\t\t\t\t\t<\/div>\n\t\t\t\t<\/div>\n\t\t\t\t<div class=\"elementor-element elementor-element-99bb884 elementor-widget elementor-widget-text-editor\" data-id=\"99bb884\" data-element_type=\"widget\" data-e-type=\"widget\" data-widget_type=\"text-editor.default\">\n\t\t\t\t<div class=\"elementor-widget-container\">\n\t\t\t\t\t\t\t\t\t<h3>Uimhreacha Teagmh\u00e1la<\/h3>\t\t\t\t\t\t\t\t<\/div>\n\t\t\t\t<\/div>\n\t\t\t\t<div class=\"elementor-element elementor-element-e4f723e elementor-widget elementor-widget-toggle\" data-id=\"e4f723e\" data-element_type=\"widget\" data-e-type=\"widget\" data-widget_type=\"toggle.default\">\n\t\t\t\t<div class=\"elementor-widget-container\">\n\t\t\t\t\t\t\t<div class=\"elementor-toggle\">\n\t\t\t\t\t\t\t<div class=\"elementor-toggle-item\">\n\t\t\t\t\t<div id=\"elementor-tab-title-2401\" class=\"elementor-tab-title\" data-tab=\"1\" role=\"button\" aria-controls=\"elementor-tab-content-2401\" aria-expanded=\"false\">\n\t\t\t\t\t\t\t\t\t\t\t\t<span class=\"elementor-toggle-icon elementor-toggle-icon-left\" aria-hidden=\"true\">\n\t\t\t\t\t\t\t\t\t\t\t\t\t\t\t<span class=\"elementor-toggle-icon-closed\"><svg class=\"e-font-icon-svg e-fas-caret-right\" viewbox=\"0 0 192 512\" xmlns=\"http:\/\/www.w3.org\/2000\/svg\"><path d=\"M0 384.662V127.338c0-17.818 21.543-26.741 34.142-14.142l128.662 128.662c7.81 7.81 7.81 20.474 0 28.284L34.142 398.804C21.543 411.404 0 402.48 0 384.662z\"><\/path><\/svg><\/span>\n\t\t\t\t\t\t\t\t<span class=\"elementor-toggle-icon-opened\"><svg class=\"elementor-toggle-icon-opened e-font-icon-svg e-fas-caret-up\" viewbox=\"0 0 320 512\" xmlns=\"http:\/\/www.w3.org\/2000\/svg\"><path d=\"M288.662 352H31.338c-17.818 0-26.741-21.543-14.142-34.142l128.662-128.662c7.81-7.81 20.474-7.81 28.284 0l128.662 128.662c12.6 12.599 3.676 34.142-14.142 34.142z\"><\/path><\/svg><\/span>\n\t\t\t\t\t\t\t\t\t\t\t\t\t<\/span>\n\t\t\t\t\t\t\t\t\t\t\t\t<a class=\"elementor-toggle-title\" tabindex=\"0\">B\u00e9arla<\/a>\n\t\t\t\t\t<\/div>\n\n\t\t\t\t\t<div id=\"elementor-tab-content-2401\" class=\"elementor-tab-content elementor-clearfix\" data-tab=\"1\" role=\"region\" aria-labelledby=\"elementor-tab-title-2401\"><p>Glaoigh ar 0818 606 106 (r\u00e1ta \u00cdsealghlao)<\/p><\/div>\n\t\t\t\t<\/div>\n\t\t\t\t\t\t\t<div class=\"elementor-toggle-item\">\n\t\t\t\t\t<div id=\"elementor-tab-title-2402\" class=\"elementor-tab-title\" data-tab=\"2\" role=\"button\" aria-controls=\"elementor-tab-content-2402\" aria-expanded=\"false\">\n\t\t\t\t\t\t\t\t\t\t\t\t<span class=\"elementor-toggle-icon elementor-toggle-icon-left\" aria-hidden=\"true\">\n\t\t\t\t\t\t\t\t\t\t\t\t\t\t\t<span class=\"elementor-toggle-icon-closed\"><svg class=\"e-font-icon-svg e-fas-caret-right\" viewbox=\"0 0 192 512\" xmlns=\"http:\/\/www.w3.org\/2000\/svg\"><path d=\"M0 384.662V127.338c0-17.818 21.543-26.741 34.142-14.142l128.662 128.662c7.81 7.81 7.81 20.474 0 28.284L34.142 398.804C21.543 411.404 0 402.48 0 384.662z\"><\/path><\/svg><\/span>\n\t\t\t\t\t\t\t\t<span class=\"elementor-toggle-icon-opened\"><svg class=\"elementor-toggle-icon-opened e-font-icon-svg e-fas-caret-up\" viewbox=\"0 0 320 512\" xmlns=\"http:\/\/www.w3.org\/2000\/svg\"><path d=\"M288.662 352H31.338c-17.818 0-26.741-21.543-14.142-34.142l128.662-128.662c7.81-7.81 20.474-7.81 28.284 0l128.662 128.662c12.6 12.599 3.676 34.142-14.142 34.142z\"><\/path><\/svg><\/span>\n\t\t\t\t\t\t\t\t\t\t\t\t\t<\/span>\n\t\t\t\t\t\t\t\t\t\t\t\t<a class=\"elementor-toggle-title\" tabindex=\"0\">Gaeilge<\/a>\n\t\t\t\t\t<\/div>\n\n\t\t\t\t\t<div id=\"elementor-tab-content-2402\" class=\"elementor-tab-content elementor-clearfix\" data-tab=\"2\" role=\"region\" aria-labelledby=\"elementor-tab-title-2402\"><p>Teileaf\u00f3n 0818 606 806 (Seirbh\u00eds i nGaeilge)<\/p><\/div>\n\t\t\t\t<\/div>\n\t\t\t\t\t\t\t\t<\/div>\n\t\t\t\t\t\t<\/div>\n\t\t\t\t<\/div>\n\t\t\t\t<div class=\"elementor-element elementor-element-4d965c6 elementor-widget elementor-widget-heading\" data-id=\"4d965c6\" data-element_type=\"widget\" data-e-type=\"widget\" data-widget_type=\"heading.default\">\n\t\t\t\t<div class=\"elementor-widget-container\">\n\t\t\t\t\t<h3 class=\"elementor-heading-title elementor-size-default\">Na Me\u00e1in Sh\u00f3isialta<\/h3>\t\t\t\t<\/div>\n\t\t\t\t<\/div>\n\t\t\t\t<div class=\"elementor-element elementor-element-2acbad0 elementor-widget elementor-widget-text-editor\" data-id=\"2acbad0\" data-element_type=\"widget\" data-e-type=\"widget\" data-widget_type=\"text-editor.default\">\n\t\t\t\t<div class=\"elementor-widget-container\">\n\t\t\t\t\t\t\t\t\t<p>Aimsigh agus lean T\u00e1st\u00e1il Teoirice na h\u00c9ireann ar <a href=\"https:\/\/www.instagram.com\/theorytest_ire\/\" target=\"_blank\" rel=\"noopener\">Instagram<\/a> agus <a href=\"https:\/\/twitter.com\/TheoryTestIE\" target=\"_blank\" rel=\"noopener\">Twitter<\/a>.<\/p>\t\t\t\t\t\t\t\t<\/div>\n\t\t\t\t<\/div>\n\t\t\t\t<div class=\"elementor-element elementor-element-383688b elementor-shape-circle e-grid-align-left elementor-grid-0 elementor-widget elementor-widget-social-icons\" data-id=\"383688b\" data-element_type=\"widget\" data-e-type=\"widget\" data-widget_type=\"social-icons.default\">\n\t\t\t\t<div class=\"elementor-widget-container\">\n\t\t\t\t\t\t\t<div class=\"elementor-social-icons-wrapper elementor-grid\" role=\"list\">\n\t\t\t\t\t\t\t<span class=\"elementor-grid-item\" role=\"listitem\">\n\t\t\t\t\t<a class=\"elementor-icon elementor-social-icon elementor-social-icon-instagram elementor-repeater-item-f9df424\" href=\"https:\/\/www.instagram.com\/theorytest_ire\/\" target=\"_blank\">\n\t\t\t\t\t\t<span class=\"elementor-screen-only\">Instagram<\/span>\n\t\t\t\t\t\t<svg aria-hidden=\"true\" class=\"e-font-icon-svg e-fab-instagram\" viewbox=\"0 0 448 512\" xmlns=\"http:\/\/www.w3.org\/2000\/svg\"><path d=\"M224.1 141c-63.6 0-114.9 51.3-114.9 114.9s51.3 114.9 114.9 114.9S339 319.5 339 255.9 287.7 141 224.1 141zm0 189.6c-41.1 0-74.7-33.5-74.7-74.7s33.5-74.7 74.7-74.7 74.7 33.5 74.7 74.7-33.6 74.7-74.7 74.7zm146.4-194.3c0 14.9-12 26.8-26.8 26.8-14.9 0-26.8-12-26.8-26.8s12-26.8 26.8-26.8 26.8 12 26.8 26.8zm76.1 27.2c-1.7-35.9-9.9-67.7-36.2-93.9-26.2-26.2-58-34.4-93.9-36.2-37-2.1-147.9-2.1-184.9 0-35.8 1.7-67.6 9.9-93.9 36.1s-34.4 58-36.2 93.9c-2.1 37-2.1 147.9 0 184.9 1.7 35.9 9.9 67.7 36.2 93.9s58 34.4 93.9 36.2c37 2.1 147.9 2.1 184.9 0 35.9-1.7 67.7-9.9 93.9-36.2 26.2-26.2 34.4-58 36.2-93.9 2.1-37 2.1-147.8 0-184.8zM398.8 388c-7.8 19.6-22.9 34.7-42.6 42.6-29.5 11.7-99.5 9-132.1 9s-102.7 2.6-132.1-9c-19.6-7.8-34.7-22.9-42.6-42.6-11.7-29.5-9-99.5-9-132.1s-2.6-102.7 9-132.1c7.8-19.6 22.9-34.7 42.6-42.6 29.5-11.7 99.5-9 132.1-9s102.7-2.6 132.1 9c19.6 7.8 34.7 22.9 42.6 42.6 11.7 29.5 9 99.5 9 132.1s2.7 102.7-9 132.1z\"><\/path><\/svg>\t\t\t\t\t<\/a>\n\t\t\t\t<\/span>\n\t\t\t\t\t\t\t<span class=\"elementor-grid-item\" role=\"listitem\">\n\t\t\t\t\t<a class=\"elementor-icon elementor-social-icon elementor-social-icon-twitter elementor-repeater-item-742e6a4\" href=\"https:\/\/twitter.com\/TheoryTestIE\" target=\"_blank\">\n\t\t\t\t\t\t<span class=\"elementor-screen-only\">Twitter<\/span>\n\t\t\t\t\t\t<svg aria-hidden=\"true\" class=\"e-font-icon-svg e-fab-twitter\" viewbox=\"0 0 512 512\" xmlns=\"http:\/\/www.w3.org\/2000\/svg\"><path d=\"M459.37 151.716c.325 4.548.325 9.097.325 13.645 0 138.72-105.583 298.558-298.558 298.558-59.452 0-114.68-17.219-161.137-47.106 8.447.974 16.568 1.299 25.34 1.299 49.055 0 94.213-16.568 130.274-44.832-46.132-.975-84.792-31.188-98.112-72.772 6.498.974 12.995 1.624 19.818 1.624 9.421 0 18.843-1.3 27.614-3.573-48.081-9.747-84.143-51.98-84.143-102.985v-1.299c13.969 7.797 30.214 12.67 47.431 13.319-28.264-18.843-46.781-51.005-46.781-87.391 0-19.492 5.197-37.36 14.294-52.954 51.655 63.675 129.3 105.258 216.365 109.807-1.624-7.797-2.599-15.918-2.599-24.04 0-57.828 46.782-104.934 104.934-104.934 30.213 0 57.502 12.67 76.67 33.137 23.715-4.548 46.456-13.32 66.599-25.34-7.798 24.366-24.366 44.833-46.132 57.827 21.117-2.273 41.584-8.122 60.426-16.243-14.292 20.791-32.161 39.308-52.628 54.253z\"><\/path><\/svg>\t\t\t\t\t<\/a>\n\t\t\t\t<\/span>\n\t\t\t\t\t<\/div>\n\t\t\t\t\t\t<\/div>\n\t\t\t\t<\/div>\n\t\t\t\t\t<\/div>\n\t\t<\/div>\n\t\t\t\t\t<\/div>\n\t\t<\/section>\n\t\t\t\t\t<\/div>\n\t\t<\/div>\n\t\t\t\t\t<\/div>\n\t\t<\/section>\n\t\t\t\t<\/div>","protected":false},"excerpt":{"rendered":"<p>T\u00e1 cabhair ghinear\u00e1lta, \u00e1irithint\u00ed agus faisn\u00e9is faoin\u00e1r seirbh\u00eds\u00ed ar f\u00e1il tr\u00ed r\u00edomhphost, comhr\u00e1 beo, teileaf\u00f3n n\u00f3 post. Aimsigh na sonra\u00ed teagmh\u00e1la at\u00e1 uait agus lean muid ar na me\u00e1in sh\u00f3isialta. <\/p>","protected":false},"author":1,"featured_media":0,"parent":3330,"menu_order":0,"comment_status":"closed","ping_status":"closed","template":"","meta":{"ocean_post_layout":"full-width","ocean_both_sidebars_style":"","ocean_both_sidebars_content_width":0,"ocean_both_sidebars_sidebars_width":0,"ocean_sidebar":"0","ocean_second_sidebar":"0","ocean_disable_margins":"on","ocean_add_body_class":"","ocean_shortcode_before_top_bar":"","ocean_shortcode_after_top_bar":"","ocean_shortcode_before_header":"","ocean_shortcode_after_header":"","ocean_has_shortcode":"","ocean_shortcode_after_title":"","ocean_shortcode_before_footer_widgets":"","ocean_shortcode_after_footer_widgets":"","ocean_shortcode_before_footer_bottom":"","ocean_shortcode_after_footer_bottom":"","ocean_display_top_bar":"default","ocean_display_header":"default","ocean_header_style":"","ocean_center_header_left_menu":"0","ocean_custom_header_template":"0","ocean_custom_logo":0,"ocean_custom_retina_logo":0,"ocean_custom_logo_max_width":0,"ocean_custom_logo_tablet_max_width":0,"ocean_custom_logo_mobile_max_width":0,"ocean_custom_logo_max_height":0,"ocean_custom_logo_tablet_max_height":0,"ocean_custom_logo_mobile_max_height":0,"ocean_header_custom_menu":"0","ocean_menu_typo_font_family":"0","ocean_menu_typo_font_subset":"","ocean_menu_typo_font_size":0,"ocean_menu_typo_font_size_tablet":0,"ocean_menu_typo_font_size_mobile":0,"ocean_menu_typo_font_size_unit":"px","ocean_menu_typo_font_weight":"","ocean_menu_typo_font_weight_tablet":"","ocean_menu_typo_font_weight_mobile":"","ocean_menu_typo_transform":"","ocean_menu_typo_transform_tablet":"","ocean_menu_typo_transform_mobile":"","ocean_menu_typo_line_height":0,"ocean_menu_typo_line_height_tablet":0,"ocean_menu_typo_line_height_mobile":0,"ocean_menu_typo_line_height_unit":"","ocean_menu_typo_spacing":0,"ocean_menu_typo_spacing_tablet":0,"ocean_menu_typo_spacing_mobile":0,"ocean_menu_typo_spacing_unit":"","ocean_menu_link_color":"","ocean_menu_link_color_hover":"","ocean_menu_link_color_active":"","ocean_menu_link_background":"","ocean_menu_link_hover_background":"","ocean_menu_link_active_background":"","ocean_menu_social_links_bg":"","ocean_menu_social_hover_links_bg":"","ocean_menu_social_links_color":"","ocean_menu_social_hover_links_color":"","ocean_disable_title":"default","ocean_disable_heading":"default","ocean_post_title":"","ocean_post_subheading":"","ocean_post_title_style":"","ocean_post_title_background_color":"","ocean_post_title_background":0,"ocean_post_title_bg_image_position":"","ocean_post_title_bg_image_attachment":"","ocean_post_title_bg_image_repeat":"","ocean_post_title_bg_image_size":"","ocean_post_title_height":0,"ocean_post_title_bg_overlay":0.5,"ocean_post_title_bg_overlay_color":"","ocean_disable_breadcrumbs":"default","ocean_breadcrumbs_color":"","ocean_breadcrumbs_separator_color":"","ocean_breadcrumbs_links_color":"","ocean_breadcrumbs_links_hover_color":"","ocean_display_footer_widgets":"default","ocean_display_footer_bottom":"default","ocean_custom_footer_template":"0","footnotes":""},"class_list":["post-3022","page","type-page","status-publish","hentry","entry"],"_links":{"self":[{"href":"https:\/\/theorytest.ie\/ga\/wp-json\/wp\/v2\/pages\/3022","targetHints":{"allow":["GET"]}}],"collection":[{"href":"https:\/\/theorytest.ie\/ga\/wp-json\/wp\/v2\/pages"}],"about":[{"href":"https:\/\/theorytest.ie\/ga\/wp-json\/wp\/v2\/types\/page"}],"author":[{"embeddable":true,"href":"https:\/\/theorytest.ie\/ga\/wp-json\/wp\/v2\/users\/1"}],"replies":[{"embeddable":true,"href":"https:\/\/theorytest.ie\/ga\/wp-json\/wp\/v2\/comments?post=3022"}],"version-history":[{"count":18,"href":"https:\/\/theorytest.ie\/ga\/wp-json\/wp\/v2\/pages\/3022\/revisions"}],"predecessor-version":[{"id":3011733,"href":"https:\/\/theorytest.ie\/ga\/wp-json\/wp\/v2\/pages\/3022\/revisions\/3011733"}],"up":[{"embeddable":true,"href":"https:\/\/theorytest.ie\/ga\/wp-json\/wp\/v2\/pages\/3330"}],"wp:attachment":[{"href":"https:\/\/theorytest.ie\/ga\/wp-json\/wp\/v2\/media?parent=3022"}],"curies":[{"name":"wp","href":"https:\/\/api.w.org\/{rel}","templated":true}]}}