{"id":3116,"date":"2018-09-25T11:43:24","date_gmt":"2018-09-25T11:43:24","guid":{"rendered":"https:\/\/theorytest.ie\/?page_id=3116"},"modified":"2022-02-03T14:07:24","modified_gmt":"2022-02-03T14:07:24","slug":"about-us","status":"publish","type":"page","link":"https:\/\/theorytest.ie\/ga\/general-information\/about-us\/","title":{"rendered":"Maidir linne"},"content":{"rendered":"<div data-elementor-type=\"wp-post\" data-elementor-id=\"3116\" class=\"elementor elementor-3116 elementor-bc-flex-widget\" data-elementor-post-type=\"page\">\n\t\t\t\t\t\t<section class=\"elementor-section elementor-top-section elementor-element elementor-element-1f3b7211 elementor-section-height-min-height elementor-section-boxed elementor-section-height-default elementor-section-items-middle\" data-id=\"1f3b7211\" data-element_type=\"section\" data-e-type=\"section\" data-settings=\"{&quot;background_background&quot;:&quot;classic&quot;}\">\n\t\t\t\t\t\t\t<div class=\"elementor-background-overlay\"><\/div>\n\t\t\t\t\t\t\t<div class=\"elementor-container elementor-column-gap-default\">\n\t\t\t\t\t<div class=\"elementor-column elementor-col-100 elementor-top-column elementor-element elementor-element-2cd0354e\" data-id=\"2cd0354e\" data-element_type=\"column\" data-e-type=\"column\">\n\t\t\t<div class=\"elementor-widget-wrap elementor-element-populated\">\n\t\t\t\t\t\t<section class=\"elementor-section elementor-inner-section elementor-element elementor-element-984d56 elementor-section-boxed elementor-section-height-default elementor-section-height-default\" data-id=\"984d56\" data-element_type=\"section\" data-e-type=\"section\">\n\t\t\t\t\t\t<div class=\"elementor-container elementor-column-gap-default\">\n\t\t\t\t\t<div class=\"elementor-column elementor-col-100 elementor-inner-column elementor-element elementor-element-1f3ebeeb\" data-id=\"1f3ebeeb\" data-element_type=\"column\" data-e-type=\"column\" data-settings=\"{&quot;background_background&quot;:&quot;classic&quot;}\">\n\t\t\t<div class=\"elementor-widget-wrap elementor-element-populated\">\n\t\t\t\t\t\t<div class=\"elementor-element elementor-element-2d853a59 elementor-widget elementor-widget-heading\" data-id=\"2d853a59\" data-element_type=\"widget\" data-e-type=\"widget\" data-widget_type=\"heading.default\">\n\t\t\t\t<div class=\"elementor-widget-container\">\n\t\t\t\t\t<p class=\"elementor-heading-title elementor-size-default\">T\u00c1ST\u00c1IL TEOIRICE TIOM\u00c1NA OIFIGI\u00daIL AN RSA<\/p>\t\t\t\t<\/div>\n\t\t\t\t<\/div>\n\t\t\t\t<div class=\"elementor-element elementor-element-50c610a1 elementor-widget elementor-widget-heading\" data-id=\"50c610a1\" data-element_type=\"widget\" data-e-type=\"widget\" data-widget_type=\"heading.default\">\n\t\t\t\t<div class=\"elementor-widget-container\">\n\t\t\t\t\t<h1 class=\"elementor-heading-title elementor-size-default\">Maidir linne<\/h1>\t\t\t\t<\/div>\n\t\t\t\t<\/div>\n\t\t\t\t\t<\/div>\n\t\t<\/div>\n\t\t\t\t\t<\/div>\n\t\t<\/section>\n\t\t\t\t\t<\/div>\n\t\t<\/div>\n\t\t\t\t\t<\/div>\n\t\t<\/section>\n\t\t\t\t<section class=\"elementor-section elementor-top-section elementor-element elementor-element-3576a10f elementor-section-boxed elementor-section-height-default elementor-section-height-default\" data-id=\"3576a10f\" data-element_type=\"section\" data-e-type=\"section\" data-settings=\"{&quot;background_background&quot;:&quot;classic&quot;}\">\n\t\t\t\t\t\t<div class=\"elementor-container elementor-column-gap-default\">\n\t\t\t\t\t<div class=\"elementor-column elementor-col-100 elementor-top-column elementor-element elementor-element-3d63ead7\" data-id=\"3d63ead7\" data-element_type=\"column\" data-e-type=\"column\">\n\t\t\t<div class=\"elementor-widget-wrap elementor-element-populated\">\n\t\t\t\t\t\t<section class=\"elementor-section elementor-inner-section elementor-element elementor-element-1d9e4ee7 elementor-section-boxed elementor-section-height-default elementor-section-height-default\" data-id=\"1d9e4ee7\" data-element_type=\"section\" data-e-type=\"section\">\n\t\t\t\t\t\t<div class=\"elementor-container elementor-column-gap-default\">\n\t\t\t\t\t<div class=\"elementor-column elementor-col-100 elementor-inner-column elementor-element elementor-element-5b7498d0\" data-id=\"5b7498d0\" data-element_type=\"column\" data-e-type=\"column\" data-settings=\"{&quot;background_background&quot;:&quot;classic&quot;}\">\n\t\t\t<div class=\"elementor-widget-wrap elementor-element-populated\">\n\t\t\t\t\t\t<div class=\"elementor-element elementor-element-4c92c2ae elementor-widget elementor-widget-breadcrumbs\" data-id=\"4c92c2ae\" data-element_type=\"widget\" data-e-type=\"widget\" data-widget_type=\"breadcrumbs.default\">\n\t\t\t\t<div class=\"elementor-widget-container\">\n\t\t\t\t\t<p id=\"breadcrumbs\">\tT\u00e1 t\u00fa anseo:\n<span><span><a href=\"https:\/\/theorytest.ie\/ga\/\">Baile<\/a><\/span><\/span><\/p>\t\t\t\t<\/div>\n\t\t\t\t<\/div>\n\t\t\t\t<div class=\"elementor-element elementor-element-48c6771e elementor-widget elementor-widget-heading\" data-id=\"48c6771e\" data-element_type=\"widget\" data-e-type=\"widget\" data-widget_type=\"heading.default\">\n\t\t\t\t<div class=\"elementor-widget-container\">\n\t\t\t\t\t<h2 class=\"elementor-heading-title elementor-size-default\">Maidir linne<\/h2>\t\t\t\t<\/div>\n\t\t\t\t<\/div>\n\t\t\t\t\t<\/div>\n\t\t<\/div>\n\t\t\t\t\t<\/div>\n\t\t<\/section>\n\t\t\t\t<section class=\"elementor-section elementor-inner-section elementor-element elementor-element-5dd2aa4b elementor-section-boxed elementor-section-height-default elementor-section-height-default\" data-id=\"5dd2aa4b\" data-element_type=\"section\" data-e-type=\"section\">\n\t\t\t\t\t\t<div class=\"elementor-container elementor-column-gap-default\">\n\t\t\t\t\t<div class=\"elementor-column elementor-col-100 elementor-inner-column elementor-element elementor-element-7269e158\" data-id=\"7269e158\" data-element_type=\"column\" data-e-type=\"column\" data-settings=\"{&quot;background_background&quot;:&quot;classic&quot;}\">\n\t\t\t<div class=\"elementor-widget-wrap elementor-element-populated\">\n\t\t\t\t\t\t<div class=\"elementor-element elementor-element-64b26aec elementor-widget elementor-widget-text-editor\" data-id=\"64b26aec\" data-element_type=\"widget\" data-e-type=\"widget\" data-widget_type=\"text-editor.default\">\n\t\t\t\t<div class=\"elementor-widget-container\">\n\t\t\t\t\t\t\t\t\t<p><strong>F\u00e1ilte chuig seirbh\u00eds \u00e1irithinte oifigi\u00fail na T\u00e1st\u00e1la Teoirice Tiom\u00e1na! <\/strong><\/p><p><strong>T\u00e1 eolas le f\u00e1il ar an su\u00edomh gr\u00e9as\u00e1in oifigi\u00fail maidir le conas T\u00e1st\u00e1il Teoirice a chur in \u00e1irithe agus ullmh\u00fa chun T\u00e1st\u00e1il Teoirice a dh\u00e9anamh.<\/strong><\/p><h3>Maidir le Prometric<\/h3><p>T\u00e1 an tseirbh\u00eds seo \u00e1 re\u00e1cht\u00e1il ag Prometric Ireland Ltd. thar ceann an \u00dadar\u00e1is um Sh\u00e1bh\u00e1ilteacht ar Bh\u00f3ithre (RSA). Is in Baltimore, Maryland, SAM, at\u00e1 ceanncheathr\u00fa Prometric, sol\u00e1thr\u00f3ir iontaofa de th\u00e1st\u00e1il theicneola\u00edocht-chumasaithe agus de r\u00e9itigh mheas\u00fanaithe.<\/p><p>T\u00e1 breis is 20 bliain taith\u00ed ag Prometric ar an bhforbairt t\u00e1st\u00e1la agus ar na r\u00e9itigh seachadta t\u00e1st\u00e1la cearta a chur ar f\u00e1il do na heagra\u00edochta\u00ed is aitheanta ar fud an domhain.<\/p><h3>Seirbh\u00eds ar ardchaighde\u00e1n \u00e1 cur ar f\u00e1il thar ceann an RSA<\/h3><p>Is f\u00e9idir an T\u00e1st\u00e1il Teoirice Tiom\u00e1na, T\u00e1st\u00e1il Teoirice CPC Tiom\u00e1na\u00ed agus T\u00e1st\u00e1il Teoirice ADI a dh\u00e9anamh i mbreis is 40 Ionad T\u00e1st\u00e1la i bPoblacht na h\u00c9ireann mar chuid de phr\u00f3iseas t\u00e1st\u00e1la agus cead\u00fanaithe tiom\u00e1na an RSA, ag tac\u00fa leis an Strait\u00e9is N\u00e1isi\u00fanta um Sh\u00e1bh\u00e1ilteacht ar Bh\u00f3ithre.<\/p><p>T\u00e1 seirbh\u00eds na T\u00e1st\u00e1la Teoirice Tiom\u00e1na tiomanta do sheirbh\u00eds ar an gcaighde\u00e1n is airde a chur ar f\u00e1il do chustaim\u00e9ir\u00ed.<\/p><p>M\u00e1 theasta\u00edonn tuilleadh eolais uait maidir le Prometric n\u00f3 an RSA, tabhair cuairt ar:<\/p><ul><li><a href=\"https:\/\/www.prometric.com\/en-us\/Pages\/home.aspx\">Prometric.com<\/a><\/li><li><a href=\"http:\/\/www.rsa.ie\/\">RSA.ie<\/a><\/li><\/ul><p>M\u00e1 theasta\u00edonn c\u00fanamh ginear\u00e1lta, \u00e1irithint\u00ed agus faisn\u00e9is faoin\u00e1r seirbh\u00eds\u00ed uait, breathnaigh ar an roinn <a href=\"https:\/\/theorytest.ie\/ga\/contact-us\/\">D\u00e9an teagmh\u00e1il linn<\/a> ar an su\u00edomh gr\u00e9as\u00e1in seo.<\/p>\t\t\t\t\t\t\t\t<\/div>\n\t\t\t\t<\/div>\n\t\t\t\t\t<\/div>\n\t\t<\/div>\n\t\t\t\t\t<\/div>\n\t\t<\/section>\n\t\t\t\t\t<\/div>\n\t\t<\/div>\n\t\t\t\t\t<\/div>\n\t\t<\/section>\n\t\t\t\t<\/div>","protected":false},"excerpt":{"rendered":"<p>T\u00e1 an tseirbh\u00eds \u00e1irithinte T\u00e1st\u00e1la Teoirice Tiom\u00e1na Oifigi\u00fail seo \u00e1 re\u00e1cht\u00e1il ag Prometric Ireland Ltd. thar ceann an \u00dadar\u00e1is um Sh\u00e1bh\u00e1ilteacht ar Bh\u00f3ithre (RSA). Is sol\u00e1thra\u00ed iontaofa r\u00e9itigh t\u00e1st\u00e1la agus meas\u00fanaithe teicneola\u00edochta-chumasaithe iad Prometric, a bhfuil a cheanncheathr\u00fa i mBaltimore, Maryland, SAM. T\u00e1 breis agus 20 bliain de thaith\u00ed acu ag sol\u00e1thar na r\u00e9itigh forbartha t\u00e1st\u00e1la agus seachadta t\u00e1st\u00e1la cearta do na heagra\u00edochta\u00ed is aitheanta ar domhan.<\/p>","protected":false},"author":1,"featured_media":0,"parent":3330,"menu_order":0,"comment_status":"closed","ping_status":"closed","template":"","meta":{"ocean_post_layout":"","ocean_both_sidebars_style":"","ocean_both_sidebars_content_width":0,"ocean_both_sidebars_sidebars_width":0,"ocean_sidebar":"0","ocean_second_sidebar":"0","ocean_disable_margins":"enable","ocean_add_body_class":"","ocean_shortcode_before_top_bar":"","ocean_shortcode_after_top_bar":"","ocean_shortcode_before_header":"","ocean_shortcode_after_header":"","ocean_has_shortcode":"","ocean_shortcode_after_title":"","ocean_shortcode_before_footer_widgets":"","ocean_shortcode_after_footer_widgets":"","ocean_shortcode_before_footer_bottom":"","ocean_shortcode_after_footer_bottom":"","ocean_display_top_bar":"default","ocean_display_header":"default","ocean_header_style":"","ocean_center_header_left_menu":"0","ocean_custom_header_template":"0","ocean_custom_logo":0,"ocean_custom_retina_logo":0,"ocean_custom_logo_max_width":0,"ocean_custom_logo_tablet_max_width":0,"ocean_custom_logo_mobile_max_width":0,"ocean_custom_logo_max_height":0,"ocean_custom_logo_tablet_max_height":0,"ocean_custom_logo_mobile_max_height":0,"ocean_header_custom_menu":"0","ocean_menu_typo_font_family":"0","ocean_menu_typo_font_subset":"","ocean_menu_typo_font_size":0,"ocean_menu_typo_font_size_tablet":0,"ocean_menu_typo_font_size_mobile":0,"ocean_menu_typo_font_size_unit":"px","ocean_menu_typo_font_weight":"","ocean_menu_typo_font_weight_tablet":"","ocean_menu_typo_font_weight_mobile":"","ocean_menu_typo_transform":"","ocean_menu_typo_transform_tablet":"","ocean_menu_typo_transform_mobile":"","ocean_menu_typo_line_height":0,"ocean_menu_typo_line_height_tablet":0,"ocean_menu_typo_line_height_mobile":0,"ocean_menu_typo_line_height_unit":"","ocean_menu_typo_spacing":0,"ocean_menu_typo_spacing_tablet":0,"ocean_menu_typo_spacing_mobile":0,"ocean_menu_typo_spacing_unit":"","ocean_menu_link_color":"","ocean_menu_link_color_hover":"","ocean_menu_link_color_active":"","ocean_menu_link_background":"","ocean_menu_link_hover_background":"","ocean_menu_link_active_background":"","ocean_menu_social_links_bg":"","ocean_menu_social_hover_links_bg":"","ocean_menu_social_links_color":"","ocean_menu_social_hover_links_color":"","ocean_disable_title":"default","ocean_disable_heading":"default","ocean_post_title":"","ocean_post_subheading":"","ocean_post_title_style":"","ocean_post_title_background_color":"","ocean_post_title_background":0,"ocean_post_title_bg_image_position":"","ocean_post_title_bg_image_attachment":"","ocean_post_title_bg_image_repeat":"","ocean_post_title_bg_image_size":"","ocean_post_title_height":0,"ocean_post_title_bg_overlay":0.5,"ocean_post_title_bg_overlay_color":"","ocean_disable_breadcrumbs":"default","ocean_breadcrumbs_color":"","ocean_breadcrumbs_separator_color":"","ocean_breadcrumbs_links_color":"","ocean_breadcrumbs_links_hover_color":"","ocean_display_footer_widgets":"default","ocean_display_footer_bottom":"default","ocean_custom_footer_template":"0","footnotes":""},"class_list":["post-3116","page","type-page","status-publish","hentry","entry"],"_links":{"self":[{"href":"https:\/\/theorytest.ie\/ga\/wp-json\/wp\/v2\/pages\/3116","targetHints":{"allow":["GET"]}}],"collection":[{"href":"https:\/\/theorytest.ie\/ga\/wp-json\/wp\/v2\/pages"}],"about":[{"href":"https:\/\/theorytest.ie\/ga\/wp-json\/wp\/v2\/types\/page"}],"author":[{"embeddable":true,"href":"https:\/\/theorytest.ie\/ga\/wp-json\/wp\/v2\/users\/1"}],"replies":[{"embeddable":true,"href":"https:\/\/theorytest.ie\/ga\/wp-json\/wp\/v2\/comments?post=3116"}],"version-history":[{"count":0,"href":"https:\/\/theorytest.ie\/ga\/wp-json\/wp\/v2\/pages\/3116\/revisions"}],"up":[{"embeddable":true,"href":"https:\/\/theorytest.ie\/ga\/wp-json\/wp\/v2\/pages\/3330"}],"wp:attachment":[{"href":"https:\/\/theorytest.ie\/ga\/wp-json\/wp\/v2\/media?parent=3116"}],"curies":[{"name":"wp","href":"https:\/\/api.w.org\/{rel}","templated":true}]}}