{"id":3125,"date":"2018-09-25T11:52:17","date_gmt":"2018-09-25T11:52:17","guid":{"rendered":"https:\/\/theorytest.ie\/?page_id=3125"},"modified":"2025-06-13T14:17:04","modified_gmt":"2025-06-13T14:17:04","slug":"policy-and-customer-charter","status":"publish","type":"page","link":"https:\/\/theorytest.ie\/ga\/general-information\/policy-and-customer-charter\/","title":{"rendered":"Polasa\u00ed &amp; Cairt Chustaim\u00e9ir\u00ed"},"content":{"rendered":"<div data-elementor-type=\"wp-post\" data-elementor-id=\"3125\" class=\"elementor elementor-3125\" data-elementor-post-type=\"page\">\n\t\t\t\t\t\t<section class=\"elementor-section elementor-top-section elementor-element elementor-element-1445b14e elementor-section-height-min-height elementor-section-boxed elementor-section-height-default elementor-section-items-middle\" data-id=\"1445b14e\" data-element_type=\"section\" data-e-type=\"section\" data-settings=\"{&quot;background_background&quot;:&quot;classic&quot;}\">\n\t\t\t\t\t\t\t<div class=\"elementor-background-overlay\"><\/div>\n\t\t\t\t\t\t\t<div class=\"elementor-container elementor-column-gap-default\">\n\t\t\t\t\t<div class=\"elementor-column elementor-col-100 elementor-top-column elementor-element elementor-element-48aa61d1\" data-id=\"48aa61d1\" data-element_type=\"column\" data-e-type=\"column\">\n\t\t\t<div class=\"elementor-widget-wrap elementor-element-populated\">\n\t\t\t\t\t\t<section class=\"elementor-section elementor-inner-section elementor-element elementor-element-65bb6226 elementor-section-boxed elementor-section-height-default elementor-section-height-default\" data-id=\"65bb6226\" data-element_type=\"section\" data-e-type=\"section\">\n\t\t\t\t\t\t<div class=\"elementor-container elementor-column-gap-default\">\n\t\t\t\t\t<div class=\"elementor-column elementor-col-100 elementor-inner-column elementor-element elementor-element-32c311e7\" data-id=\"32c311e7\" data-element_type=\"column\" data-e-type=\"column\" data-settings=\"{&quot;background_background&quot;:&quot;classic&quot;}\">\n\t\t\t<div class=\"elementor-widget-wrap elementor-element-populated\">\n\t\t\t\t\t\t<div class=\"elementor-element elementor-element-44d6b5d3 elementor-widget elementor-widget-heading\" data-id=\"44d6b5d3\" data-element_type=\"widget\" data-e-type=\"widget\" data-widget_type=\"heading.default\">\n\t\t\t\t<div class=\"elementor-widget-container\">\n\t\t\t\t\t<p class=\"elementor-heading-title elementor-size-default\">T\u00c1ST\u00c1IL TEOIRICE TIOM\u00c1NA OIFIGI\u00daIL AN RSA<\/p>\t\t\t\t<\/div>\n\t\t\t\t<\/div>\n\t\t\t\t<div class=\"elementor-element elementor-element-4cbf876c elementor-widget elementor-widget-heading\" data-id=\"4cbf876c\" data-element_type=\"widget\" data-e-type=\"widget\" data-widget_type=\"heading.default\">\n\t\t\t\t<div class=\"elementor-widget-container\">\n\t\t\t\t\t<h1 class=\"elementor-heading-title elementor-size-default\">Polasa\u00ed &amp; Cairt Chustaim\u00e9ir\u00ed<\/h1>\t\t\t\t<\/div>\n\t\t\t\t<\/div>\n\t\t\t\t\t<\/div>\n\t\t<\/div>\n\t\t\t\t\t<\/div>\n\t\t<\/section>\n\t\t\t\t\t<\/div>\n\t\t<\/div>\n\t\t\t\t\t<\/div>\n\t\t<\/section>\n\t\t\t\t<section class=\"elementor-section elementor-top-section elementor-element elementor-element-58051958 elementor-section-boxed elementor-section-height-default elementor-section-height-default\" data-id=\"58051958\" data-element_type=\"section\" data-e-type=\"section\" data-settings=\"{&quot;background_background&quot;:&quot;classic&quot;}\">\n\t\t\t\t\t\t<div class=\"elementor-container elementor-column-gap-default\">\n\t\t\t\t\t<div class=\"elementor-column elementor-col-100 elementor-top-column elementor-element elementor-element-5a2e4607\" data-id=\"5a2e4607\" data-element_type=\"column\" data-e-type=\"column\">\n\t\t\t<div class=\"elementor-widget-wrap elementor-element-populated\">\n\t\t\t\t\t\t<section class=\"elementor-section elementor-inner-section elementor-element elementor-element-21c6e488 elementor-section-boxed elementor-section-height-default elementor-section-height-default\" data-id=\"21c6e488\" data-element_type=\"section\" data-e-type=\"section\">\n\t\t\t\t\t\t<div class=\"elementor-container elementor-column-gap-default\">\n\t\t\t\t\t<div class=\"elementor-column elementor-col-100 elementor-inner-column elementor-element elementor-element-624925a\" data-id=\"624925a\" data-element_type=\"column\" data-e-type=\"column\" data-settings=\"{&quot;background_background&quot;:&quot;classic&quot;}\">\n\t\t\t<div class=\"elementor-widget-wrap elementor-element-populated\">\n\t\t\t\t\t\t<div class=\"elementor-element elementor-element-621807af elementor-widget elementor-widget-breadcrumbs\" data-id=\"621807af\" data-element_type=\"widget\" data-e-type=\"widget\" data-widget_type=\"breadcrumbs.default\">\n\t\t\t\t<div class=\"elementor-widget-container\">\n\t\t\t\t\t<p id=\"breadcrumbs\">\tT\u00e1 t\u00fa anseo:\n<span><span><a href=\"https:\/\/theorytest.ie\/ga\/\">Baile<\/a><\/span><\/span><\/p>\t\t\t\t<\/div>\n\t\t\t\t<\/div>\n\t\t\t\t<div class=\"elementor-element elementor-element-7deb5178 elementor-widget elementor-widget-heading\" data-id=\"7deb5178\" data-element_type=\"widget\" data-e-type=\"widget\" data-widget_type=\"heading.default\">\n\t\t\t\t<div class=\"elementor-widget-container\">\n\t\t\t\t\t<h2 class=\"elementor-heading-title elementor-size-default\">Polasa\u00ed &amp; Cairt Chustaim\u00e9ir\u00ed<\/h2>\t\t\t\t<\/div>\n\t\t\t\t<\/div>\n\t\t\t\t\t<\/div>\n\t\t<\/div>\n\t\t\t\t\t<\/div>\n\t\t<\/section>\n\t\t\t\t<section class=\"elementor-section elementor-inner-section elementor-element elementor-element-65ef5d86 elementor-section-boxed elementor-section-height-default elementor-section-height-default\" data-id=\"65ef5d86\" data-element_type=\"section\" data-e-type=\"section\">\n\t\t\t\t\t\t<div class=\"elementor-container elementor-column-gap-default\">\n\t\t\t\t\t<div class=\"elementor-column elementor-col-100 elementor-inner-column elementor-element elementor-element-20e3f557\" data-id=\"20e3f557\" data-element_type=\"column\" data-e-type=\"column\" data-settings=\"{&quot;background_background&quot;:&quot;classic&quot;}\">\n\t\t\t<div class=\"elementor-widget-wrap elementor-element-populated\">\n\t\t\t\t\t\t<div class=\"elementor-element elementor-element-49231dde elementor-widget elementor-widget-text-editor\" data-id=\"49231dde\" data-element_type=\"widget\" data-e-type=\"widget\" data-widget_type=\"text-editor.default\">\n\t\t\t\t<div class=\"elementor-widget-container\">\n\t\t\t\t\t\t\t\t\t<h3>Polasa\u00ed<\/h3><p>T\u00e1 seirbh\u00eds na T\u00e1st\u00e1la Teoirice Tiom\u00e1na Oifigi\u00fail \u00e1 re\u00e1cht\u00e1il ag Prometric Ireland Ltd. thar ceann an \u00dadar\u00e1is um Sh\u00e1bh\u00e1ilteacht ar Bh\u00f3ithre (RSA). \u00c1ir\u00edtear \u00e9 mar chuid de phr\u00f3iseas cead\u00fanaithe agus t\u00e1st\u00e1la tiom\u00e1na an RSA at\u00e1 deartha chun cabhr\u00fa le tiom\u00e1naithe nua agus le tiom\u00e1naithe le taith\u00ed a bheith ina n-\u00fas\u00e1ideoir\u00ed b\u00f3ithre s\u00e1bh\u00e1ilte, c\u00fairt\u00e9iseacha agus eolasacha.<\/p><p>Is \u00e9 an aidhm at\u00e1 againn eisp\u00e9ireas t\u00e1st\u00e1la at\u00e1 gairmi\u00fail, \u00e9ifeachtach agus c\u00fairt\u00e9iseach a chur ar f\u00e1il at\u00e1 ag freastal ar riachtanais an phobail tiom\u00e1na tr\u00edd an m\u00e9id seo a leanas a chur ar f\u00e1il d\u00e1r gcustaim\u00e9ir\u00ed:<\/p><ul><li>Seirbh\u00eds \u00e1irithinte agus eolais ar l\u00edne 24 uair an chloig.<\/li><li>Seirbh\u00eds \u00e1irithinte agus eolais teileaf\u00f3in ar f\u00e1il \u00f3 Luan go hAoine \u00f3 8am go 6pm (gan laethanta saoire poibl\u00ed san \u00e1ireamh).<\/li><li>Roghanna \u00edoca\u00edochta sol\u00fabtha ar l\u00edne n\u00f3 ar an teileaf\u00f3n.<\/li><li>Ionaid T\u00e1st\u00e1la at\u00e1 t\u00f3gtha chun na cr\u00edche sin, at\u00e1 furasta le h\u00fas\u00e1id ag iarrth\u00f3ir\u00ed agus inrochtana go h\u00e9asca.<\/li><li>Ionaid T\u00e1st\u00e1la le hamanna oscailte sol\u00fabtha.<\/li><li>Rochtain do dhaoine faoi mh\u00edchumas ag \u00e1r nIonaid T\u00e1st\u00e1la go l\u00e9ir.<\/li><li>Taiscead\u00e1in chun do chuid earra\u00ed a st\u00f3r\u00e1il go sl\u00e1n le linn do th\u00e1st\u00e1la teoirice.<\/li><li>Seomar\u00ed feithimh agus t\u00e1st\u00e1la glan, saor \u00f3 thobac and s\u00e1bh\u00e1ilte.<\/li><li>\u00c1iseanna leithris (ceann acu at\u00e1 oiri\u00fanach do dhaoine faoi mh\u00edchumas).<\/li><\/ul><h3>Caighde\u00e1in seirbh\u00edse<\/h3><p>Nuair a chasann t\u00fa le baill foirne an Ionaid T\u00e1st\u00e1la:<\/p><ul><li>Taispe\u00e1in an leibh\u00e9il is airde c\u00fairt\u00e9ise agus meas.<\/li><li>D\u00e9ile\u00e1il le do riachtanais go pras.<\/li><li>Taispe\u00e1in \u00edogaireacht, foighne agus tuiscint agus t\u00fa ag d\u00e9ile\u00e1il le haon fhadhbanna a d'fh\u00e9adfadh a bheith agat.<\/li><li>Tabhair a n-ainm duit nuair a iarrtar ort \u2013 b\u00edonn suaitheantas aitheantais le grianghraf ag baill foirne an Ionaid T\u00e1st\u00e1la i gc\u00f3na\u00ed.<\/li><\/ul><p>T\u00e1 s\u00e9 mar aidhm againn:<\/p><ul><li>Seirbh\u00eds T\u00e1st\u00e1la Teoirice Tiom\u00e1na ardchaighde\u00e1in agus iontaofa a shol\u00e1thar.<\/li><li>Glac le h\u00e1irithint\u00ed ar l\u00edne, ar an teileaf\u00f3n agus tr\u00edd an bpost.<\/li><li>Glaoigh ar ais laistigh de 24 uair an chloig ar iarrth\u00f3ir\u00ed a bhfuil riachtanais speisialta acu, nach f\u00e9idir leo a n-\u00e1irithint ar l\u00edne a chr\u00edochn\u00fa \u2013 i gc\u00e1s ina nd\u00e9antar an \u00e1irithint lasmuigh de l\u00e1 oibre, d\u00e9anfar an glao ar ais an ch\u00e9ad l\u00e1 oibre eile.<\/li><li>Admh\u00e1il a dh\u00e9anamh ar r\u00edomhphoist uile an iarrth\u00f3ra laistigh de 2 l\u00e1 oibre.<\/li><li>Coinn\u00ed a thairiscint do 94% d\u2019iarrth\u00f3ir\u00ed ag an Ionad T\u00e1st\u00e1la is rogha leo laistigh de 2 sheachtain \u00f3n d\u00e1ta is fearr leo.<\/li><li>Seisi\u00fain t\u00e1st\u00e1la a thairiscint gach coic\u00eds ag Ionaid T\u00e1st\u00e1la bhuana, l\u00e1 amh\u00e1in in aghaidh na seachtaine (9AM go dt\u00ed 5PM), tr\u00e1thn\u00f3na amh\u00e1in in aghaidh na seachtaine (5PM go dt\u00ed 7.15PM) agus Satharn amh\u00e1in in aghaidh na seachtaine, ar a laghad (9AM go dt\u00ed 5PM), gan laethanta saoire poibl\u00ed a chur san \u00e1ireamh.<\/li><li>Seol deimhni\u00fa coinne t\u00e1st\u00e1la i bhfoirm scr\u00edofa n\u00f3 tr\u00ed r\u00edomhphost laistigh de 5 l\u00e1 oibre m\u00e1 theasta\u00edonn socruithe speisialta uait.<\/li><li>Freagair 80% de na glaonna a phr\u00f3ise\u00e1iltear ag an l\u00edne uathoibr\u00edoch Seirbh\u00eds\u00ed d\u2019Iarrth\u00f3ir\u00ed laistigh de 30 soicind.<\/li><li>Eisigh gach ais\u00edoca\u00edocht agus aon ch\u00faiteamh laistigh de 10 l\u00e1 oibre \u00f3 fh\u00e1il \u00e9ilimh bhail\u00ed n\u00f3 cinneadh gur cheart ais\u00edoca\u00edocht a dh\u00e9anamh.<\/li><li>Cuir ar f\u00e1il go mbeidh an t-iarrth\u00f3ir ag fanacht ar an me\u00e1n nach m\u00f3 n\u00e1 15 n\u00f3im\u00e9ad roimh th\u00fas na t\u00e1st\u00e1la.<\/li><li>Candidates will receive a pass\/fail score on the screen at the end of their exam, following this we will send an email with the link to view their online score report.<\/li><li>Eolas i bhfoirm scr\u00edofa a chur ar f\u00e1il d\u2019iarrth\u00f3ir\u00ed a theipeann orthu i dt\u00e1st\u00e1il teoirice faoi r\u00e9ims\u00ed laig\u00ed ginear\u00e1lta \u2013 baineann s\u00e9 seo go sonrach le T\u00e1st\u00e1lacha Teoirice Tiom\u00e1na do chatag\u00f3ir\u00ed A, B, C, D, CD, BMT &amp; TMT.<\/li><li>M\u00e1s g\u00e1 do Prometric coinne t\u00e1st\u00e1la a cheal\u00fa ar ch\u00fais ar bith, cuirfimid f\u00f3gra 5 l\u00e1 oibre ar a laghad ar f\u00e1il duit agus cuirfimid coinne nua ar f\u00e1il duit laistigh de 5 l\u00e1 oibre \u00f3n d\u00e1ta t\u00e1st\u00e1la (t\u00e1 an fhor\u00e1il seo infheidhme le linn gn\u00e1thriarach\u00e1n agus oibri\u00fa na seirbh\u00edse DTT agus n\u00ed bheidh feidhm aici i gc\u00e1s treoracha \u00f3 \u00fadar\u00e1is Rialtais a chuireann srian ar sheachadadh na seirbh\u00edse DTT i nd\u00e1il le Paind\u00e9im COVID-19. Baineann an fhor\u00e1il seo le coinn\u00ed a chuirtear in \u00e1irithe tar \u00e9is an 10 Samhain 2020).<\/li><li>M\u00e1 thugann Prometric f\u00f3gra n\u00edos l\u00fa n\u00e1 5 l\u00e1 oibre roimh r\u00e9 faoi choinne t\u00e1st\u00e1la a cuireadh ar ceal, cuirfimid coinne saor in aisce ar f\u00e1il duit agus cuirfimid c\u00faiteamh ar f\u00e1il at\u00e1 cothrom le 50% den t\u00e1ille t\u00e1st\u00e1la (t\u00e1 an fhor\u00e1il seo infheidhme le linn gn\u00e1thriarach\u00e1n agus oibri\u00fa na seirbh\u00edse DTT agus n\u00ed bheidh feidhm aici i gc\u00e1s treoracha \u00f3 \u00fadar\u00e1is Rialtais a chuireann srian ar sheachadadh na seirbh\u00edse DTT i nd\u00e1il le Paind\u00e9im COVID-19. Baineann an fhor\u00e1il seo le coinn\u00ed a chuirtear in \u00e1irithe tar \u00e9is an 10 Samhain 2020).<\/li><li>T\u00e1 sonra\u00ed maidir len\u00e1r Sc\u00e9im Ch\u00faitimh le f\u00e1il ag gach Ionad T\u00e1st\u00e1la.<\/li><li>D\u00e9anaimid tr\u00e9aniarracht \u00e1r seirbh\u00eds\u00ed a fheabhs\u00fa an t-am ar fad, agus t\u00e1 s\u00e9 mar aidhm againn coinn\u00ed t\u00e1st\u00e1la a thairiscint go pras agus ar bhealach \u00e9ifeachtach.<\/li><\/ul><h3>Ag \u00e9isteacht libhse<\/h3><p>Is bre\u00e1 linn i gc\u00f3na\u00ed bhur dtuairim\u00ed maidir len\u00e1r seirbh\u00eds a chloiste\u00e1il agus molta\u00ed maidir le conas a d'fh\u00e9adfa\u00ed an tseirbh\u00eds a fheabhs\u00fa a fh\u00e1il. T\u00e9imid i gcomhairle le heagra\u00edochta\u00ed ionada\u00edocha chun comhairle a chur orthu maidir len\u00e1r bhfeidhm\u00edocht agus \u00e9istimid leo agus cuirimid aon dearctha\u00ed n\u00f3 aon tuairim\u00ed a rinneadh i bhfeidhm. Cuirimid f\u00e1ilte roimh bhur dtuairim\u00ed, idir mholtach agus ch\u00e1inteach. T\u00e1 foirmeacha aiseolais ar f\u00e1il ag gach Ionad T\u00e1st\u00e1la.<\/p><h3>Sibhse a choinne\u00e1il ar an eolas<\/h3><p>Cuirimid custaim\u00e9ir\u00ed ar an eolas sula gcuirtear athruithe i bhfeidhm maidir leis na nithe seo a leanas:<\/p><ul><li>N\u00f3sanna imeachta t\u00e1st\u00e1la a bhf\u00e9adfadh tionchar a bheith acu ar chustaim\u00e9ir\u00ed<\/li><li>L\u00e1ithreacha na nIonad T\u00e1st\u00e1la agus uaireanta oscailte<\/li><li>T\u00e1ill\u00ed t\u00e1st\u00e1la infheidhme<\/li><li>Foilseach\u00e1in ullmh\u00fach\u00e1in t\u00e1st\u00e1la at\u00e1 d\u00edrithe ar iarrth\u00f3ir\u00ed a ullmh\u00fa d\u00e1 dt\u00e1st\u00e1il<\/li><li>M\u00e1 t\u00e1 t\u00fa m\u00edsh\u00e1sta<\/li><\/ul><p>I gc\u00e1s nach raibh \u00e1r seirbh\u00eds chomh maith agus a bh\u00ed s\u00fail agat leis, ba mhaith linn a fh\u00e1il amach ionas gur f\u00e9idir linn rud \u00e9igin a dh\u00e9anamh faoi agus \u00e9 a chur i gceart an ch\u00e9ad uair eile. M\u00e1 t\u00e1 gear\u00e1n agat, cuir in i\u00fal \u00e9 seo ag d\u2019Ionad T\u00e1st\u00e1la, n\u00f3 glaoigh ar \u00e1r bhFoireann Seirbh\u00eds\u00ed d\u2019Iarrth\u00f3ir\u00ed ar 0818 606 106 n\u00f3 bain \u00fas\u00e1id as \u00e1r <a href=\"https:\/\/theorytest.ie\/ga\/general-information\/contact-us\/\">Leathanach Teagmh\u00e1la<\/a>. N\u00f3 is f\u00e9idir leat scr\u00edobh chuig \u00e1r mBainisteoir Seirbh\u00eds\u00ed d\u2019Iarrth\u00f3ir\u00ed ag: T\u00e1st\u00e1il Teoirice Tiom\u00e1na, Bosca Poist 15, D\u00fan Dealgan, Co. L\u00fa.<\/p><p>Comhoibreoimid le daoine aonair n\u00f3 le heagra\u00edochta\u00ed at\u00e1 ag gn\u00edomh\u00fa ar do shon. Beidh \u00e1r mBainisteoir Seirbh\u00eds\u00ed Iarrth\u00f3ir\u00ed s\u00e1sta cabhr\u00fa leat agus eolas a thabhairt duit maidir le haon fhadhb n\u00f3 deacracht.<\/p><p>D\u00e9anaimid an m\u00e9id seo a leanas:<\/p><ul><li>Seice\u00e1il rialta go nd\u00e9ile\u00e1iltear le gach gear\u00e1n go pras<\/li><li>Scr\u00fad\u00fa ar threochta\u00ed ar fhait\u00edos go mb\u00edonn orainn aon athruithe a dh\u00e9anamh<\/li><\/ul><h3>Cinnt\u00ed maidir le do th\u00e1st\u00e1il<\/h3><p>M\u00e1 sh\u00edleann t\u00fa go bhfuil an cinneadh at\u00e1 d\u00e9anta againn m\u00edcheart, labhair le Riarth\u00f3ir n\u00f3 Bainisteoir an Ionaid T\u00e1st\u00e1la sula bhf\u00e1gann t\u00fa an t-ionad agus d\u00e9an iarratas go n-athmharc\u00e1lfar do th\u00e1st\u00e1il teoirice.<\/p><p>N\u00ed m\u00f3r duit an m\u00e9id seo a leanas a dh\u00e9anamh:<\/p><ul><li>Achomharc, i scr\u00edbhinn, laistigh de 10 l\u00e1 oibre \u00f3 do scr\u00fad\u00fa a dh\u00e9anamh<\/li><li>Seic\/ord\u00fa poist ar fi\u00fa \u20ac15.00 a chur ar f\u00e1il mar th\u00e1ille seirbh\u00edse<\/li><\/ul><p>Nuair a fhaighimid d'achomharc, athmharc\u00e1lfaimid do th\u00e1st\u00e1il teoirice agus cuirfimid an toradh in i\u00fal duit laistigh de 5 l\u00e1 oibre.<\/p><p>Is \u00ed \u00e1r bhFoireann Seirbh\u00eds\u00ed Iarrth\u00f3ir\u00ed a bheidh freagrach as athmharc\u00e1il a dh\u00e9anamh ar do th\u00e1st\u00e1il teoirice. M\u00e1 aims\u00edtear go raibh an mharc\u00e1il bhunaidh m\u00edcheart, d\u00e9anfaimid an m\u00e9id seo a leanas:<\/p><ul><li>Deimhni\u00fa nua T\u00e1st\u00e1la Teoirice Tiom\u00e1na a eisi\u00faint<\/li><li>An t\u00e1ille \u20ac15.00 a ais\u00edoc<\/li><\/ul>\t\t\t\t\t\t\t\t<\/div>\n\t\t\t\t<\/div>\n\t\t\t\t\t<\/div>\n\t\t<\/div>\n\t\t\t\t\t<\/div>\n\t\t<\/section>\n\t\t\t\t\t<\/div>\n\t\t<\/div>\n\t\t\t\t\t<\/div>\n\t\t<\/section>\n\t\t\t\t<\/div>","protected":false},"excerpt":{"rendered":"<p>T\u00e1 seirbh\u00eds T\u00e1st\u00e1la Teoirice Tiom\u00e1na Oifigi\u00fail mar chuid de phr\u00f3iseas cead\u00fanaithe agus t\u00e1st\u00e1la tiom\u00e1naithe an RSA, at\u00e1 deartha chun cabhr\u00fa le tiom\u00e1naithe nua agus tiom\u00e1naithe a bhfuil taith\u00ed acu araon a bheith ina n-\u00fas\u00e1ideoir\u00ed b\u00f3thair s\u00e1bh\u00e1ilte, c\u00fairt\u00e9iseacha agus eolasacha. Foghlaim faoin\u00e1r mBeartas, Caighde\u00e1in Seirbh\u00edse, aiseolas a thabhairt ar \u00e1r seirbh\u00eds agus do chinneadh T\u00e1st\u00e1la.<\/p>","protected":false},"author":1,"featured_media":0,"parent":3330,"menu_order":0,"comment_status":"closed","ping_status":"closed","template":"","meta":{"ocean_post_layout":"","ocean_both_sidebars_style":"","ocean_both_sidebars_content_width":0,"ocean_both_sidebars_sidebars_width":0,"ocean_sidebar":"0","ocean_second_sidebar":"0","ocean_disable_margins":"enable","ocean_add_body_class":"","ocean_shortcode_before_top_bar":"","ocean_shortcode_after_top_bar":"","ocean_shortcode_before_header":"","ocean_shortcode_after_header":"","ocean_has_shortcode":"","ocean_shortcode_after_title":"","ocean_shortcode_before_footer_widgets":"","ocean_shortcode_after_footer_widgets":"","ocean_shortcode_before_footer_bottom":"","ocean_shortcode_after_footer_bottom":"","ocean_display_top_bar":"default","ocean_display_header":"default","ocean_header_style":"","ocean_center_header_left_menu":"0","ocean_custom_header_template":"0","ocean_custom_logo":0,"ocean_custom_retina_logo":0,"ocean_custom_logo_max_width":0,"ocean_custom_logo_tablet_max_width":0,"ocean_custom_logo_mobile_max_width":0,"ocean_custom_logo_max_height":0,"ocean_custom_logo_tablet_max_height":0,"ocean_custom_logo_mobile_max_height":0,"ocean_header_custom_menu":"0","ocean_menu_typo_font_family":"0","ocean_menu_typo_font_subset":"","ocean_menu_typo_font_size":0,"ocean_menu_typo_font_size_tablet":0,"ocean_menu_typo_font_size_mobile":0,"ocean_menu_typo_font_size_unit":"px","ocean_menu_typo_font_weight":"","ocean_menu_typo_font_weight_tablet":"","ocean_menu_typo_font_weight_mobile":"","ocean_menu_typo_transform":"","ocean_menu_typo_transform_tablet":"","ocean_menu_typo_transform_mobile":"","ocean_menu_typo_line_height":0,"ocean_menu_typo_line_height_tablet":0,"ocean_menu_typo_line_height_mobile":0,"ocean_menu_typo_line_height_unit":"","ocean_menu_typo_spacing":0,"ocean_menu_typo_spacing_tablet":0,"ocean_menu_typo_spacing_mobile":0,"ocean_menu_typo_spacing_unit":"","ocean_menu_link_color":"","ocean_menu_link_color_hover":"","ocean_menu_link_color_active":"","ocean_menu_link_background":"","ocean_menu_link_hover_background":"","ocean_menu_link_active_background":"","ocean_menu_social_links_bg":"","ocean_menu_social_hover_links_bg":"","ocean_menu_social_links_color":"","ocean_menu_social_hover_links_color":"","ocean_disable_title":"default","ocean_disable_heading":"default","ocean_post_title":"","ocean_post_subheading":"","ocean_post_title_style":"","ocean_post_title_background_color":"","ocean_post_title_background":0,"ocean_post_title_bg_image_position":"","ocean_post_title_bg_image_attachment":"","ocean_post_title_bg_image_repeat":"","ocean_post_title_bg_image_size":"","ocean_post_title_height":0,"ocean_post_title_bg_overlay":0.5,"ocean_post_title_bg_overlay_color":"","ocean_disable_breadcrumbs":"default","ocean_breadcrumbs_color":"","ocean_breadcrumbs_separator_color":"","ocean_breadcrumbs_links_color":"","ocean_breadcrumbs_links_hover_color":"","ocean_display_footer_widgets":"default","ocean_display_footer_bottom":"default","ocean_custom_footer_template":"0","footnotes":""},"class_list":["post-3125","page","type-page","status-publish","hentry","entry"],"_links":{"self":[{"href":"https:\/\/theorytest.ie\/ga\/wp-json\/wp\/v2\/pages\/3125","targetHints":{"allow":["GET"]}}],"collection":[{"href":"https:\/\/theorytest.ie\/ga\/wp-json\/wp\/v2\/pages"}],"about":[{"href":"https:\/\/theorytest.ie\/ga\/wp-json\/wp\/v2\/types\/page"}],"author":[{"embeddable":true,"href":"https:\/\/theorytest.ie\/ga\/wp-json\/wp\/v2\/users\/1"}],"replies":[{"embeddable":true,"href":"https:\/\/theorytest.ie\/ga\/wp-json\/wp\/v2\/comments?post=3125"}],"version-history":[{"count":0,"href":"https:\/\/theorytest.ie\/ga\/wp-json\/wp\/v2\/pages\/3125\/revisions"}],"up":[{"embeddable":true,"href":"https:\/\/theorytest.ie\/ga\/wp-json\/wp\/v2\/pages\/3330"}],"wp:attachment":[{"href":"https:\/\/theorytest.ie\/ga\/wp-json\/wp\/v2\/media?parent=3125"}],"curies":[{"name":"wp","href":"https:\/\/api.w.org\/{rel}","templated":true}]}}