{"id":3271,"date":"2018-09-27T19:56:44","date_gmt":"2018-09-27T19:56:44","guid":{"rendered":"https:\/\/theorytest.ie\/?page_id=3271"},"modified":"2023-07-28T20:10:52","modified_gmt":"2023-07-28T20:10:52","slug":"esds-privacy-notice","status":"publish","type":"page","link":"https:\/\/theorytest.ie\/ga\/book-your-theory-test\/esds-emergency-services-driving-standard\/esds-privacy-notice\/","title":{"rendered":"F\u00f3gra Pr\u00edobh\u00e1ideachais ESDS"},"content":{"rendered":"<div data-elementor-type=\"wp-post\" data-elementor-id=\"3271\" class=\"elementor elementor-3271\" data-elementor-post-type=\"page\">\n\t\t\t\t\t\t<section class=\"elementor-section elementor-top-section elementor-element elementor-element-2d0cd9ca elementor-section-height-min-height elementor-section-boxed elementor-section-height-default elementor-section-items-middle\" data-id=\"2d0cd9ca\" data-element_type=\"section\" data-e-type=\"section\" data-settings=\"{&quot;background_background&quot;:&quot;classic&quot;}\">\n\t\t\t\t\t\t\t<div class=\"elementor-background-overlay\"><\/div>\n\t\t\t\t\t\t\t<div class=\"elementor-container elementor-column-gap-default\">\n\t\t\t\t\t<div class=\"elementor-column elementor-col-100 elementor-top-column elementor-element elementor-element-54139435\" data-id=\"54139435\" data-element_type=\"column\" data-e-type=\"column\">\n\t\t\t<div class=\"elementor-widget-wrap elementor-element-populated\">\n\t\t\t\t\t\t<section class=\"elementor-section elementor-inner-section elementor-element elementor-element-7aade9e3 elementor-section-boxed elementor-section-height-default elementor-section-height-default\" data-id=\"7aade9e3\" data-element_type=\"section\" data-e-type=\"section\">\n\t\t\t\t\t\t<div class=\"elementor-container elementor-column-gap-default\">\n\t\t\t\t\t<div class=\"elementor-column elementor-col-100 elementor-inner-column elementor-element elementor-element-7975783d\" data-id=\"7975783d\" data-element_type=\"column\" data-e-type=\"column\" data-settings=\"{&quot;background_background&quot;:&quot;classic&quot;}\">\n\t\t\t<div class=\"elementor-widget-wrap elementor-element-populated\">\n\t\t\t\t\t\t<div class=\"elementor-element elementor-element-8929b7f elementor-widget elementor-widget-heading\" data-id=\"8929b7f\" data-element_type=\"widget\" data-e-type=\"widget\" data-widget_type=\"heading.default\">\n\t\t\t\t<div class=\"elementor-widget-container\">\n\t\t\t\t\t<p class=\"elementor-heading-title elementor-size-default\">T\u00e1st\u00e1il Teoirice Tiom\u00e1na Oifigi\u00fail an RSA<\/p>\t\t\t\t<\/div>\n\t\t\t\t<\/div>\n\t\t\t\t<div class=\"elementor-element elementor-element-6e85b971 elementor-widget elementor-widget-heading\" data-id=\"6e85b971\" data-element_type=\"widget\" data-e-type=\"widget\" data-widget_type=\"heading.default\">\n\t\t\t\t<div class=\"elementor-widget-container\">\n\t\t\t\t\t<h1 class=\"elementor-heading-title elementor-size-default\">F\u00f3gra Pr\u00edobh\u00e1ideachais na T\u00e1st\u00e1la Teoirice ESDS<\/h1>\t\t\t\t<\/div>\n\t\t\t\t<\/div>\n\t\t\t\t\t<\/div>\n\t\t<\/div>\n\t\t\t\t\t<\/div>\n\t\t<\/section>\n\t\t\t\t\t<\/div>\n\t\t<\/div>\n\t\t\t\t\t<\/div>\n\t\t<\/section>\n\t\t\t\t<section class=\"elementor-section elementor-top-section elementor-element elementor-element-58cb4d43 elementor-section-boxed elementor-section-height-default elementor-section-height-default\" data-id=\"58cb4d43\" data-element_type=\"section\" data-e-type=\"section\" data-settings=\"{&quot;background_background&quot;:&quot;classic&quot;}\">\n\t\t\t\t\t\t<div class=\"elementor-container elementor-column-gap-default\">\n\t\t\t\t\t<div class=\"elementor-column elementor-col-100 elementor-top-column elementor-element elementor-element-26afea3\" data-id=\"26afea3\" data-element_type=\"column\" data-e-type=\"column\">\n\t\t\t<div class=\"elementor-widget-wrap elementor-element-populated\">\n\t\t\t\t\t\t<section class=\"elementor-section elementor-inner-section elementor-element elementor-element-3a8140bc elementor-section-boxed elementor-section-height-default elementor-section-height-default\" data-id=\"3a8140bc\" data-element_type=\"section\" data-e-type=\"section\">\n\t\t\t\t\t\t<div class=\"elementor-container elementor-column-gap-default\">\n\t\t\t\t\t<div class=\"elementor-column elementor-col-100 elementor-inner-column elementor-element elementor-element-67300e31\" data-id=\"67300e31\" data-element_type=\"column\" data-e-type=\"column\" data-settings=\"{&quot;background_background&quot;:&quot;classic&quot;}\">\n\t\t\t<div class=\"elementor-widget-wrap elementor-element-populated\">\n\t\t\t\t\t\t<div class=\"elementor-element elementor-element-424a12c1 elementor-widget elementor-widget-image\" data-id=\"424a12c1\" data-element_type=\"widget\" data-e-type=\"widget\" data-widget_type=\"image.default\">\n\t\t\t\t<div class=\"elementor-widget-container\">\n\t\t\t\t\t\t\t\t\t\t\t\t\t\t\t<img decoding=\"async\" src=\"https:\/\/theorytest.ie\/wp-content\/uploads\/elementor\/thumbs\/theory-test-ireland-esds-logo-p2rf6mbxiv56w9fxteazsn0pvlw085f3psnvpl3uqy.png\" title=\"theory-test-ireland-esds-logo\" alt=\"theory-test-ireland-esds-logo\" loading=\"lazy\" \/>\t\t\t\t\t\t\t\t\t\t\t\t\t\t\t<\/div>\n\t\t\t\t<\/div>\n\t\t\t\t\t<\/div>\n\t\t<\/div>\n\t\t\t\t\t<\/div>\n\t\t<\/section>\n\t\t\t\t<section class=\"elementor-section elementor-inner-section elementor-element elementor-element-7eebdeed elementor-section-boxed elementor-section-height-default elementor-section-height-default\" data-id=\"7eebdeed\" data-element_type=\"section\" data-e-type=\"section\">\n\t\t\t\t\t\t<div class=\"elementor-container elementor-column-gap-default\">\n\t\t\t\t\t<div class=\"elementor-column elementor-col-100 elementor-inner-column elementor-element elementor-element-44179436\" data-id=\"44179436\" data-element_type=\"column\" data-e-type=\"column\" data-settings=\"{&quot;background_background&quot;:&quot;classic&quot;}\">\n\t\t\t<div class=\"elementor-widget-wrap elementor-element-populated\">\n\t\t\t\t\t\t<div class=\"elementor-element elementor-element-2046b258 elementor-widget elementor-widget-breadcrumbs\" data-id=\"2046b258\" data-element_type=\"widget\" data-e-type=\"widget\" data-widget_type=\"breadcrumbs.default\">\n\t\t\t\t<div class=\"elementor-widget-container\">\n\t\t\t\t\t<p id=\"breadcrumbs\">\tT\u00e1 t\u00fa anseo:\n<span><span><a href=\"https:\/\/theorytest.ie\/ga\/\">Baile<\/a><\/span><\/span><\/p>\t\t\t\t<\/div>\n\t\t\t\t<\/div>\n\t\t\t\t<div class=\"elementor-element elementor-element-5929b508 elementor-widget elementor-widget-heading\" data-id=\"5929b508\" data-element_type=\"widget\" data-e-type=\"widget\" data-widget_type=\"heading.default\">\n\t\t\t\t<div class=\"elementor-widget-container\">\n\t\t\t\t\t<h2 class=\"elementor-heading-title elementor-size-default\">F\u00f3gra Pr\u00edobh\u00e1ideachais na T\u00e1st\u00e1la Teoirice ESDS<\/h2>\t\t\t\t<\/div>\n\t\t\t\t<\/div>\n\t\t\t\t\t<\/div>\n\t\t<\/div>\n\t\t\t\t\t<\/div>\n\t\t<\/section>\n\t\t\t\t<section class=\"elementor-section elementor-inner-section elementor-element elementor-element-378502ca elementor-section-boxed elementor-section-height-default elementor-section-height-default\" data-id=\"378502ca\" data-element_type=\"section\" data-e-type=\"section\">\n\t\t\t\t\t\t<div class=\"elementor-container elementor-column-gap-default\">\n\t\t\t\t\t<div class=\"elementor-column elementor-col-100 elementor-inner-column elementor-element elementor-element-672e1572\" data-id=\"672e1572\" data-element_type=\"column\" data-e-type=\"column\" data-settings=\"{&quot;background_background&quot;:&quot;classic&quot;}\">\n\t\t\t<div class=\"elementor-widget-wrap elementor-element-populated\">\n\t\t\t\t\t\t<div class=\"elementor-element elementor-element-6d4e0ec elementor-widget elementor-widget-text-editor\" data-id=\"6d4e0ec\" data-element_type=\"widget\" data-e-type=\"widget\" data-widget_type=\"text-editor.default\">\n\t\t\t\t<div class=\"elementor-widget-container\">\n\t\t\t\t\t\t\t\t\t<h3>F\u00f3gra Pr\u00edobh\u00e1ideachais Sonra\u00ed<\/h3><p>Tr\u00ed chlice\u00e1il ar an gcnaipe <strong>\u201cTugaim cead\u201d <\/strong>ag bun an leathanaigh seo, admha\u00edonn t\u00fa go dtuigeann t\u00fa agus go gcomhaonta\u00edonn t\u00fa le baili\u00fa agus le pr\u00f3ise\u00e1il faisn\u00e9is phearsanta a bhaineann leat mar a bhfuil cur s\u00edos d\u00e9anta air san Fh\u00f3gra seo ag Prometric Ireland a re\u00e1cht\u00e1lann Seirbh\u00eds T\u00e1st\u00e1la Teoirice an Chaighde\u00e1in Tiom\u00e1na Seirbh\u00eds\u00ed \u00c9igeand\u00e1la (ESDS) thar ceann an \u00dadar\u00e1is um <a href=\"http:\/\/www.rsa.ie\/\" target=\"_blank\" rel=\"noopener\">\u00dadar\u00e1is um Sh\u00e1bh\u00e1ilteacht ar Bh\u00f3ithre<\/a> (RSA).<\/p><p><strong>Mura dtuigeann t\u00fa n\u00f3 mura gcomhaonta\u00edonn t\u00fa lena bhfuil cur s\u00edos d\u00e9anta air san Fh\u00f3gra seo, n\u00ed fh\u00e9adfaidh t\u00fa lean\u00faint ar aghaidh leis an bpr\u00f3iseas sceidealaithe. D\u00e9an teagmh\u00e1il le Prometric (Ireland) sa ch\u00e1s seo.<\/strong><\/p><h3>Nochtadh &amp; Cead Pr\u00edobh\u00e1ideachais Sonra\u00ed Pearsanta<\/h3><p>Nuair a bh\u00edonn an T\u00e1st\u00e1il Teoirice ESDS \u00e1 re\u00e1cht\u00e1il ag Prometric (Ireland), glactar go d\u00e1ir\u00edre le cosaint do shonra\u00ed agus d'fhaisn\u00e9is phearsanta, agus d\u00e9antar cinnte de go dtuigeann t\u00fa conas agus c\u00e9n f\u00e1th a bhfuil do shonra\u00ed agus d'fhaisn\u00e9is \u00e1 bpr\u00f3ise\u00e1il.<\/p><p>Is \u00e9 an RSA rialaitheoir sonra\u00ed na sonra\u00ed pearsanta seo. N\u00ed dh\u00e9anann Prometric (Ireland), mar phr\u00f3ise\u00e1la\u00ed sonra\u00ed don RSA, ach do chuid faisn\u00e9ise pearsanta a phr\u00f3ise\u00e1il chun cr\u00edocha tusa a chl\u00e1r\u00fa agus a sceideal\u00fa do th\u00e1st\u00e1il, an t\u00e1st\u00e1il sin a riar, agus na tortha\u00ed a phr\u00f3ise\u00e1il.<\/p><p>N\u00ed \u00fas\u00e1idfidh Prometric (Ireland) n\u00f3 an RSA, ag tr\u00e1th ar bith, d'fhaisn\u00e9is phearsanta chun cr\u00edoch ar bith eile gan cead a fh\u00e1il uait. Cuirfear d'fhaisn\u00e9is phearsanta, tortha\u00ed do th\u00e1st\u00e1la san \u00e1ireamh, ar f\u00e1il don RSA chun cr\u00edocha sc\u00f3r, deimhni\u00fa, n\u00f3 leasanna eile a chur ar f\u00e1il duit nuair a bh\u00edonn iarratais ar chead\u00fanas tiom\u00e1na \u00e1 nd\u00e9anamh agat amach anseo.<\/p><p>F\u00e9adfaidh an RSA an fhaisn\u00e9is phearsanta seo a chur ar f\u00e1il do thr\u00ed\u00fa p\u00e1irtithe eile a chuireann seirbh\u00eds\u00ed ar f\u00e1il don RSA i nd\u00e1il le cead\u00fan\u00fa tiom\u00e1naithe.<\/p><p>F\u00e9adfaidh Prometric (Ireland) cuideachta\u00ed n\u00f3 daoine eile a fhost\u00fa chun feidhmeanna a dh\u00e9anamh ar a shon. \u00c9il\u00edtear ar \u00e1r bhfostaithe, gn\u00edomhair\u00ed agus conraitheoir\u00ed a bhfuil rochtain acu ar shonra\u00ed agus ar fhaisn\u00e9is phearsanta an fhaisn\u00e9is a chosaint ar shl\u00ed at\u00e1 comhsheasmhach le hoibleag\u00e1id\u00ed Prometric (Ireland) don RSA agus i gcomhr\u00e9ir leis an dl\u00ed is infheidhme agus lorga\u00edmid dearbhuithe \u00f3 thr\u00ed\u00fa p\u00e1irtithe den s\u00f3rt sin go mbeidh an leibh\u00e9al c\u00e9anna de chosaint pr\u00edobh\u00e1ideachais \u00e1 chur ar f\u00e1il acu mar at\u00e1 \u00e1 \u00e9ileamh ag Prometric (Ireland) agus a bhfuil Prometric (Ireland) ag clo\u00ed leis.<\/p><p>N\u00ed aistr\u00edmid faisn\u00e9is go dt\u00ed tr\u00ed\u00fa p\u00e1irtithe nach bhfuil baint acu le pr\u00f3ise\u00e1il sonra\u00ed chun cr\u00edocha na T\u00e1st\u00e1la Teoirice ESDS n\u00f3 Cead\u00fan\u00fa Tiom\u00e1naithe.<\/p><p>St\u00f3r\u00e1iltear na sonra\u00ed pearsanta uile a bhail\u00edtear san AE, agus coinn\u00edtear iad ar feadh tr\u00e9imhse dh\u00e1 bhliain de r\u00e9ir ceanglais dhl\u00edthi\u00fala agus chonarthacha.<\/p><p>Nuair at\u00e1 cead tugtha agat do shonra\u00ed pearsanta a phr\u00f3ise\u00e1il agus nuair at\u00e1 sonra\u00ed pearsanta curtha ar f\u00e1il agat, t\u00e1 na cearta agat chun rochtana, teorainn a chur le h\u00fas\u00e1id, n\u00f3 aon mh\u00edchruinneas a cheart\u00fa, n\u00f3 aon fhaisn\u00e9is phearsanta a bhaineann leatsa at\u00e1 in\u00e1r seilbh, thar ceann an RSA, a scriosadh tr\u00ed theagmh\u00e1il a <a href=\"https:\/\/www.prometric.com\/datasubjectrequests\" target=\"_blank\" rel=\"noopener\">dh\u00e9anamh le Prometric (Ireland)<\/a>. M\u00e1 sh\u00edleann t\u00fa nach bhfuiltear ag seasamh leis na cearta roimhe seo t\u00e1 an ceart agat gear\u00e1n a thaisceadh le h\u00fadar\u00e1s maoirseachta na h\u00c9ireann.<\/p><p>T\u00e1 baili\u00fa, aistri\u00fa, pr\u00f3ise\u00e1il, \u00fas\u00e1id agus st\u00f3r\u00e1il do chuid sonra\u00ed pearsanta riachtanach chun t\u00e1st\u00e1il a riar duit, agus n\u00ed f\u00e9idir le Prometric (Ireland) t\u00fa a chl\u00e1r\u00fa do th\u00e1st\u00e1il mura gcomhaonta\u00edonn t\u00fa le sonra\u00ed pearsanta a bheith \u00e1 mbaili\u00fa agus le faisn\u00e9is a bheith \u00e1 pr\u00f3ise\u00e1il ag Prometric (Ireland).<\/p><p>Beidh ort teagmh\u00e1il a dh\u00e9anamh le Prometric (Ireland) mura gcomhaonta\u00edonn t\u00fa le baili\u00fa, aistri\u00fa, pr\u00f3ise\u00e1il, \u00fas\u00e1id agus st\u00f3r\u00e1il do chuid sonra\u00ed pearsanta.<\/p><p>Admha\u00edm tr\u00ed \u201cTugaim cead\u201d a chlice\u00e1il th\u00edos go dtugaim cead sainr\u00e1ite do bhaili\u00fa agus do phr\u00f3ise\u00e1il mo shonra\u00ed pearsanta, mar a bhfuil cur s\u00edos d\u00e9anta air i bhF\u00f3gra Pr\u00edobh\u00e1ideachais Th\u00e1st\u00e1il Teoirice ESDS agus go bhfuil \u00e9ifeacht le cead den s\u00f3rt sin go dt\u00ed, agus ach amh\u00e1in sa ch\u00e1s, go nd\u00e9anaim an cead sin a tharraingt siar go dearfach. Tabhair faoi deara nach nd\u00e9anfaidh tarraingt siar ceada difear do dhl\u00edthi\u00falacht aon phr\u00f3ise\u00e1il a tharla roimh tharraingt siar den s\u00f3rt sin.<\/p>\t\t\t\t\t\t\t\t<\/div>\n\t\t\t\t<\/div>\n\t\t\t\t<div class=\"elementor-element elementor-element-2de78190 elementor-widget elementor-widget-heading\" data-id=\"2de78190\" data-element_type=\"widget\" data-e-type=\"widget\" data-widget_type=\"heading.default\">\n\t\t\t\t<div class=\"elementor-widget-container\">\n\t\t\t\t\t<h3 class=\"elementor-heading-title elementor-size-default\">An gceada\u00edonn t\u00fa baili\u00fa, pr\u00f3ise\u00e1il, \u00fas\u00e1id agus st\u00f3r\u00e1il do Shonra\u00ed agus d'Fhaisn\u00e9is Phearsanta?<\/h3>\t\t\t\t<\/div>\n\t\t\t\t<\/div>\n\t\t\t\t<div class=\"elementor-element elementor-element-613b6b59 elementor-align-left elementor-mobile-align-left elementor-widget elementor-widget-button\" data-id=\"613b6b59\" data-element_type=\"widget\" data-e-type=\"widget\" data-widget_type=\"button.default\">\n\t\t\t\t<div class=\"elementor-widget-container\">\n\t\t\t\t\t\t\t\t\t<div class=\"elementor-button-wrapper\">\n\t\t\t\t\t<a class=\"elementor-button elementor-button-link elementor-size-xl\" href=\"https:\/\/eu-proscheduler.prometric.com\/?prg=ESDS&#038;nopri=T&#038;path=schd&#038;cntry=irl\" target=\"_blank\">\n\t\t\t\t\t\t<span class=\"elementor-button-content-wrapper\">\n\t\t\t\t\t\t\t\t\t<span class=\"elementor-button-text\">Tugaim cead - deimhn\u00edm go bhfuil m\u00e9 16 mbliana d'aois ar a laghad, n\u00f3 gur tuismitheoir n\u00f3 caomhn\u00f3ir m\u00e9 den \u00e1bhar sonra\u00ed agus\/n\u00f3 iarrth\u00f3ir scr\u00fadaithe, agus go bhfuil m\u00e9 \u00fadaraithe chun an rogha ceada riachtanach th\u00edos a dh\u00e9anamh maidir le baili\u00fa agus pr\u00f3ise\u00e1il sonra\u00ed pearsanta<\/span>\n\t\t\t\t\t<\/span>\n\t\t\t\t\t<\/a>\n\t\t\t\t<\/div>\n\t\t\t\t\t\t\t\t<\/div>\n\t\t\t\t<\/div>\n\t\t\t\t<div class=\"elementor-element elementor-element-43c71b2b elementor-button-danger elementor-widget elementor-widget-button\" data-id=\"43c71b2b\" data-element_type=\"widget\" data-e-type=\"widget\" data-widget_type=\"button.default\">\n\t\t\t\t<div class=\"elementor-widget-container\">\n\t\t\t\t\t\t\t\t\t<div class=\"elementor-button-wrapper\">\n\t\t\t\t\t<a class=\"elementor-button elementor-button-link elementor-size-md\" href=\"https:\/\/theorytest.ie\/ga\/book-your-theory-test\/esds-emergency-services-driving-standard\/esds-privacy-notice-no-consent\/\">\n\t\t\t\t\t\t<span class=\"elementor-button-content-wrapper\">\n\t\t\t\t\t\t\t\t\t<span class=\"elementor-button-text\">N\u00ed thugaim cead<\/span>\n\t\t\t\t\t<\/span>\n\t\t\t\t\t<\/a>\n\t\t\t\t<\/div>\n\t\t\t\t\t\t\t\t<\/div>\n\t\t\t\t<\/div>\n\t\t\t\t\t<\/div>\n\t\t<\/div>\n\t\t\t\t\t<\/div>\n\t\t<\/section>\n\t\t\t\t\t<\/div>\n\t\t<\/div>\n\t\t\t\t\t<\/div>\n\t\t<\/section>\n\t\t\t\t<\/div>","protected":false},"excerpt":{"rendered":"<p>The official RSA Theory Test ESDS Theory Test Privacy Notice ESDS Theory Test Privacy Notice Data Privacy Notice By clicking the \u201cYes I consent\u201d button at the bottom of this page, you acknowledge that you understand and agree to the collection and processing of personal information relating to you as described in this Notice by [&hellip;]<\/p>\n","protected":false},"author":1,"featured_media":2623,"parent":3248,"menu_order":0,"comment_status":"closed","ping_status":"closed","template":"","meta":{"ocean_post_layout":"","ocean_both_sidebars_style":"","ocean_both_sidebars_content_width":0,"ocean_both_sidebars_sidebars_width":0,"ocean_sidebar":"0","ocean_second_sidebar":"0","ocean_disable_margins":"enable","ocean_add_body_class":"","ocean_shortcode_before_top_bar":"","ocean_shortcode_after_top_bar":"","ocean_shortcode_before_header":"","ocean_shortcode_after_header":"","ocean_has_shortcode":"","ocean_shortcode_after_title":"","ocean_shortcode_before_footer_widgets":"","ocean_shortcode_after_footer_widgets":"","ocean_shortcode_before_footer_bottom":"","ocean_shortcode_after_footer_bottom":"","ocean_display_top_bar":"default","ocean_display_header":"default","ocean_header_style":"","ocean_center_header_left_menu":"0","ocean_custom_header_template":"0","ocean_custom_logo":0,"ocean_custom_retina_logo":0,"ocean_custom_logo_max_width":0,"ocean_custom_logo_tablet_max_width":0,"ocean_custom_logo_mobile_max_width":0,"ocean_custom_logo_max_height":0,"ocean_custom_logo_tablet_max_height":0,"ocean_custom_logo_mobile_max_height":0,"ocean_header_custom_menu":"0","ocean_menu_typo_font_family":"0","ocean_menu_typo_font_subset":"","ocean_menu_typo_font_size":0,"ocean_menu_typo_font_size_tablet":0,"ocean_menu_typo_font_size_mobile":0,"ocean_menu_typo_font_size_unit":"px","ocean_menu_typo_font_weight":"","ocean_menu_typo_font_weight_tablet":"","ocean_menu_typo_font_weight_mobile":"","ocean_menu_typo_transform":"","ocean_menu_typo_transform_tablet":"","ocean_menu_typo_transform_mobile":"","ocean_menu_typo_line_height":0,"ocean_menu_typo_line_height_tablet":0,"ocean_menu_typo_line_height_mobile":0,"ocean_menu_typo_line_height_unit":"","ocean_menu_typo_spacing":0,"ocean_menu_typo_spacing_tablet":0,"ocean_menu_typo_spacing_mobile":0,"ocean_menu_typo_spacing_unit":"","ocean_menu_link_color":"","ocean_menu_link_color_hover":"","ocean_menu_link_color_active":"","ocean_menu_link_background":"","ocean_menu_link_hover_background":"","ocean_menu_link_active_background":"","ocean_menu_social_links_bg":"","ocean_menu_social_hover_links_bg":"","ocean_menu_social_links_color":"","ocean_menu_social_hover_links_color":"","ocean_disable_title":"default","ocean_disable_heading":"default","ocean_post_title":"","ocean_post_subheading":"","ocean_post_title_style":"","ocean_post_title_background_color":"","ocean_post_title_background":0,"ocean_post_title_bg_image_position":"","ocean_post_title_bg_image_attachment":"","ocean_post_title_bg_image_repeat":"","ocean_post_title_bg_image_size":"","ocean_post_title_height":0,"ocean_post_title_bg_overlay":0.5,"ocean_post_title_bg_overlay_color":"","ocean_disable_breadcrumbs":"default","ocean_breadcrumbs_color":"","ocean_breadcrumbs_separator_color":"","ocean_breadcrumbs_links_color":"","ocean_breadcrumbs_links_hover_color":"","ocean_display_footer_widgets":"default","ocean_display_footer_bottom":"default","ocean_custom_footer_template":"0","footnotes":""},"class_list":["post-3271","page","type-page","status-publish","has-post-thumbnail","hentry","entry","has-media"],"_links":{"self":[{"href":"https:\/\/theorytest.ie\/ga\/wp-json\/wp\/v2\/pages\/3271","targetHints":{"allow":["GET"]}}],"collection":[{"href":"https:\/\/theorytest.ie\/ga\/wp-json\/wp\/v2\/pages"}],"about":[{"href":"https:\/\/theorytest.ie\/ga\/wp-json\/wp\/v2\/types\/page"}],"author":[{"embeddable":true,"href":"https:\/\/theorytest.ie\/ga\/wp-json\/wp\/v2\/users\/1"}],"replies":[{"embeddable":true,"href":"https:\/\/theorytest.ie\/ga\/wp-json\/wp\/v2\/comments?post=3271"}],"version-history":[{"count":0,"href":"https:\/\/theorytest.ie\/ga\/wp-json\/wp\/v2\/pages\/3271\/revisions"}],"up":[{"embeddable":true,"href":"https:\/\/theorytest.ie\/ga\/wp-json\/wp\/v2\/pages\/3248"}],"wp:featuredmedia":[{"embeddable":true,"href":"https:\/\/theorytest.ie\/ga\/wp-json\/wp\/v2\/media\/2623"}],"wp:attachment":[{"href":"https:\/\/theorytest.ie\/ga\/wp-json\/wp\/v2\/media?parent=3271"}],"curies":[{"name":"wp","href":"https:\/\/api.w.org\/{rel}","templated":true}]}}