{"id":3426,"date":"2018-09-29T14:58:51","date_gmt":"2018-09-29T14:58:51","guid":{"rendered":"https:\/\/theorytest.ie\/?page_id=3426"},"modified":"2026-03-02T16:18:26","modified_gmt":"2026-03-02T16:18:26","slug":"latest-news","status":"publish","type":"page","link":"https:\/\/theorytest.ie\/ga\/general-information\/latest-news\/","title":{"rendered":"An Nuacht is D\u00e9ana\u00ed"},"content":{"rendered":"<div data-elementor-type=\"wp-post\" data-elementor-id=\"3426\" class=\"elementor elementor-3426\" data-elementor-post-type=\"page\">\n\t\t\t\t\t\t<section class=\"elementor-section elementor-top-section elementor-element elementor-element-38959890 elementor-section-height-min-height elementor-section-boxed elementor-section-height-default elementor-section-items-middle\" data-id=\"38959890\" data-element_type=\"section\" data-e-type=\"section\" data-settings=\"{&quot;background_background&quot;:&quot;classic&quot;}\">\n\t\t\t\t\t\t\t<div class=\"elementor-background-overlay\"><\/div>\n\t\t\t\t\t\t\t<div class=\"elementor-container elementor-column-gap-default\">\n\t\t\t\t\t<div class=\"elementor-column elementor-col-100 elementor-top-column elementor-element elementor-element-732e6db0\" data-id=\"732e6db0\" data-element_type=\"column\" data-e-type=\"column\">\n\t\t\t<div class=\"elementor-widget-wrap elementor-element-populated\">\n\t\t\t\t\t\t<section class=\"elementor-section elementor-inner-section elementor-element elementor-element-65044849 elementor-section-boxed elementor-section-height-default elementor-section-height-default\" data-id=\"65044849\" data-element_type=\"section\" data-e-type=\"section\">\n\t\t\t\t\t\t<div class=\"elementor-container elementor-column-gap-default\">\n\t\t\t\t\t<div class=\"elementor-column elementor-col-100 elementor-inner-column elementor-element elementor-element-233b41da\" data-id=\"233b41da\" data-element_type=\"column\" data-e-type=\"column\" data-settings=\"{&quot;background_background&quot;:&quot;classic&quot;}\">\n\t\t\t<div class=\"elementor-widget-wrap elementor-element-populated\">\n\t\t\t\t\t\t<div class=\"elementor-element elementor-element-48f24d5 elementor-widget elementor-widget-heading\" data-id=\"48f24d5\" data-element_type=\"widget\" data-e-type=\"widget\" data-widget_type=\"heading.default\">\n\t\t\t\t<div class=\"elementor-widget-container\">\n\t\t\t\t\t<p class=\"elementor-heading-title elementor-size-default\">T\u00e1st\u00e1il Teoirice Tiom\u00e1na Oifigi\u00fail an RSA<\/p>\t\t\t\t<\/div>\n\t\t\t\t<\/div>\n\t\t\t\t<div class=\"elementor-element elementor-element-58c3908c elementor-widget elementor-widget-heading\" data-id=\"58c3908c\" data-element_type=\"widget\" data-e-type=\"widget\" data-widget_type=\"heading.default\">\n\t\t\t\t<div class=\"elementor-widget-container\">\n\t\t\t\t\t<h1 class=\"elementor-heading-title elementor-size-default\">An Nuacht is D\u00e9ana\u00ed<\/h1>\t\t\t\t<\/div>\n\t\t\t\t<\/div>\n\t\t\t\t\t<\/div>\n\t\t<\/div>\n\t\t\t\t\t<\/div>\n\t\t<\/section>\n\t\t\t\t\t<\/div>\n\t\t<\/div>\n\t\t\t\t\t<\/div>\n\t\t<\/section>\n\t\t\t\t<section class=\"elementor-section elementor-top-section elementor-element elementor-element-74de7829 elementor-section-boxed elementor-section-height-default elementor-section-height-default\" data-id=\"74de7829\" data-element_type=\"section\" data-e-type=\"section\" data-settings=\"{&quot;background_background&quot;:&quot;classic&quot;}\">\n\t\t\t\t\t\t<div class=\"elementor-container elementor-column-gap-default\">\n\t\t\t\t\t<div class=\"elementor-column elementor-col-100 elementor-top-column elementor-element elementor-element-da11658\" data-id=\"da11658\" data-element_type=\"column\" data-e-type=\"column\">\n\t\t\t<div class=\"elementor-widget-wrap elementor-element-populated\">\n\t\t\t\t\t\t<section class=\"elementor-section elementor-inner-section elementor-element elementor-element-2d8dbd10 elementor-section-boxed elementor-section-height-default elementor-section-height-default\" data-id=\"2d8dbd10\" data-element_type=\"section\" data-e-type=\"section\">\n\t\t\t\t\t\t<div class=\"elementor-container elementor-column-gap-default\">\n\t\t\t\t\t<div class=\"elementor-column elementor-col-100 elementor-inner-column elementor-element elementor-element-5b3dc273\" data-id=\"5b3dc273\" data-element_type=\"column\" data-e-type=\"column\" data-settings=\"{&quot;background_background&quot;:&quot;classic&quot;}\">\n\t\t\t<div class=\"elementor-widget-wrap elementor-element-populated\">\n\t\t\t\t\t\t<div class=\"elementor-element elementor-element-59129f70 elementor-widget elementor-widget-breadcrumbs\" data-id=\"59129f70\" data-element_type=\"widget\" data-e-type=\"widget\" data-widget_type=\"breadcrumbs.default\">\n\t\t\t\t<div class=\"elementor-widget-container\">\n\t\t\t\t\t<p id=\"breadcrumbs\">\tT\u00e1 t\u00fa anseo:\n<span><span><a href=\"https:\/\/theorytest.ie\/ga\/\">Baile<\/a><\/span><\/span><\/p>\t\t\t\t<\/div>\n\t\t\t\t<\/div>\n\t\t\t\t\t<\/div>\n\t\t<\/div>\n\t\t\t\t\t<\/div>\n\t\t<\/section>\n\t\t\t\t<section class=\"elementor-section elementor-inner-section elementor-element elementor-element-1b8e48a4 elementor-section-boxed elementor-section-height-default elementor-section-height-default\" data-id=\"1b8e48a4\" data-element_type=\"section\" data-e-type=\"section\">\n\t\t\t\t\t\t<div class=\"elementor-container elementor-column-gap-default\">\n\t\t\t\t\t<div class=\"elementor-column elementor-col-100 elementor-inner-column elementor-element elementor-element-6b57cd61\" data-id=\"6b57cd61\" data-element_type=\"column\" data-e-type=\"column\" data-settings=\"{&quot;background_background&quot;:&quot;classic&quot;}\">\n\t\t\t<div class=\"elementor-widget-wrap elementor-element-populated\">\n\t\t\t\t\t\t<div class=\"elementor-element elementor-element-a02de39 elementor-grid-2 elementor-grid-tablet-2 elementor-grid-mobile-1 elementor-posts--thumbnail-top elementor-posts--show-avatar elementor-card-shadow-yes elementor-posts__hover-gradient elementor-widget elementor-widget-posts\" data-id=\"a02de39\" data-element_type=\"widget\" data-e-type=\"widget\" data-settings=\"{&quot;cards_columns&quot;:&quot;2&quot;,&quot;cards_columns_tablet&quot;:&quot;2&quot;,&quot;cards_columns_mobile&quot;:&quot;1&quot;,&quot;cards_row_gap&quot;:{&quot;unit&quot;:&quot;px&quot;,&quot;size&quot;:35,&quot;sizes&quot;:[]},&quot;cards_row_gap_tablet&quot;:{&quot;unit&quot;:&quot;px&quot;,&quot;size&quot;:&quot;&quot;,&quot;sizes&quot;:[]},&quot;cards_row_gap_mobile&quot;:{&quot;unit&quot;:&quot;px&quot;,&quot;size&quot;:&quot;&quot;,&quot;sizes&quot;:[]}}\" data-widget_type=\"posts.cards\">\n\t\t\t\t<div class=\"elementor-widget-container\">\n\t\t\t\t\t\t\t<div class=\"elementor-posts-container elementor-posts elementor-posts--skin-cards elementor-grid\" role=\"list\">\n\t\t\t\t<article class=\"elementor-post elementor-grid-item post-3011655 post type-post status-publish format-standard has-post-thumbnail hentry category-latest-news entry has-media\" role=\"listitem\">\n\t\t\t<div class=\"elementor-post__card\">\n\t\t\t\t<a class=\"elementor-post__thumbnail__link\" href=\"https:\/\/theorytest.ie\/ga\/rsa-shuttle-rolls-out-across-ireland-with-upgrades-after-year-end-refurbishment\/\" tabindex=\"-1\" ><div class=\"elementor-post__thumbnail\"><img fetchpriority=\"high\" decoding=\"async\" width=\"1200\" height=\"673\" src=\"https:\/\/theorytest.ie\/wp-content\/uploads\/theory-test-ie-rsa-shuttle.webp\" class=\"attachment-full size-full wp-image-3011664\" alt=\"\" srcset=\"https:\/\/theorytest.ie\/wp-content\/uploads\/theory-test-ie-rsa-shuttle.webp 1200w, https:\/\/theorytest.ie\/wp-content\/uploads\/theory-test-ie-rsa-shuttle-1024x574.webp 1024w, https:\/\/theorytest.ie\/wp-content\/uploads\/theory-test-ie-rsa-shuttle-768x431.webp 768w, https:\/\/theorytest.ie\/wp-content\/uploads\/theory-test-ie-rsa-shuttle-18x10.webp 18w, https:\/\/theorytest.ie\/wp-content\/uploads\/theory-test-ie-rsa-shuttle-800x450.webp 800w\" sizes=\"(max-width: 1200px) 100vw, 1200px\" \/><\/div><\/a>\n\t\t\t\t<div class=\"elementor-post__avatar\">\n\t\t\t\t\t<\/div>\n\t\t\t\t<div class=\"elementor-post__text\">\n\t\t\t\t<h3 class=\"elementor-post__title\">\n\t\t\t<a href=\"https:\/\/theorytest.ie\/ga\/rsa-shuttle-rolls-out-across-ireland-with-upgrades-after-year-end-refurbishment\/\" >\n\t\t\t\tRSA Shuttle Rolls Out Across Ireland With Upgrades After Year-End Refurbishment\t\t\t<\/a>\n\t\t<\/h3>\n\t\t\t\t<div class=\"elementor-post__excerpt\">\n\t\t\t<p>The Road Safety Authority\u2019s much-loved RSA Shuttle, a mobile interactive road-safety education unit, has begun a newly refreshed tour around the country following a comprehensive refurbishment completed at the end of 2025.<\/p>\n\t\t<\/div>\n\t\t\n\t\t<a class=\"elementor-post__read-more\" href=\"https:\/\/theorytest.ie\/ga\/rsa-shuttle-rolls-out-across-ireland-with-upgrades-after-year-end-refurbishment\/\" aria-label=\"Read more about RSA Shuttle Rolls Out Across Ireland With Upgrades After Year-End Refurbishment\" tabindex=\"-1\" >\n\t\t\tL\u00c9IGH TUILLEADH \u00bb\t\t<\/a>\n\n\t\t\t\t<\/div>\n\t\t\t\t<div class=\"elementor-post__meta-data\">\n\t\t\t\t\t<span class=\"elementor-post-date\">\n\t\t\tFebruary 26, 2026\t\t<\/span>\n\t\t\t\t<\/div>\n\t\t\t\t\t<\/div>\n\t\t<\/article>\n\t\t\t\t<article class=\"elementor-post elementor-grid-item post-2011389 post type-post status-publish format-standard has-post-thumbnail hentry category-uncategorized entry has-media\" role=\"listitem\">\n\t\t\t<div class=\"elementor-post__card\">\n\t\t\t\t<a class=\"elementor-post__thumbnail__link\" href=\"https:\/\/theorytest.ie\/ga\/driver-theory-test-bw-now-available-with-voiceover-in-21-languages\/\" tabindex=\"-1\" ><div class=\"elementor-post__thumbnail\"><img decoding=\"async\" width=\"1280\" height=\"853\" src=\"https:\/\/theorytest.ie\/wp-content\/uploads\/theory-test-ie-voiceover-languages.webp\" class=\"attachment-full size-full wp-image-2011392\" alt=\"\" srcset=\"https:\/\/theorytest.ie\/wp-content\/uploads\/theory-test-ie-voiceover-languages.webp 1280w, https:\/\/theorytest.ie\/wp-content\/uploads\/theory-test-ie-voiceover-languages-1024x682.webp 1024w, https:\/\/theorytest.ie\/wp-content\/uploads\/theory-test-ie-voiceover-languages-768x512.webp 768w, https:\/\/theorytest.ie\/wp-content\/uploads\/theory-test-ie-voiceover-languages-18x12.webp 18w\" sizes=\"(max-width: 1280px) 100vw, 1280px\" \/><\/div><\/a>\n\t\t\t\t<div class=\"elementor-post__avatar\">\n\t\t\t\t\t<\/div>\n\t\t\t\t<div class=\"elementor-post__text\">\n\t\t\t\t<h3 class=\"elementor-post__title\">\n\t\t\t<a href=\"https:\/\/theorytest.ie\/ga\/driver-theory-test-bw-now-available-with-voiceover-in-21-languages\/\" >\n\t\t\t\tDriver Theory Test (BW) Now Available With Voiceover in 21 Languages\t\t\t<\/a>\n\t\t<\/h3>\n\t\t\t\t<div class=\"elementor-post__excerpt\">\n\t\t\t<p>We are pleased to announce that the Driver Theory Test (BW) Cars, Tractors and Work Vehicles exam can now be taken with a voiceover in 21 different languages.<\/p>\n\t\t<\/div>\n\t\t\n\t\t<a class=\"elementor-post__read-more\" href=\"https:\/\/theorytest.ie\/ga\/driver-theory-test-bw-now-available-with-voiceover-in-21-languages\/\" aria-label=\"Read more about Driver Theory Test (BW) Now Available With Voiceover in 21 Languages\" tabindex=\"-1\" >\n\t\t\tL\u00c9IGH TUILLEADH \u00bb\t\t<\/a>\n\n\t\t\t\t<\/div>\n\t\t\t\t<div class=\"elementor-post__meta-data\">\n\t\t\t\t\t<span class=\"elementor-post-date\">\n\t\t\tDecember 1, 2025\t\t<\/span>\n\t\t\t\t<\/div>\n\t\t\t\t\t<\/div>\n\t\t<\/article>\n\t\t\t\t<article class=\"elementor-post elementor-grid-item post-2011351 post type-post status-publish format-standard has-post-thumbnail hentry category-2000032 category-latest-news entry has-media\" role=\"listitem\">\n\t\t\t<div class=\"elementor-post__card\">\n\t\t\t\t<a class=\"elementor-post__thumbnail__link\" href=\"https:\/\/theorytest.ie\/ga\/new-rules-for-learner-permit-holders\/\" tabindex=\"-1\" ><div class=\"elementor-post__thumbnail\"><img decoding=\"async\" width=\"1280\" height=\"853\" src=\"https:\/\/theorytest.ie\/wp-content\/uploads\/theory-test-ireland-new-rules-for-learner-permit-holders.webp\" class=\"attachment-full size-full wp-image-2011352\" alt=\"\" srcset=\"https:\/\/theorytest.ie\/wp-content\/uploads\/theory-test-ireland-new-rules-for-learner-permit-holders.webp 1280w, https:\/\/theorytest.ie\/wp-content\/uploads\/theory-test-ireland-new-rules-for-learner-permit-holders-1024x682.webp 1024w, https:\/\/theorytest.ie\/wp-content\/uploads\/theory-test-ireland-new-rules-for-learner-permit-holders-768x512.webp 768w, https:\/\/theorytest.ie\/wp-content\/uploads\/theory-test-ireland-new-rules-for-learner-permit-holders-18x12.webp 18w\" sizes=\"(max-width: 1280px) 100vw, 1280px\" \/><\/div><\/a>\n\t\t\t\t<div class=\"elementor-post__avatar\">\n\t\t\t\t\t<\/div>\n\t\t\t\t<div class=\"elementor-post__text\">\n\t\t\t\t<h3 class=\"elementor-post__title\">\n\t\t\t<a href=\"https:\/\/theorytest.ie\/ga\/new-rules-for-learner-permit-holders\/\" >\n\t\t\t\tNew Rules for Learner Permit Holders\t\t\t<\/a>\n\t\t<\/h3>\n\t\t\t\t<div class=\"elementor-post__excerpt\">\n\t\t\t<p>Important information regarding upcoming Learner Permit rule changes &#8211; from November 2026 you will need to take a Driver Theory Test again if any of these following points apply.<\/p>\n\t\t<\/div>\n\t\t\n\t\t<a class=\"elementor-post__read-more\" href=\"https:\/\/theorytest.ie\/ga\/new-rules-for-learner-permit-holders\/\" aria-label=\"Read more about New Rules for Learner Permit Holders\" tabindex=\"-1\" >\n\t\t\tL\u00c9IGH TUILLEADH \u00bb\t\t<\/a>\n\n\t\t\t\t<\/div>\n\t\t\t\t<div class=\"elementor-post__meta-data\">\n\t\t\t\t\t<span class=\"elementor-post-date\">\n\t\t\tNovember 14, 2025\t\t<\/span>\n\t\t\t\t<\/div>\n\t\t\t\t\t<\/div>\n\t\t<\/article>\n\t\t\t\t<article class=\"elementor-post elementor-grid-item post-2011289 post type-post status-publish format-standard has-post-thumbnail hentry category-2000032 category-latest-news entry has-media\" role=\"listitem\">\n\t\t\t<div class=\"elementor-post__card\">\n\t\t\t\t<a class=\"elementor-post__thumbnail__link\" href=\"https:\/\/theorytest.ie\/ga\/find-your-ideal-study-method-a-guide-to-driver-theory-test-revision-tools\/\" tabindex=\"-1\" ><div class=\"elementor-post__thumbnail\"><img loading=\"lazy\" decoding=\"async\" width=\"1280\" height=\"698\" src=\"https:\/\/theorytest.ie\/wp-content\/uploads\/Gemini_Generated_Image_9wvb339wvb339wvb.webp\" class=\"attachment-full size-full wp-image-2011231\" alt=\"\" srcset=\"https:\/\/theorytest.ie\/wp-content\/uploads\/Gemini_Generated_Image_9wvb339wvb339wvb.webp 1280w, https:\/\/theorytest.ie\/wp-content\/uploads\/Gemini_Generated_Image_9wvb339wvb339wvb-1024x558.webp 1024w, https:\/\/theorytest.ie\/wp-content\/uploads\/Gemini_Generated_Image_9wvb339wvb339wvb-768x419.webp 768w, https:\/\/theorytest.ie\/wp-content\/uploads\/Gemini_Generated_Image_9wvb339wvb339wvb-18x10.webp 18w\" sizes=\"(max-width: 1280px) 100vw, 1280px\" \/><\/div><\/a>\n\t\t\t\t<div class=\"elementor-post__avatar\">\n\t\t\t\t\t<\/div>\n\t\t\t\t<div class=\"elementor-post__text\">\n\t\t\t\t<h3 class=\"elementor-post__title\">\n\t\t\t<a href=\"https:\/\/theorytest.ie\/ga\/find-your-ideal-study-method-a-guide-to-driver-theory-test-revision-tools\/\" >\n\t\t\t\tFind Your Ideal Study Method: A Guide to Driver Theory Test Revision Tools\t\t\t<\/a>\n\t\t<\/h3>\n\t\t\t\t<div class=\"elementor-post__excerpt\">\n\t\t\t<p>Preparing for the Driver Theory Test is an important step towards becoming a safe and confident driver. Choosing the right study tools\u2014ones that match your learning style and fit your schedule\u2014can significantly improve your chances of success.<\/p>\n\t\t<\/div>\n\t\t\n\t\t<a class=\"elementor-post__read-more\" href=\"https:\/\/theorytest.ie\/ga\/find-your-ideal-study-method-a-guide-to-driver-theory-test-revision-tools\/\" aria-label=\"Read more about Find Your Ideal Study Method: A Guide to Driver Theory Test Revision Tools\" tabindex=\"-1\" >\n\t\t\tL\u00c9IGH TUILLEADH \u00bb\t\t<\/a>\n\n\t\t\t\t<\/div>\n\t\t\t\t<div class=\"elementor-post__meta-data\">\n\t\t\t\t\t<span class=\"elementor-post-date\">\n\t\t\tSeptember 19, 2025\t\t<\/span>\n\t\t\t\t<\/div>\n\t\t\t\t\t<\/div>\n\t\t<\/article>\n\t\t\t\t<article class=\"elementor-post elementor-grid-item post-2010912 post type-post status-publish format-standard has-post-thumbnail hentry category-2000032 category-latest-news entry has-media\" role=\"listitem\">\n\t\t\t<div class=\"elementor-post__card\">\n\t\t\t\t<a class=\"elementor-post__thumbnail__link\" href=\"https:\/\/theorytest.ie\/ga\/irish-sign-language-video-clips-now-available-in-dtt-learning-app-and-online-subscription\/\" tabindex=\"-1\" ><div class=\"elementor-post__thumbnail\"><img loading=\"lazy\" decoding=\"async\" width=\"1280\" height=\"815\" src=\"https:\/\/theorytest.ie\/wp-content\/uploads\/theory-test-ie-irish-sign-language-added-learning-app-online-subscription-.webp\" class=\"attachment-full size-full wp-image-2010915\" alt=\"\" srcset=\"https:\/\/theorytest.ie\/wp-content\/uploads\/theory-test-ie-irish-sign-language-added-learning-app-online-subscription-.webp 1280w, https:\/\/theorytest.ie\/wp-content\/uploads\/theory-test-ie-irish-sign-language-added-learning-app-online-subscription--1024x652.webp 1024w, https:\/\/theorytest.ie\/wp-content\/uploads\/theory-test-ie-irish-sign-language-added-learning-app-online-subscription--768x489.webp 768w, https:\/\/theorytest.ie\/wp-content\/uploads\/theory-test-ie-irish-sign-language-added-learning-app-online-subscription--18x12.webp 18w\" sizes=\"(max-width: 1280px) 100vw, 1280px\" \/><\/div><\/a>\n\t\t\t\t<div class=\"elementor-post__avatar\">\n\t\t\t\t\t<\/div>\n\t\t\t\t<div class=\"elementor-post__text\">\n\t\t\t\t<h3 class=\"elementor-post__title\">\n\t\t\t<a href=\"https:\/\/theorytest.ie\/ga\/irish-sign-language-video-clips-now-available-in-dtt-learning-app-and-online-subscription\/\" >\n\t\t\t\tGearrth\u00f3ga F\u00edse\u00e1in de Theanga Chomhartha\u00edochta na h\u00c9ireann ar f\u00e1il anois in Aip Foghlama DTT agus i S\u00ednti\u00fas Ar L\u00edne\t\t\t<\/a>\n\t\t<\/h3>\n\t\t\t\t<div class=\"elementor-post__excerpt\">\n\t\t\t<p>Chun feabhas breise a chur ar ard\u00e1in foghlama na T\u00e1st\u00e1la Teoirice Tiom\u00e1na, t\u00e1 gearrth\u00f3ga f\u00edse de Theanga Chomhartha\u00edochta na h\u00c9ireann curtha againn len\u00e1r Aip Foghlama DTT agus len\u00e1r s\u00ednti\u00fas ar l\u00edne anois. <\/p>\n\t\t<\/div>\n\t\t\n\t\t<a class=\"elementor-post__read-more\" href=\"https:\/\/theorytest.ie\/ga\/irish-sign-language-video-clips-now-available-in-dtt-learning-app-and-online-subscription\/\" aria-label=\"Read more about Irish Sign Language Video Clips now available in DTT Learning App and Online Subscription\" tabindex=\"-1\" >\n\t\t\tL\u00c9IGH TUILLEADH \u00bb\t\t<\/a>\n\n\t\t\t\t<\/div>\n\t\t\t\t<div class=\"elementor-post__meta-data\">\n\t\t\t\t\t<span class=\"elementor-post-date\">\n\t\t\t18 M\u00e1rta, 2025\t\t<\/span>\n\t\t\t\t<\/div>\n\t\t\t\t\t<\/div>\n\t\t<\/article>\n\t\t\t\t<article class=\"elementor-post elementor-grid-item post-2010753 post type-post status-publish format-standard has-post-thumbnail hentry category-2000032 category-latest-news entry has-media\" role=\"listitem\">\n\t\t\t<div class=\"elementor-post__card\">\n\t\t\t\t<a class=\"elementor-post__thumbnail__link\" href=\"https:\/\/theorytest.ie\/ga\/beware-of-fake-learning-apps-make-sure-you-are-learning-from-the-only-official-theory-test-app\/\" tabindex=\"-1\" ><div class=\"elementor-post__thumbnail\"><img loading=\"lazy\" decoding=\"async\" width=\"1280\" height=\"815\" src=\"https:\/\/theorytest.ie\/wp-content\/uploads\/theory-test-ie-official-learning-apps-hero.webp\" class=\"attachment-full size-full wp-image-2010842\" alt=\"\" srcset=\"https:\/\/theorytest.ie\/wp-content\/uploads\/theory-test-ie-official-learning-apps-hero.webp 1280w, https:\/\/theorytest.ie\/wp-content\/uploads\/theory-test-ie-official-learning-apps-hero-1024x652.webp 1024w, https:\/\/theorytest.ie\/wp-content\/uploads\/theory-test-ie-official-learning-apps-hero-768x489.webp 768w, https:\/\/theorytest.ie\/wp-content\/uploads\/theory-test-ie-official-learning-apps-hero-18x12.webp 18w\" sizes=\"(max-width: 1280px) 100vw, 1280px\" \/><\/div><\/a>\n\t\t\t\t<div class=\"elementor-post__avatar\">\n\t\t\t\t\t<\/div>\n\t\t\t\t<div class=\"elementor-post__text\">\n\t\t\t\t<h3 class=\"elementor-post__title\">\n\t\t\t<a href=\"https:\/\/theorytest.ie\/ga\/beware-of-fake-learning-apps-make-sure-you-are-learning-from-the-only-official-theory-test-app\/\" >\n\t\t\t\tB\u00ed c\u00faramach le haipeanna foghlama br\u00e9ige \u2013 d\u00e9an cinnte go bhfuil t\u00fa ag foghlaim \u00f3n t-aon Aip Oifigi\u00fail T\u00e1st\u00e1la Teoirice!\t\t\t<\/a>\n\t\t<\/h3>\n\t\t\t\t<div class=\"elementor-post__excerpt\">\n\t\t\t<p>N\u00ed f\u00e9idir an t-\u00e1bhar oifigi\u00fail athbhreithnithe ar an t\u00e1st\u00e1il teoirice tiom\u00e1na a cheannach ach tr\u00edd an siopa ar l\u00edne at\u00e1 againn. Tabhair faoi deara, le do thoil, m\u00e1 dh\u00e9anann t\u00fa athbhreithni\u00fa ag baint \u00fas\u00e1ide as \u00e1bhar athbhreithnithe neamhoifigi\u00fail, go bhfuil an baol ann nach n-\u00e9ireoidh leat sa scr\u00fad\u00fa mar nach ionann na ceisteanna agus na freagra\u00ed.<\/p>\n\t\t<\/div>\n\t\t\n\t\t<a class=\"elementor-post__read-more\" href=\"https:\/\/theorytest.ie\/ga\/beware-of-fake-learning-apps-make-sure-you-are-learning-from-the-only-official-theory-test-app\/\" aria-label=\"Read more about Beware of Fake Learning Apps &#8211; make sure you are learning from the only Official Theory Test App!\" tabindex=\"-1\" >\n\t\t\tL\u00c9IGH TUILLEADH \u00bb\t\t<\/a>\n\n\t\t\t\t<\/div>\n\t\t\t\t<div class=\"elementor-post__meta-data\">\n\t\t\t\t\t<span class=\"elementor-post-date\">\n\t\t\t12 Feabhra, 2025\t\t<\/span>\n\t\t\t\t<\/div>\n\t\t\t\t\t<\/div>\n\t\t<\/article>\n\t\t\t\t<\/div>\n\t\t\n\t\t\t\t\t\t<\/div>\n\t\t\t\t<\/div>\n\t\t\t\t\t<\/div>\n\t\t<\/div>\n\t\t\t\t\t<\/div>\n\t\t<\/section>\n\t\t\t\t\t<\/div>\n\t\t<\/div>\n\t\t\t\t\t<\/div>\n\t\t<\/section>\n\t\t\t\t<\/div>","protected":false},"excerpt":{"rendered":"<p>Nuashonruithe t\u00e1bhachtacha maidir len\u00e1r l\u00edonra Ionad T\u00e1st\u00e1la, riachtanais aitheantais, Covid-19, acmhainn\u00ed do fhoghlaimeoir\u00ed agus seirbh\u00eds\u00ed breise ar l\u00edne.<\/p>","protected":false},"author":1,"featured_media":2462,"parent":3330,"menu_order":0,"comment_status":"closed","ping_status":"closed","template":"","meta":{"ocean_post_layout":"","ocean_both_sidebars_style":"","ocean_both_sidebars_content_width":0,"ocean_both_sidebars_sidebars_width":0,"ocean_sidebar":"0","ocean_second_sidebar":"0","ocean_disable_margins":"enable","ocean_add_body_class":"","ocean_shortcode_before_top_bar":"","ocean_shortcode_after_top_bar":"","ocean_shortcode_before_header":"","ocean_shortcode_after_header":"","ocean_has_shortcode":"","ocean_shortcode_after_title":"","ocean_shortcode_before_footer_widgets":"","ocean_shortcode_after_footer_widgets":"","ocean_shortcode_before_footer_bottom":"","ocean_shortcode_after_footer_bottom":"","ocean_display_top_bar":"default","ocean_display_header":"default","ocean_header_style":"","ocean_center_header_left_menu":"0","ocean_custom_header_template":"0","ocean_custom_logo":0,"ocean_custom_retina_logo":0,"ocean_custom_logo_max_width":0,"ocean_custom_logo_tablet_max_width":0,"ocean_custom_logo_mobile_max_width":0,"ocean_custom_logo_max_height":0,"ocean_custom_logo_tablet_max_height":0,"ocean_custom_logo_mobile_max_height":0,"ocean_header_custom_menu":"0","ocean_menu_typo_font_family":"0","ocean_menu_typo_font_subset":"","ocean_menu_typo_font_size":0,"ocean_menu_typo_font_size_tablet":0,"ocean_menu_typo_font_size_mobile":0,"ocean_menu_typo_font_size_unit":"px","ocean_menu_typo_font_weight":"","ocean_menu_typo_font_weight_tablet":"","ocean_menu_typo_font_weight_mobile":"","ocean_menu_typo_transform":"","ocean_menu_typo_transform_tablet":"","ocean_menu_typo_transform_mobile":"","ocean_menu_typo_line_height":0,"ocean_menu_typo_line_height_tablet":0,"ocean_menu_typo_line_height_mobile":0,"ocean_menu_typo_line_height_unit":"","ocean_menu_typo_spacing":0,"ocean_menu_typo_spacing_tablet":0,"ocean_menu_typo_spacing_mobile":0,"ocean_menu_typo_spacing_unit":"","ocean_menu_link_color":"","ocean_menu_link_color_hover":"","ocean_menu_link_color_active":"","ocean_menu_link_background":"","ocean_menu_link_hover_background":"","ocean_menu_link_active_background":"","ocean_menu_social_links_bg":"","ocean_menu_social_hover_links_bg":"","ocean_menu_social_links_color":"","ocean_menu_social_hover_links_color":"","ocean_disable_title":"default","ocean_disable_heading":"default","ocean_post_title":"","ocean_post_subheading":"","ocean_post_title_style":"","ocean_post_title_background_color":"","ocean_post_title_background":0,"ocean_post_title_bg_image_position":"","ocean_post_title_bg_image_attachment":"","ocean_post_title_bg_image_repeat":"","ocean_post_title_bg_image_size":"","ocean_post_title_height":0,"ocean_post_title_bg_overlay":0.5,"ocean_post_title_bg_overlay_color":"","ocean_disable_breadcrumbs":"default","ocean_breadcrumbs_color":"","ocean_breadcrumbs_separator_color":"","ocean_breadcrumbs_links_color":"","ocean_breadcrumbs_links_hover_color":"","ocean_display_footer_widgets":"default","ocean_display_footer_bottom":"default","ocean_custom_footer_template":"0","footnotes":""},"class_list":["post-3426","page","type-page","status-publish","has-post-thumbnail","hentry","entry","has-media"],"_links":{"self":[{"href":"https:\/\/theorytest.ie\/ga\/wp-json\/wp\/v2\/pages\/3426","targetHints":{"allow":["GET"]}}],"collection":[{"href":"https:\/\/theorytest.ie\/ga\/wp-json\/wp\/v2\/pages"}],"about":[{"href":"https:\/\/theorytest.ie\/ga\/wp-json\/wp\/v2\/types\/page"}],"author":[{"embeddable":true,"href":"https:\/\/theorytest.ie\/ga\/wp-json\/wp\/v2\/users\/1"}],"replies":[{"embeddable":true,"href":"https:\/\/theorytest.ie\/ga\/wp-json\/wp\/v2\/comments?post=3426"}],"version-history":[{"count":6,"href":"https:\/\/theorytest.ie\/ga\/wp-json\/wp\/v2\/pages\/3426\/revisions"}],"predecessor-version":[{"id":3011706,"href":"https:\/\/theorytest.ie\/ga\/wp-json\/wp\/v2\/pages\/3426\/revisions\/3011706"}],"up":[{"embeddable":true,"href":"https:\/\/theorytest.ie\/ga\/wp-json\/wp\/v2\/pages\/3330"}],"wp:featuredmedia":[{"embeddable":true,"href":"https:\/\/theorytest.ie\/ga\/wp-json\/wp\/v2\/media\/2462"}],"wp:attachment":[{"href":"https:\/\/theorytest.ie\/ga\/wp-json\/wp\/v2\/media?parent=3426"}],"curies":[{"name":"wp","href":"https:\/\/api.w.org\/{rel}","templated":true}]}}