{"id":5170,"date":"2020-11-26T14:18:58","date_gmt":"2020-11-26T14:18:58","guid":{"rendered":"https:\/\/theorytest.ie\/?page_id=5170"},"modified":"2025-01-27T14:29:07","modified_gmt":"2025-01-27T14:29:07","slug":"cpc-local-test-centre","status":"publish","type":"page","link":"https:\/\/theorytest.ie\/ga\/book-your-theory-test\/cpc-driver-certificate-of-professional-competence\/cpc-local-test-centre\/","title":{"rendered":"CPC: Ionad T\u00e1st\u00e1la \u00c1iti\u00fail"},"content":{"rendered":"\t\t<div data-elementor-type=\"wp-page\" data-elementor-id=\"5170\" class=\"elementor elementor-5170\" data-elementor-post-type=\"page\">\n\t\t\t\t\t\t<section class=\"elementor-section elementor-top-section elementor-element elementor-element-7a9ad6f2 elementor-section-height-min-height elementor-section-boxed elementor-section-height-default elementor-section-items-middle\" data-id=\"7a9ad6f2\" data-element_type=\"section\" data-e-type=\"section\" data-settings=\"{&quot;background_background&quot;:&quot;classic&quot;}\">\n\t\t\t\t\t\t\t<div class=\"elementor-background-overlay\"><\/div>\n\t\t\t\t\t\t\t<div class=\"elementor-container elementor-column-gap-default\">\n\t\t\t\t\t<div class=\"elementor-column elementor-col-100 elementor-top-column elementor-element elementor-element-e76ee0\" data-id=\"e76ee0\" data-element_type=\"column\" data-e-type=\"column\">\n\t\t\t<div class=\"elementor-widget-wrap elementor-element-populated\">\n\t\t\t\t\t\t<section class=\"elementor-section elementor-inner-section elementor-element elementor-element-44e7c2a elementor-section-boxed elementor-section-height-default elementor-section-height-default\" data-id=\"44e7c2a\" data-element_type=\"section\" data-e-type=\"section\">\n\t\t\t\t\t\t<div class=\"elementor-container elementor-column-gap-default\">\n\t\t\t\t\t<div class=\"elementor-column elementor-col-100 elementor-inner-column elementor-element elementor-element-385bd9f1\" data-id=\"385bd9f1\" data-element_type=\"column\" data-e-type=\"column\" data-settings=\"{&quot;background_background&quot;:&quot;classic&quot;}\">\n\t\t\t<div class=\"elementor-widget-wrap elementor-element-populated\">\n\t\t\t\t\t\t<div class=\"elementor-element elementor-element-db63968 elementor-widget elementor-widget-heading\" data-id=\"db63968\" data-element_type=\"widget\" data-e-type=\"widget\" data-widget_type=\"heading.default\">\n\t\t\t\t<div class=\"elementor-widget-container\">\n\t\t\t\t\t<p class=\"elementor-heading-title elementor-size-default\">Take your Driver CPC Theory Test at a Test Centre<\/p>\t\t\t\t<\/div>\n\t\t\t\t<\/div>\n\t\t\t\t<div class=\"elementor-element elementor-element-43fde658 elementor-widget elementor-widget-heading\" data-id=\"43fde658\" data-element_type=\"widget\" data-e-type=\"widget\" data-widget_type=\"heading.default\">\n\t\t\t\t<div class=\"elementor-widget-container\">\n\t\t\t\t\t<h1 class=\"elementor-heading-title elementor-size-default\">Driver CPC Theory Test - Local Test Centre<\/h1>\t\t\t\t<\/div>\n\t\t\t\t<\/div>\n\t\t\t\t\t<\/div>\n\t\t<\/div>\n\t\t\t\t\t<\/div>\n\t\t<\/section>\n\t\t\t\t\t<\/div>\n\t\t<\/div>\n\t\t\t\t\t<\/div>\n\t\t<\/section>\n\t\t\t\t<section class=\"elementor-section elementor-top-section elementor-element elementor-element-7f3946e3 elementor-section-boxed elementor-section-height-default elementor-section-height-default\" data-id=\"7f3946e3\" data-element_type=\"section\" data-e-type=\"section\" data-settings=\"{&quot;background_background&quot;:&quot;classic&quot;}\">\n\t\t\t\t\t\t<div class=\"elementor-container elementor-column-gap-default\">\n\t\t\t\t\t<div class=\"elementor-column elementor-col-100 elementor-top-column elementor-element elementor-element-77da74e\" data-id=\"77da74e\" data-element_type=\"column\" data-e-type=\"column\">\n\t\t\t<div class=\"elementor-widget-wrap elementor-element-populated\">\n\t\t\t\t\t\t<section class=\"elementor-section elementor-inner-section elementor-element elementor-element-3e616d9d elementor-section-boxed elementor-section-height-default elementor-section-height-default\" data-id=\"3e616d9d\" data-element_type=\"section\" data-e-type=\"section\">\n\t\t\t\t\t\t<div class=\"elementor-container elementor-column-gap-default\">\n\t\t\t\t\t<div class=\"elementor-column elementor-col-100 elementor-inner-column elementor-element elementor-element-c95e4d8\" data-id=\"c95e4d8\" data-element_type=\"column\" data-e-type=\"column\" data-settings=\"{&quot;background_background&quot;:&quot;classic&quot;}\">\n\t\t\t<div class=\"elementor-widget-wrap elementor-element-populated\">\n\t\t\t\t\t\t<div class=\"elementor-element elementor-element-26568adb elementor-widget elementor-widget-image\" data-id=\"26568adb\" data-element_type=\"widget\" data-e-type=\"widget\" data-widget_type=\"image.default\">\n\t\t\t\t<div class=\"elementor-widget-container\">\n\t\t\t\t\t\t\t\t\t\t\t\t\t\t\t<img fetchpriority=\"high\" decoding=\"async\" width=\"400\" height=\"143\" src=\"https:\/\/theorytest.ie\/wp-content\/uploads\/theory-test-ireland-cpc-logo-400.png\" class=\"attachment-large size-large wp-image-2878\" alt=\"\" \/>\t\t\t\t\t\t\t\t\t\t\t\t\t\t\t<\/div>\n\t\t\t\t<\/div>\n\t\t\t\t\t<\/div>\n\t\t<\/div>\n\t\t\t\t\t<\/div>\n\t\t<\/section>\n\t\t\t\t<section class=\"elementor-section elementor-inner-section elementor-element elementor-element-26f22ac8 elementor-section-boxed elementor-section-height-default elementor-section-height-default\" data-id=\"26f22ac8\" data-element_type=\"section\" data-e-type=\"section\">\n\t\t\t\t\t\t<div class=\"elementor-container elementor-column-gap-default\">\n\t\t\t\t\t<div class=\"elementor-column elementor-col-100 elementor-inner-column elementor-element elementor-element-e10a2e0\" data-id=\"e10a2e0\" data-element_type=\"column\" data-e-type=\"column\" data-settings=\"{&quot;background_background&quot;:&quot;classic&quot;}\">\n\t\t\t<div class=\"elementor-widget-wrap elementor-element-populated\">\n\t\t\t\t\t\t<div class=\"elementor-element elementor-element-6a1fd21 elementor-widget elementor-widget-breadcrumbs\" data-id=\"6a1fd21\" data-element_type=\"widget\" data-e-type=\"widget\" data-widget_type=\"breadcrumbs.default\">\n\t\t\t\t<div class=\"elementor-widget-container\">\n\t\t\t\t\t<p id=\"breadcrumbs\">\tYou are here:\n<span><span><a href=\"https:\/\/theorytest.ie\/\">Home<\/a><\/span><\/span><\/p>\t\t\t\t<\/div>\n\t\t\t\t<\/div>\n\t\t\t\t<div class=\"elementor-element elementor-element-62b8376b elementor-widget elementor-widget-heading\" data-id=\"62b8376b\" data-element_type=\"widget\" data-e-type=\"widget\" data-widget_type=\"heading.default\">\n\t\t\t\t<div class=\"elementor-widget-container\">\n\t\t\t\t\t<h2 class=\"elementor-heading-title elementor-size-default\">Driver CPC Local Test Centre - Privacy Notice<\/h2>\t\t\t\t<\/div>\n\t\t\t\t<\/div>\n\t\t\t\t\t<\/div>\n\t\t<\/div>\n\t\t\t\t\t<\/div>\n\t\t<\/section>\n\t\t\t\t<section class=\"elementor-section elementor-inner-section elementor-element elementor-element-5f736e8 elementor-section-boxed elementor-section-height-default elementor-section-height-default\" data-id=\"5f736e8\" data-element_type=\"section\" data-e-type=\"section\">\n\t\t\t\t\t\t<div class=\"elementor-container elementor-column-gap-default\">\n\t\t\t\t\t<div class=\"elementor-column elementor-col-100 elementor-inner-column elementor-element elementor-element-16173d4b\" data-id=\"16173d4b\" data-element_type=\"column\" data-e-type=\"column\" data-settings=\"{&quot;background_background&quot;:&quot;classic&quot;}\">\n\t\t\t<div class=\"elementor-widget-wrap elementor-element-populated\">\n\t\t\t\t\t\t<div class=\"elementor-element elementor-element-4178d62f elementor-widget elementor-widget-text-editor\" data-id=\"4178d62f\" data-element_type=\"widget\" data-e-type=\"widget\" data-widget_type=\"text-editor.default\">\n\t\t\t\t<div class=\"elementor-widget-container\">\n\t\t\t\t\t\t\t\t\t<h3>Driver CPC Theory Test<\/h3><p>By submitting the <strong>\u201cYes I consent\u201d<\/strong> tick box at the bottom of this page, you acknowledge that you understand and agree to the collection and processing of personal information relating to you as described in this Notice by Prometric Ireland who deliver the Driver Theory Test Service on behalf of the <a href=\"http:\/\/www.rsa.ie\/\" target=\"_blank\" rel=\"noopener\">Road Safety Authority<\/a> (RSA).<\/p><p><strong>If you do not understand or agree to what is described in this Notice, you may not continue through the scheduling process, please contact Prometric (Ireland) in this instance.<\/strong><\/p><h3>Personal Data Privacy Disclosure &amp; Consent<\/h3><p>In the delivery of the Driver Theory Test Service by Prometric (Ireland), protection of your personal data and information, and making sure you understand how and why it is processed, is of paramount importance to us.<\/p><p>The RSA is the data controller of this personal data. As a data processor for the RSA, Prometric (Ireland) processes your personal information only for the purposes of registering and scheduling you for a test, administering that test, and processing the results.<\/p><p>At no time will your personal information be used by Prometric (Ireland) or the RSA for any other purpose without your permission. Your personal information, including your test results, will be provided to the RSA for the purposes of providing scores, certification, or other benefits to you in your future driving licence applications.<\/p><p>The RSA may provide this personal information to other third parties who provide services to the RSA in connection with driver licensing.<\/p><p>Prometric (Ireland) may employ other companies and individuals to perform functions on our behalf. Our employees, agents and contractors who have access to personal data and information are required to protect the information in a manner that is consistent with Prometric (Ireland)\u2019s obligations to the RSA and in compliance with applicable law and we seek assurances from such third parties that they will provide the same level of privacy protection as Prometric (Ireland) requires and adheres to.<\/p><p>We do not transfer information to third parties who are not involved in the processing of data for Driver Theory Test or Driver Licensing purposes.<\/p><p>All personal data collected is stored in the EU, and is retained for a period of two years per legal and contractual requirements.<\/p><p>Once you have consented to the processing of and provided personal data you have the rights to access, limit the use of, or correct any inaccuracies in,\u00a0or erasure of any personal information that we, on behalf of the RSA, hold relating to you by <a href=\"https:\/\/privacyportal.onetrust.com\/webform\/277bd15c-2350-4232-afb9-b4e515843724\/c4789399-c22c-44fc-bfcd-b078033180aa\" target=\"_blank\" rel=\"noopener\">contacting Prometric (Ireland)<\/a>.\u00a0If you feel the foregoing rights are not being upheld you have the right to lodge a complaint with the Irish supervisory authority.<\/p><ul><li>Please note as of 3rd September 2018, we will be capturing all candidates images at the point of check in when taking a Driver Theory Test.<\/li><li>This image is being collected on behalf of the RSA and will help to verify candidate identity, prevent candidate misrepresentation and to ensure the RSA testing program continues to deliver a high quality and secure service.<\/li><li>Please note all images are securely stored within our EU Datacentre and shared only with the RSA.<\/li><\/ul><p>The collection, transfer, processing, use and storage of your personal data is necessary to administer a test to you, and Prometric (Ireland) cannot register you for a test if you do not agree to the collection of personal data and information processing by Prometric (Ireland).<\/p><p>You will have to contact Prometric (Ireland) if you do not agree to the collection, transfer, processing, use and storage of your personal data.<\/p><p>I acknowledge that by clicking \u201cYes I consent\u201d in the booking form below that I am expressly consenting to the collection and processing of my personal data, as described in the Driver Theory Test Privacy Notice and that such consent is effective until and unless I affirmatively withdraw that consent. Please note that withdrawal of consent will not affect the lawfulness of any processing that occurred prior to such withdrawal.<\/p>\t\t\t\t\t\t\t\t<\/div>\n\t\t\t\t<\/div>\n\t\t\t\t\t<\/div>\n\t\t<\/div>\n\t\t\t\t\t<\/div>\n\t\t<\/section>\n\t\t\t\t<section class=\"elementor-section elementor-inner-section elementor-element elementor-element-ada3ecc elementor-section-boxed elementor-section-height-default elementor-section-height-default\" data-id=\"ada3ecc\" data-element_type=\"section\" data-e-type=\"section\">\n\t\t\t\t\t\t<div class=\"elementor-container elementor-column-gap-default\">\n\t\t\t\t\t<div class=\"elementor-column elementor-col-100 elementor-inner-column elementor-element elementor-element-d739bdb\" data-id=\"d739bdb\" data-element_type=\"column\" data-e-type=\"column\" data-settings=\"{&quot;background_background&quot;:&quot;classic&quot;}\">\n\t\t\t<div class=\"elementor-widget-wrap elementor-element-populated\">\n\t\t\t\t\t\t<div class=\"elementor-element elementor-element-7794f61 elementor-widget elementor-widget-heading\" data-id=\"7794f61\" data-element_type=\"widget\" data-e-type=\"widget\" data-widget_type=\"heading.default\">\n\t\t\t\t<div class=\"elementor-widget-container\">\n\t\t\t\t\t<h3 class=\"elementor-heading-title elementor-size-default\">Your Consent<\/h3>\t\t\t\t<\/div>\n\t\t\t\t<\/div>\n\t\t\t\t<div class=\"elementor-element elementor-element-a6018ca elementor-button-align-start elementor-widget elementor-widget-form\" data-id=\"a6018ca\" data-element_type=\"widget\" data-e-type=\"widget\" data-settings=\"{&quot;button_width&quot;:&quot;75&quot;,&quot;step_next_label&quot;:&quot;Next&quot;,&quot;step_previous_label&quot;:&quot;Previous&quot;,&quot;step_type&quot;:&quot;number_text&quot;,&quot;step_icon_shape&quot;:&quot;circle&quot;}\" data-widget_type=\"form.default\">\n\t\t\t\t<div class=\"elementor-widget-container\">\n\t\t\t\t\t\t\t<form class=\"elementor-form\" method=\"post\" name=\"New Form\" aria-label=\"New Form\">\n\t\t\t<input type=\"hidden\" name=\"post_id\" value=\"5170\"\/>\n\t\t\t<input type=\"hidden\" name=\"form_id\" value=\"a6018ca\"\/>\n\t\t\t<input type=\"hidden\" name=\"referer_title\" value=\"CPC: Local Test Centre &#8211; Theory Test\" \/>\n\n\t\t\t\t\t\t\t<input type=\"hidden\" name=\"queried_id\" value=\"5170\"\/>\n\t\t\t\n\t\t\t<div class=\"elementor-form-fields-wrapper elementor-labels-above\">\n\t\t\t\t\t\t\t\t<div class=\"elementor-field-type-html elementor-field-group elementor-column elementor-field-group-field_fdad136 elementor-col-100\">\n\t\t\t\t\t<br><strong>Do you consent to the collection, processing, use and storage of your Personal Data and Information?<\/strong>\t\t\t\t<\/div>\n\t\t\t\t\t\t\t\t<div class=\"elementor-field-type-acceptance elementor-field-group elementor-column elementor-field-group-field_a32b8de elementor-col-100 elementor-field-required\">\n\t\t\t\t\t\t\t<div class=\"elementor-field-subgroup\">\n\t\t\t<span class=\"elementor-field-option\">\n\t\t\t\t<input type=\"checkbox\" name=\"form_fields[field_a32b8de]\" id=\"form-field-field_a32b8de\" class=\"elementor-field elementor-size-sm  elementor-acceptance-field\" required=\"required\">\n\t\t\t\t<label for=\"form-field-field_a32b8de\">Yes I consent - I confirm I am at least 16 years of age, or that I am the parent or guardian of the data subject and\/or the exam candidate and that I am authorised to make the consent election required below regarding the collection and processing of personal data.<\/label>\t\t\t<\/span>\n\t\t<\/div>\n\t\t\t\t\t\t<\/div>\n\t\t\t\t\t\t\t\t<div class=\"elementor-field-type-html elementor-field-group elementor-column elementor-field-group-field_b80350b elementor-col-100\">\n\t\t\t\t\t \t\t\t\t<\/div>\n\t\t\t\t\t\t\t\t<div class=\"elementor-field-group elementor-column elementor-field-type-submit elementor-col-75 e-form__buttons\">\n\t\t\t\t\t<button class=\"elementor-button elementor-size-md\" type=\"submit\">\n\t\t\t\t\t\t<span class=\"elementor-button-content-wrapper\">\n\t\t\t\t\t\t\t\t\t\t\t\t\t\t\t<span class=\"elementor-button-icon\">\n\t\t\t\t\t\t\t\t\t<svg aria-hidden=\"true\" class=\"e-font-icon-svg e-far-arrow-alt-circle-right\" viewBox=\"0 0 512 512\" xmlns=\"http:\/\/www.w3.org\/2000\/svg\"><path d=\"M504 256C504 119 393 8 256 8S8 119 8 256s111 248 248 248 248-111 248-248zm-448 0c0-110.5 89.5-200 200-200s200 89.5 200 200-89.5 200-200 200S56 366.5 56 256zm72 20v-40c0-6.6 5.4-12 12-12h116v-67c0-10.7 12.9-16 20.5-8.5l99 99c4.7 4.7 4.7 12.3 0 17l-99 99c-7.6 7.6-20.5 2.2-20.5-8.5v-67H140c-6.6 0-12-5.4-12-12z\"><\/path><\/svg>\t\t\t\t\t\t\t\t\t\t\t\t\t\t\t\t\t<\/span>\n\t\t\t\t\t\t\t\t\t\t\t\t\t\t\t\t\t\t\t\t\t\t<span class=\"elementor-button-text\">Yes - I have read and understood the above requirements and am ready to book <\/span>\n\t\t\t\t\t\t\t\t\t\t\t\t\t<\/span>\n\t\t\t\t\t<\/button>\n\t\t\t\t<\/div>\n\t\t\t<\/div>\n\t\t<\/form>\n\t\t\t\t\t\t<\/div>\n\t\t\t\t<\/div>\n\t\t\t\t<div class=\"elementor-element elementor-element-563e6e67 elementor-button-danger elementor-widget elementor-widget-button\" data-id=\"563e6e67\" data-element_type=\"widget\" data-e-type=\"widget\" data-widget_type=\"button.default\">\n\t\t\t\t<div class=\"elementor-widget-container\">\n\t\t\t\t\t\t\t\t\t<div class=\"elementor-button-wrapper\">\n\t\t\t\t\t<a class=\"elementor-button elementor-button-link elementor-size-md\" href=\"https:\/\/theorytest.ie\/book-your-theory-test\/cpc-driver-certificate-of-professional-competence\/driver-cpc-theory-test-privacy-notice-no-consent\/\">\n\t\t\t\t\t\t<span class=\"elementor-button-content-wrapper\">\n\t\t\t\t\t\t\t\t\t<span class=\"elementor-button-text\">No - I do not consent<\/span>\n\t\t\t\t\t<\/span>\n\t\t\t\t\t<\/a>\n\t\t\t\t<\/div>\n\t\t\t\t\t\t\t\t<\/div>\n\t\t\t\t<\/div>\n\t\t\t\t\t<\/div>\n\t\t<\/div>\n\t\t\t\t\t<\/div>\n\t\t<\/section>\n\t\t\t\t\t<\/div>\n\t\t<\/div>\n\t\t\t\t\t<\/div>\n\t\t<\/section>\n\t\t\t\t<\/div>\n\t\t","protected":false},"excerpt":{"rendered":"<p>Take your Driver CPC Theory Test at a Test Centre Driver CPC Theory Test &#8211; Local Test Centre Driver CPC Local Test Centre &#8211; Privacy Notice Driver CPC Theory Test By submitting the \u201cYes I consent\u201d tick box at the bottom of this page, you acknowledge that you understand and agree to the collection and [&hellip;]<\/p>\n","protected":false},"author":2,"featured_media":2462,"parent":2855,"menu_order":0,"comment_status":"closed","ping_status":"closed","template":"","meta":{"ocean_post_layout":"","ocean_both_sidebars_style":"","ocean_both_sidebars_content_width":0,"ocean_both_sidebars_sidebars_width":0,"ocean_sidebar":"0","ocean_second_sidebar":"0","ocean_disable_margins":"enable","ocean_add_body_class":"","ocean_shortcode_before_top_bar":"","ocean_shortcode_after_top_bar":"","ocean_shortcode_before_header":"","ocean_shortcode_after_header":"","ocean_has_shortcode":"","ocean_shortcode_after_title":"","ocean_shortcode_before_footer_widgets":"","ocean_shortcode_after_footer_widgets":"","ocean_shortcode_before_footer_bottom":"","ocean_shortcode_after_footer_bottom":"","ocean_display_top_bar":"default","ocean_display_header":"default","ocean_header_style":"","ocean_center_header_left_menu":"0","ocean_custom_header_template":"0","ocean_custom_logo":0,"ocean_custom_retina_logo":0,"ocean_custom_logo_max_width":0,"ocean_custom_logo_tablet_max_width":0,"ocean_custom_logo_mobile_max_width":0,"ocean_custom_logo_max_height":0,"ocean_custom_logo_tablet_max_height":0,"ocean_custom_logo_mobile_max_height":0,"ocean_header_custom_menu":"0","ocean_menu_typo_font_family":"0","ocean_menu_typo_font_subset":"","ocean_menu_typo_font_size":0,"ocean_menu_typo_font_size_tablet":0,"ocean_menu_typo_font_size_mobile":0,"ocean_menu_typo_font_size_unit":"px","ocean_menu_typo_font_weight":"","ocean_menu_typo_font_weight_tablet":"","ocean_menu_typo_font_weight_mobile":"","ocean_menu_typo_transform":"","ocean_menu_typo_transform_tablet":"","ocean_menu_typo_transform_mobile":"","ocean_menu_typo_line_height":0,"ocean_menu_typo_line_height_tablet":0,"ocean_menu_typo_line_height_mobile":0,"ocean_menu_typo_line_height_unit":"","ocean_menu_typo_spacing":0,"ocean_menu_typo_spacing_tablet":0,"ocean_menu_typo_spacing_mobile":0,"ocean_menu_typo_spacing_unit":"","ocean_menu_link_color":"","ocean_menu_link_color_hover":"","ocean_menu_link_color_active":"","ocean_menu_link_background":"","ocean_menu_link_hover_background":"","ocean_menu_link_active_background":"","ocean_menu_social_links_bg":"","ocean_menu_social_hover_links_bg":"","ocean_menu_social_links_color":"","ocean_menu_social_hover_links_color":"","ocean_disable_title":"default","ocean_disable_heading":"default","ocean_post_title":"","ocean_post_subheading":"","ocean_post_title_style":"","ocean_post_title_background_color":"","ocean_post_title_background":0,"ocean_post_title_bg_image_position":"","ocean_post_title_bg_image_attachment":"","ocean_post_title_bg_image_repeat":"","ocean_post_title_bg_image_size":"","ocean_post_title_height":0,"ocean_post_title_bg_overlay":0.5,"ocean_post_title_bg_overlay_color":"","ocean_disable_breadcrumbs":"default","ocean_breadcrumbs_color":"","ocean_breadcrumbs_separator_color":"","ocean_breadcrumbs_links_color":"","ocean_breadcrumbs_links_hover_color":"","ocean_display_footer_widgets":"default","ocean_display_footer_bottom":"default","ocean_custom_footer_template":"0","footnotes":""},"class_list":["post-5170","page","type-page","status-publish","has-post-thumbnail","hentry","entry","has-media"],"_links":{"self":[{"href":"https:\/\/theorytest.ie\/ga\/wp-json\/wp\/v2\/pages\/5170","targetHints":{"allow":["GET"]}}],"collection":[{"href":"https:\/\/theorytest.ie\/ga\/wp-json\/wp\/v2\/pages"}],"about":[{"href":"https:\/\/theorytest.ie\/ga\/wp-json\/wp\/v2\/types\/page"}],"author":[{"embeddable":true,"href":"https:\/\/theorytest.ie\/ga\/wp-json\/wp\/v2\/users\/2"}],"replies":[{"embeddable":true,"href":"https:\/\/theorytest.ie\/ga\/wp-json\/wp\/v2\/comments?post=5170"}],"version-history":[{"count":0,"href":"https:\/\/theorytest.ie\/ga\/wp-json\/wp\/v2\/pages\/5170\/revisions"}],"up":[{"embeddable":true,"href":"https:\/\/theorytest.ie\/ga\/wp-json\/wp\/v2\/pages\/2855"}],"wp:featuredmedia":[{"embeddable":true,"href":"https:\/\/theorytest.ie\/ga\/wp-json\/wp\/v2\/media\/2462"}],"wp:attachment":[{"href":"https:\/\/theorytest.ie\/ga\/wp-json\/wp\/v2\/media?parent=5170"}],"curies":[{"name":"wp","href":"https:\/\/api.w.org\/{rel}","templated":true}]}}