{"id":5253,"date":"2020-11-26T20:19:22","date_gmt":"2020-11-26T20:19:22","guid":{"rendered":"https:\/\/theorytest.ie\/?page_id=5253"},"modified":"2020-12-04T20:42:00","modified_gmt":"2020-12-04T20:42:00","slug":"driver-theory-test-car-or-bike-privacy-notice","status":"publish","type":"page","link":"https:\/\/theorytest.ie\/ga\/book-your-theory-test\/driver-theory-test-car-or-bike-privacy-notice\/","title":{"rendered":"Driver Theory Test: Car or Bike &#8211; Privacy Notice"},"content":{"rendered":"<div data-elementor-type=\"wp-post\" data-elementor-id=\"5253\" class=\"elementor elementor-5253\" data-elementor-post-type=\"page\">\n\t\t\t\t\t\t<section class=\"elementor-section elementor-top-section elementor-element elementor-element-7331bc51 elementor-section-height-min-height elementor-section-boxed elementor-section-height-default elementor-section-items-middle\" data-id=\"7331bc51\" data-element_type=\"section\" data-e-type=\"section\" data-settings=\"{&quot;background_background&quot;:&quot;classic&quot;}\">\n\t\t\t\t\t\t\t<div class=\"elementor-background-overlay\"><\/div>\n\t\t\t\t\t\t\t<div class=\"elementor-container elementor-column-gap-default\">\n\t\t\t\t\t<div class=\"elementor-column elementor-col-100 elementor-top-column elementor-element elementor-element-7013f339\" data-id=\"7013f339\" data-element_type=\"column\" data-e-type=\"column\">\n\t\t\t<div class=\"elementor-widget-wrap elementor-element-populated\">\n\t\t\t\t\t\t<section class=\"elementor-section elementor-inner-section elementor-element elementor-element-329daa50 elementor-section-boxed elementor-section-height-default elementor-section-height-default\" data-id=\"329daa50\" data-element_type=\"section\" data-e-type=\"section\">\n\t\t\t\t\t\t<div class=\"elementor-container elementor-column-gap-default\">\n\t\t\t\t\t<div class=\"elementor-column elementor-col-100 elementor-inner-column elementor-element elementor-element-2d22fbc8\" data-id=\"2d22fbc8\" data-element_type=\"column\" data-e-type=\"column\" data-settings=\"{&quot;background_background&quot;:&quot;classic&quot;}\">\n\t\t\t<div class=\"elementor-widget-wrap elementor-element-populated\">\n\t\t\t\t\t\t<div class=\"elementor-element elementor-element-62782986 elementor-widget elementor-widget-heading\" data-id=\"62782986\" data-element_type=\"widget\" data-e-type=\"widget\" data-widget_type=\"heading.default\">\n\t\t\t\t<div class=\"elementor-widget-container\">\n\t\t\t\t\t<p class=\"elementor-heading-title elementor-size-default\">DO PHR\u00cdOBH\u00c1IDEACHAS AGUS SONRA\u00cd<\/p>\t\t\t\t<\/div>\n\t\t\t\t<\/div>\n\t\t\t\t<div class=\"elementor-element elementor-element-69c716bf elementor-widget elementor-widget-heading\" data-id=\"69c716bf\" data-element_type=\"widget\" data-e-type=\"widget\" data-widget_type=\"heading.default\">\n\t\t\t\t<div class=\"elementor-widget-container\">\n\t\t\t\t\t<h1 class=\"elementor-heading-title elementor-size-default\">Driver Theory Test: Car or Bike - <br>Privacy Notice<\/h1>\t\t\t\t<\/div>\n\t\t\t\t<\/div>\n\t\t\t\t\t<\/div>\n\t\t<\/div>\n\t\t\t\t\t<\/div>\n\t\t<\/section>\n\t\t\t\t\t<\/div>\n\t\t<\/div>\n\t\t\t\t\t<\/div>\n\t\t<\/section>\n\t\t\t\t<section class=\"elementor-section elementor-top-section elementor-element elementor-element-2d46d43c elementor-section-boxed elementor-section-height-default elementor-section-height-default\" data-id=\"2d46d43c\" data-element_type=\"section\" data-e-type=\"section\" data-settings=\"{&quot;background_background&quot;:&quot;classic&quot;}\">\n\t\t\t\t\t\t<div class=\"elementor-container elementor-column-gap-default\">\n\t\t\t\t\t<div class=\"elementor-column elementor-col-100 elementor-top-column elementor-element elementor-element-77161c1b\" data-id=\"77161c1b\" data-element_type=\"column\" data-e-type=\"column\">\n\t\t\t<div class=\"elementor-widget-wrap elementor-element-populated\">\n\t\t\t\t\t\t<section class=\"elementor-section elementor-inner-section elementor-element elementor-element-204cae8 elementor-hidden-phone elementor-section-boxed elementor-section-height-default elementor-section-height-default\" data-id=\"204cae8\" data-element_type=\"section\" data-e-type=\"section\">\n\t\t\t\t\t\t<div class=\"elementor-container elementor-column-gap-default\">\n\t\t\t\t\t<div class=\"elementor-column elementor-col-100 elementor-inner-column elementor-element elementor-element-50ec2efb\" data-id=\"50ec2efb\" data-element_type=\"column\" data-e-type=\"column\" data-settings=\"{&quot;background_background&quot;:&quot;classic&quot;}\">\n\t\t\t<div class=\"elementor-widget-wrap elementor-element-populated\">\n\t\t\t\t\t\t<div class=\"elementor-element elementor-element-2ddecaf9 elementor-widget elementor-widget-image\" data-id=\"2ddecaf9\" data-element_type=\"widget\" data-e-type=\"widget\" data-widget_type=\"image.default\">\n\t\t\t\t<div class=\"elementor-widget-container\">\n\t\t\t\t\t\t\t\t\t\t\t\t\t\t\t<img decoding=\"async\" width=\"230\" height=\"120\" src=\"https:\/\/theorytest.ie\/wp-content\/uploads\/theory-test-ireland-official-logo-dtt.png\" class=\"attachment-large size-large wp-image-2407\" alt=\"\" srcset=\"https:\/\/theorytest.ie\/wp-content\/uploads\/theory-test-ireland-official-logo-dtt.png 230w, https:\/\/theorytest.ie\/wp-content\/uploads\/theory-test-ireland-official-logo-dtt-150x78.png 150w\" sizes=\"(max-width: 230px) 100vw, 230px\" \/>\t\t\t\t\t\t\t\t\t\t\t\t\t\t\t<\/div>\n\t\t\t\t<\/div>\n\t\t\t\t\t<\/div>\n\t\t<\/div>\n\t\t\t\t\t<\/div>\n\t\t<\/section>\n\t\t\t\t<section class=\"elementor-section elementor-inner-section elementor-element elementor-element-54be1280 elementor-section-boxed elementor-section-height-default elementor-section-height-default\" data-id=\"54be1280\" data-element_type=\"section\" data-e-type=\"section\">\n\t\t\t\t\t\t<div class=\"elementor-container elementor-column-gap-default\">\n\t\t\t\t\t<div class=\"elementor-column elementor-col-100 elementor-inner-column elementor-element elementor-element-78851a0\" data-id=\"78851a0\" data-element_type=\"column\" data-e-type=\"column\" data-settings=\"{&quot;background_background&quot;:&quot;classic&quot;}\">\n\t\t\t<div class=\"elementor-widget-wrap elementor-element-populated\">\n\t\t\t\t\t\t<div class=\"elementor-element elementor-element-34eea30 elementor-widget elementor-widget-breadcrumbs\" data-id=\"34eea30\" data-element_type=\"widget\" data-e-type=\"widget\" data-widget_type=\"breadcrumbs.default\">\n\t\t\t\t<div class=\"elementor-widget-container\">\n\t\t\t\t\t<p id=\"breadcrumbs\">\tT\u00e1 t\u00fa anseo:\n<span><span><a href=\"https:\/\/theorytest.ie\/ga\/\">Baile<\/a><\/span><\/span><\/p>\t\t\t\t<\/div>\n\t\t\t\t<\/div>\n\t\t\t\t<div class=\"elementor-element elementor-element-42b5358 elementor-widget elementor-widget-heading\" data-id=\"42b5358\" data-element_type=\"widget\" data-e-type=\"widget\" data-widget_type=\"heading.default\">\n\t\t\t\t<div class=\"elementor-widget-container\">\n\t\t\t\t\t<h2 class=\"elementor-heading-title elementor-size-default\">Driver Theory Test: Car or Bike - Privacy Notice<\/h2>\t\t\t\t<\/div>\n\t\t\t\t<\/div>\n\t\t\t\t\t<\/div>\n\t\t<\/div>\n\t\t\t\t\t<\/div>\n\t\t<\/section>\n\t\t\t\t<section class=\"elementor-section elementor-inner-section elementor-element elementor-element-4e765060 elementor-section-boxed elementor-section-height-default elementor-section-height-default\" data-id=\"4e765060\" data-element_type=\"section\" data-e-type=\"section\">\n\t\t\t\t\t\t<div class=\"elementor-container elementor-column-gap-default\">\n\t\t\t\t\t<div class=\"elementor-column elementor-col-100 elementor-inner-column elementor-element elementor-element-12503d52\" data-id=\"12503d52\" data-element_type=\"column\" data-e-type=\"column\" data-settings=\"{&quot;background_background&quot;:&quot;classic&quot;}\">\n\t\t\t<div class=\"elementor-widget-wrap elementor-element-populated\">\n\t\t\t\t\t\t<div class=\"elementor-element elementor-element-5c71779c elementor-widget elementor-widget-text-editor\" data-id=\"5c71779c\" data-element_type=\"widget\" data-e-type=\"widget\" data-widget_type=\"text-editor.default\">\n\t\t\t\t<div class=\"elementor-widget-container\">\n\t\t\t\t\t\t\t\t\t<h3>F\u00f3gra Pr\u00edobh\u00e1ideachais Sonra\u00ed<\/h3><p>Tr\u00ed chlice\u00e1il ar an gcnaipe <strong>\u201cTugaim cead\u201d <\/strong>ag bun an leathanaigh seo, admha\u00edonn t\u00fa go dtuigeann t\u00fa agus go gcomhaonta\u00edonn t\u00fa le baili\u00fa agus pr\u00f3ise\u00e1il faisn\u00e9is phearsanta a bhaineann leat mar a bhfuil cur s\u00edos d\u00e9anta air san Fh\u00f3gra seo ag Prometric Ireland a re\u00e1cht\u00e1lann Seirbh\u00eds na T\u00e1st\u00e1la Teoirice Tiom\u00e1na thar ceann an <a href=\"http:\/\/www.rsa.ie\/\" target=\"_blank\" rel=\"noopener\">\u00dadar\u00e1is um Sh\u00e1bh\u00e1ilteacht ar Bh\u00f3ithre<\/a> (RSA).<\/p><p><strong>Mura dtuigeann t\u00fa n\u00f3 mura gcomhaonta\u00edonn t\u00fa lena bhfuil cur s\u00edos d\u00e9anta air san Fh\u00f3gra seo, n\u00ed fh\u00e9adfaidh t\u00fa lean\u00faint ar aghaidh leis an bpr\u00f3iseas sceidealaithe. D\u00e9an teagmh\u00e1il le Prometric (Ireland) sa ch\u00e1s seo.<\/strong><\/p><h3>Nochtadh &amp; Cead Pr\u00edobh\u00e1ideachais Sonra\u00ed Pearsanta<\/h3><p>Nuair a bh\u00edonn Seirbh\u00eds na T\u00e1st\u00e1la Teoirice Tiom\u00e1na \u00e1 re\u00e1cht\u00e1il ag Prometric (Ireland), glactar go d\u00e1ir\u00edre le cosaint do shonra\u00ed agus d'fhaisn\u00e9is phearsanta, agus d\u00e9antar cinnte de go dtuigeann t\u00fa conas agus c\u00e9n f\u00e1th a bhfuil do shonra\u00ed agus d'fhaisn\u00e9is \u00e1 bpr\u00f3ise\u00e1il.<\/p><p>Is \u00e9 an RSA rialaitheoir sonra\u00ed na sonra\u00ed pearsanta seo. N\u00ed dh\u00e9anann Prometric (Ireland), mar phr\u00f3ise\u00e1la\u00ed sonra\u00ed don RSA, ach do chuid faisn\u00e9ise pearsanta a phr\u00f3ise\u00e1il chun cr\u00edocha tusa a chl\u00e1r\u00fa agus a sceideal\u00fa do th\u00e1st\u00e1il, an t\u00e1st\u00e1il sin a riar, agus na tortha\u00ed a phr\u00f3ise\u00e1il.<\/p><p>N\u00ed \u00fas\u00e1idfidh Prometric (Ireland) n\u00f3 an RSA, ag tr\u00e1th ar bith, d'fhaisn\u00e9is phearsanta chun cr\u00edoch ar bith eile gan cead a fh\u00e1il uait. Cuirfear d'fhaisn\u00e9is phearsanta, tortha\u00ed do th\u00e1st\u00e1la san \u00e1ireamh, ar f\u00e1il don RSA chun cr\u00edocha sc\u00f3r, deimhni\u00fa, n\u00f3 leasanna eile a chur ar f\u00e1il duit nuair a bh\u00edonn iarratais ar chead\u00fanas tiom\u00e1na \u00e1 nd\u00e9anamh agat amach anseo.<\/p><p>F\u00e9adfaidh an RSA an fhaisn\u00e9is phearsanta seo a chur ar f\u00e1il do thr\u00ed\u00fa p\u00e1irtithe eile a chuireann seirbh\u00eds\u00ed ar f\u00e1il don RSA i nd\u00e1il le cead\u00fan\u00fa tiom\u00e1naithe.<\/p><p>F\u00e9adfaidh Prometric (Ireland) cuideachta\u00ed n\u00f3 daoine eile a fhost\u00fa chun feidhmeanna a dh\u00e9anamh ar a shon. \u00c9il\u00edtear ar \u00e1r bhfostaithe, gn\u00edomhair\u00ed agus conraitheoir\u00ed a bhfuil rochtain acu ar shonra\u00ed agus ar fhaisn\u00e9is phearsanta an fhaisn\u00e9is a chosaint ar shl\u00ed at\u00e1 comhsheasmhach le hoibleag\u00e1id\u00ed Prometric (Ireland) don RSA agus i gcomhr\u00e9ir leis an dl\u00ed is infheidhme agus lorga\u00edmid dearbhuithe \u00f3 thr\u00ed\u00fa p\u00e1irtithe den s\u00f3rt sin go mbeidh an leibh\u00e9al c\u00e9anna de chosaint pr\u00edobh\u00e1ideachais \u00e1 chur ar f\u00e1il acu mar at\u00e1 \u00e1 \u00e9ileamh ag Prometric (Ireland) agus a bhfuil Prometric (Ireland) ag clo\u00ed leis.<\/p><p>N\u00ed aistr\u00edmid faisn\u00e9is go dt\u00ed tr\u00ed\u00fa p\u00e1irtithe nach bhfuil baint acu le pr\u00f3ise\u00e1il sonra\u00ed chun cr\u00edocha na T\u00e1st\u00e1la Teoirice Tiom\u00e1na n\u00f3 Cead\u00fan\u00fa Tiom\u00e1naithe.<\/p><p>St\u00f3r\u00e1iltear na sonra\u00ed pearsanta ar fad a bhail\u00edtear san AE laistigh d\u00e1r n-ionad sonra\u00ed sl\u00e1n at\u00e1 suite i mBaile \u00c1tha Cliath, agus coime\u00e1dtar na sonra\u00ed ar feadh tr\u00e9imhse dh\u00e1 bhliain de r\u00e9ir riachtanais dl\u00ed agus chonarthacha.<\/p><p>Nuair at\u00e1 cead tugtha agat do shonra\u00ed pearsanta a phr\u00f3ise\u00e1il agus nuair at\u00e1 sonra\u00ed pearsanta curtha ar f\u00e1il agat, t\u00e1 na cearta agat chun rochtana, teorainn a chur le h\u00fas\u00e1id, n\u00f3 aon mh\u00edchruinneas a cheart\u00fa, n\u00f3 aon fhaisn\u00e9is phearsanta a bhaineann leatsa at\u00e1 in\u00e1r seilbh, thar ceann an RSA, a scriosadh tr\u00ed theagmh\u00e1il a <a href=\"https:\/\/www.prometric.com\/datasubjectrequests\" target=\"_blank\" rel=\"noopener\">dh\u00e9anamh le Prometric (Ireland)<\/a>. M\u00e1 sh\u00edleann t\u00fa nach bhfuiltear ag seasamh leis na cearta roimhe seo t\u00e1 an ceart agat gear\u00e1n a thaisceadh le h\u00fadar\u00e1s maoirseachta na h\u00c9ireann.<\/p><ul><li>Tabhair faoi deara, amhail \u00f3n 3 Me\u00e1n F\u00f3mhair 2018, go mbeidh \u00edomh\u00e1nna de na hiarrth\u00f3ir\u00ed ar fad \u00e1 ngabh\u00e1il againn ag an bpointe seice\u00e1la isteach nuair a bh\u00edonn T\u00e1st\u00e1il Teoirice Tiom\u00e1na \u00e1 d\u00e9anamh.<\/li><li>T\u00e1 an \u00edomh\u00e1 seo \u00e1 baili\u00fa thar ceann an RSA agus cabhr\u00f3idh s\u00ed chun aitheantas iarrth\u00f3ra a fh\u00edor\u00fa, m\u00edfhaisn\u00e9is iarrth\u00f3ra a chosc agus a chinnti\u00fa go leanann cl\u00e1r t\u00e1st\u00e1la an RSA le seirbh\u00eds at\u00e1 ar ardchaighde\u00e1n agus sl\u00e1n a chur ar f\u00e1il.<\/li><li>Tabhair faoi deara go bhfuil gach \u00edomh\u00e1 \u00e1 st\u00f3r\u00e1il go sl\u00e1n laistigh d\u00e1r nIonad Sonra\u00ed AE agus nach bhfuil na h\u00edomh\u00e1nna \u00e1 gcomhroinnt ach leis an RSA.<\/li><\/ul><p>T\u00e1 baili\u00fa, aistri\u00fa, pr\u00f3ise\u00e1il, \u00fas\u00e1id agus st\u00f3r\u00e1il do chuid sonra\u00ed pearsanta riachtanach chun t\u00e1st\u00e1il a riar duit, agus n\u00ed f\u00e9idir le Prometric (Ireland) t\u00fa a chl\u00e1r\u00fa do th\u00e1st\u00e1il mura gcomhaonta\u00edonn t\u00fa le sonra\u00ed pearsanta a bheith \u00e1 mbaili\u00fa agus le faisn\u00e9is a bheith \u00e1 pr\u00f3ise\u00e1il ag Prometric (Ireland).<\/p><p>Beidh ort teagmh\u00e1il a dh\u00e9anamh le Prometric (Ireland) mura gcomhaonta\u00edonn t\u00fa le baili\u00fa, aistri\u00fa, pr\u00f3ise\u00e1il, \u00fas\u00e1id agus st\u00f3r\u00e1il do chuid sonra\u00ed pearsanta.<\/p><p>I acknowledge that by clicking \u201cYes I consent\u201d below that I am expressly consenting to the collection and processing of my personal data, as described in the Driver Theory Test Privacy Notice and that such consent is effective until and unless I affirmatively withdraw that consent. Please note that withdrawal of consent will not affect the lawfulness of any processing that occurred prior to such withdrawal.<\/p>\t\t\t\t\t\t\t\t<\/div>\n\t\t\t\t<\/div>\n\t\t\t\t<div class=\"elementor-element elementor-element-d0e1125 elementor-widget elementor-widget-heading\" data-id=\"d0e1125\" data-element_type=\"widget\" data-e-type=\"widget\" data-widget_type=\"heading.default\">\n\t\t\t\t<div class=\"elementor-widget-container\">\n\t\t\t\t\t<h3 class=\"elementor-heading-title elementor-size-default\">An gceada\u00edonn t\u00fa baili\u00fa, pr\u00f3ise\u00e1il, \u00fas\u00e1id agus st\u00f3r\u00e1il do Shonra\u00ed agus d'Fhaisn\u00e9is Phearsanta?<\/h3>\t\t\t\t<\/div>\n\t\t\t\t<\/div>\n\t\t\t\t<div class=\"elementor-element elementor-element-62b54db elementor-widget elementor-widget-text-editor\" data-id=\"62b54db\" data-element_type=\"widget\" data-e-type=\"widget\" data-widget_type=\"text-editor.default\">\n\t\t\t\t<div class=\"elementor-widget-container\">\n\t\t\t\t\t\t\t\t\t<p>I confirm I am at least 16 years of age, or that I am the parent or guardian of the data subject and\/or the exam candidate and that I am authorised to make the consent election required below regarding the collection and processing of personal data.<\/p>\t\t\t\t\t\t\t\t<\/div>\n\t\t\t\t<\/div>\n\t\t\t\t<div class=\"elementor-element elementor-element-7b582d5d elementor-align-left elementor-mobile-align-left elementor-widget elementor-widget-button\" data-id=\"7b582d5d\" data-element_type=\"widget\" data-e-type=\"widget\" data-widget_type=\"button.default\">\n\t\t\t\t<div class=\"elementor-widget-container\">\n\t\t\t\t\t\t\t\t\t<div class=\"elementor-button-wrapper\">\n\t\t\t\t\t<a class=\"elementor-button elementor-button-link elementor-size-xl\" href=\"https:\/\/eu-proscheduler.prometric.com\/?prg=DTT&#038;nopri=T&#038;path=schd&#038;cntry=irl\" target=\"_blank\">\n\t\t\t\t\t\t<span class=\"elementor-button-content-wrapper\">\n\t\t\t\t\t\t\t\t\t<span class=\"elementor-button-text\">Yes I consent<\/span>\n\t\t\t\t\t<\/span>\n\t\t\t\t\t<\/a>\n\t\t\t\t<\/div>\n\t\t\t\t\t\t\t\t<\/div>\n\t\t\t\t<\/div>\n\t\t\t\t<div class=\"elementor-element elementor-element-532ff2a elementor-button-danger elementor-widget elementor-widget-button\" data-id=\"532ff2a\" data-element_type=\"widget\" data-e-type=\"widget\" data-widget_type=\"button.default\">\n\t\t\t\t<div class=\"elementor-widget-container\">\n\t\t\t\t\t\t\t\t\t<div class=\"elementor-button-wrapper\">\n\t\t\t\t\t<a class=\"elementor-button elementor-button-link elementor-size-md\" href=\"https:\/\/theorytest.ie\/ga\/book-your-theory-test\/driver-theory-test-privacy-notice-no-consent\/\">\n\t\t\t\t\t\t<span class=\"elementor-button-content-wrapper\">\n\t\t\t\t\t\t\t\t\t<span class=\"elementor-button-text\">N\u00ed thugaim cead<\/span>\n\t\t\t\t\t<\/span>\n\t\t\t\t\t<\/a>\n\t\t\t\t<\/div>\n\t\t\t\t\t\t\t\t<\/div>\n\t\t\t\t<\/div>\n\t\t\t\t\t<\/div>\n\t\t<\/div>\n\t\t\t\t\t<\/div>\n\t\t<\/section>\n\t\t\t\t\t<\/div>\n\t\t<\/div>\n\t\t\t\t\t<\/div>\n\t\t<\/section>\n\t\t\t\t<\/div>","protected":false},"excerpt":{"rendered":"<p>Your privacy and data Driver Theory Test: Car or Bike &#8211; Privacy Notice Driver Theory Test: Car or Bike &#8211; Privacy Notice Data Privacy Notice By clicking the \u201cYes I consent\u201d button at the bottom of this page, you acknowledge that you understand and agree to the collection and processing of personal information relating to [&hellip;]<\/p>\n","protected":false},"author":2,"featured_media":2462,"parent":2535,"menu_order":0,"comment_status":"closed","ping_status":"closed","template":"","meta":{"ocean_post_layout":"","ocean_both_sidebars_style":"","ocean_both_sidebars_content_width":0,"ocean_both_sidebars_sidebars_width":0,"ocean_sidebar":"0","ocean_second_sidebar":"0","ocean_disable_margins":"enable","ocean_add_body_class":"","ocean_shortcode_before_top_bar":"","ocean_shortcode_after_top_bar":"","ocean_shortcode_before_header":"","ocean_shortcode_after_header":"","ocean_has_shortcode":"","ocean_shortcode_after_title":"","ocean_shortcode_before_footer_widgets":"","ocean_shortcode_after_footer_widgets":"","ocean_shortcode_before_footer_bottom":"","ocean_shortcode_after_footer_bottom":"","ocean_display_top_bar":"default","ocean_display_header":"default","ocean_header_style":"","ocean_center_header_left_menu":"0","ocean_custom_header_template":"0","ocean_custom_logo":2407,"ocean_custom_retina_logo":0,"ocean_custom_logo_max_width":0,"ocean_custom_logo_tablet_max_width":0,"ocean_custom_logo_mobile_max_width":0,"ocean_custom_logo_max_height":0,"ocean_custom_logo_tablet_max_height":0,"ocean_custom_logo_mobile_max_height":0,"ocean_header_custom_menu":"0","ocean_menu_typo_font_family":"0","ocean_menu_typo_font_subset":"","ocean_menu_typo_font_size":0,"ocean_menu_typo_font_size_tablet":0,"ocean_menu_typo_font_size_mobile":0,"ocean_menu_typo_font_size_unit":"px","ocean_menu_typo_font_weight":"","ocean_menu_typo_font_weight_tablet":"","ocean_menu_typo_font_weight_mobile":"","ocean_menu_typo_transform":"","ocean_menu_typo_transform_tablet":"","ocean_menu_typo_transform_mobile":"","ocean_menu_typo_line_height":0,"ocean_menu_typo_line_height_tablet":0,"ocean_menu_typo_line_height_mobile":0,"ocean_menu_typo_line_height_unit":"","ocean_menu_typo_spacing":0,"ocean_menu_typo_spacing_tablet":0,"ocean_menu_typo_spacing_mobile":0,"ocean_menu_typo_spacing_unit":"","ocean_menu_link_color":"","ocean_menu_link_color_hover":"","ocean_menu_link_color_active":"","ocean_menu_link_background":"","ocean_menu_link_hover_background":"","ocean_menu_link_active_background":"","ocean_menu_social_links_bg":"","ocean_menu_social_hover_links_bg":"","ocean_menu_social_links_color":"","ocean_menu_social_hover_links_color":"","ocean_disable_title":"default","ocean_disable_heading":"default","ocean_post_title":"","ocean_post_subheading":"","ocean_post_title_style":"","ocean_post_title_background_color":"","ocean_post_title_background":0,"ocean_post_title_bg_image_position":"","ocean_post_title_bg_image_attachment":"","ocean_post_title_bg_image_repeat":"","ocean_post_title_bg_image_size":"","ocean_post_title_height":0,"ocean_post_title_bg_overlay":0.5,"ocean_post_title_bg_overlay_color":"","ocean_disable_breadcrumbs":"default","ocean_breadcrumbs_color":"","ocean_breadcrumbs_separator_color":"","ocean_breadcrumbs_links_color":"","ocean_breadcrumbs_links_hover_color":"","ocean_display_footer_widgets":"default","ocean_display_footer_bottom":"default","ocean_custom_footer_template":"0","footnotes":""},"class_list":["post-5253","page","type-page","status-publish","has-post-thumbnail","hentry","entry","has-media"],"_links":{"self":[{"href":"https:\/\/theorytest.ie\/ga\/wp-json\/wp\/v2\/pages\/5253","targetHints":{"allow":["GET"]}}],"collection":[{"href":"https:\/\/theorytest.ie\/ga\/wp-json\/wp\/v2\/pages"}],"about":[{"href":"https:\/\/theorytest.ie\/ga\/wp-json\/wp\/v2\/types\/page"}],"author":[{"embeddable":true,"href":"https:\/\/theorytest.ie\/ga\/wp-json\/wp\/v2\/users\/2"}],"replies":[{"embeddable":true,"href":"https:\/\/theorytest.ie\/ga\/wp-json\/wp\/v2\/comments?post=5253"}],"version-history":[{"count":0,"href":"https:\/\/theorytest.ie\/ga\/wp-json\/wp\/v2\/pages\/5253\/revisions"}],"up":[{"embeddable":true,"href":"https:\/\/theorytest.ie\/ga\/wp-json\/wp\/v2\/pages\/2535"}],"wp:featuredmedia":[{"embeddable":true,"href":"https:\/\/theorytest.ie\/ga\/wp-json\/wp\/v2\/media\/2462"}],"wp:attachment":[{"href":"https:\/\/theorytest.ie\/ga\/wp-json\/wp\/v2\/media?parent=5253"}],"curies":[{"name":"wp","href":"https:\/\/api.w.org\/{rel}","templated":true}]}}